{"id":29736,"date":"2023-10-24T19:36:11","date_gmt":"2023-10-24T19:36:11","guid":{"rendered":"https:\/\/www.saralinatacado.com.br\/loja\/?post_type=product&#038;p=29736"},"modified":"2023-10-24T19:36:12","modified_gmt":"2023-10-24T19:36:12","slug":"calculadora-digital-12-digitos-a-pilha-gb54460-mbtech","status":"publish","type":"product","link":"https:\/\/www.saralinatacado.com.br\/loja\/produto\/calculadora-digital-12-digitos-a-pilha-gb54460-mbtech\/","title":{"rendered":"CALCULADORA DIGITAL 12 DIGITOS A PILHA GB54460 MBTECH"},"content":{"rendered":"<p>Calculadora Digital 12 Digitos A Pilha<\/p>\n<p>&nbsp;<\/p>\n<p>Calculadora Grande 12 d\u00edgitos a Pilha Eletr\u00f4nica MBTECH Esta calculadora (MB54460) MBtech, a marca que conquistou o mercado, facilita o seu dia a dia em casa, no trabalho e na faculdade. F\u00e1ceis de usar e pr\u00e1tica para levar em qualquer lugar. Precisas e seguras, as calculadoras est\u00e3o desenhadas para donas de casa, estudantes e profissionais. De f\u00e1cil uso e desenhada para adaptar-se aos seus desafios. A calculadora oferece opera\u00e7\u00f5es de adi\u00e7\u00e3o, subtra\u00e7\u00e3o, multiplica\u00e7\u00e3o, divis\u00e3o, c\u00e1lculos com uma constante, ra\u00edz quadrada, porcentagem, c\u00e1lculos de pot\u00eancia, c\u00e1lculos de express\u00e3o num\u00e9rica e c\u00e1lculos usando a mem\u00f3ria.<\/p>\n<p>Especifica\u00e7\u00f5es -Exibi\u00e7\u00e3o num\u00e9rica grande -Teclas de pl\u00e1stico -12 d\u00edgitos -Calculadora eletr\u00f4nica -Energizada por uma pilha AA<\/p>\n<p>&nbsp;<\/p>\n<p>REFER\u00caNCIA: 4460<\/p>\n<p>DESCRI\u00c7\u00c3O: CALCULADORA ELETR\u00d4NICA<\/p>\n<p>LCD \u2013 12 D\u00cdGITOS<\/p>\n<p>FUNCIONAMENTO: PILHA<\/p>\n","protected":false},"excerpt":{"rendered":"<p>Calculadora Digital 12 Digitos A Pilha &nbsp; Calculadora Grande 12 d\u00edgitos a Pilha Eletr\u00f4nica MBTECH Esta calculadora (MB54460) MBtech, a marca que conquistou o mercado, facilita o seu dia a dia em casa, no trabalho e na faculdade. F\u00e1ceis de usar e pr\u00e1tica para levar em qualquer lugar. Precisas e seguras, as calculadoras est\u00e3o desenhadas [&hellip;]\n","protected":false},"featured_media":29738,"comment_status":"open","ping_status":"closed","template":"","meta":{"_bbp_topic_count":0,"_bbp_reply_count":0,"_bbp_total_topic_count":0,"_bbp_total_reply_count":0,"_bbp_voice_count":0,"_bbp_anonymous_reply_count":0,"_bbp_topic_count_hidden":0,"_bbp_reply_count_hidden":0,"_bbp_forum_subforum_count":0,"_joinchat":[]},"product_brand":[],"product_cat":[177],"product_tag":[],"class_list":{"0":"post-29736","1":"product","2":"type-product","3":"status-publish","4":"has-post-thumbnail","6":"product_cat-calculadora","8":"first","9":"instock","10":"taxable","11":"shipping-taxable","12":"purchasable","13":"product-type-simple"},"_links":{"self":[{"href":"https:\/\/www.saralinatacado.com.br\/loja\/wp-json\/wp\/v2\/product\/29736","targetHints":{"allow":["GET"]}}],"collection":[{"href":"https:\/\/www.saralinatacado.com.br\/loja\/wp-json\/wp\/v2\/product"}],"about":[{"href":"https:\/\/www.saralinatacado.com.br\/loja\/wp-json\/wp\/v2\/types\/product"}],"replies":[{"embeddable":true,"href":"https:\/\/www.saralinatacado.com.br\/loja\/wp-json\/wp\/v2\/comments?post=29736"}],"wp:featuredmedia":[{"embeddable":true,"href":"https:\/\/www.saralinatacado.com.br\/loja\/wp-json\/wp\/v2\/media\/29738"}],"wp:attachment":[{"href":"https:\/\/www.saralinatacado.com.br\/loja\/wp-json\/wp\/v2\/media?parent=29736"}],"wp:term":[{"taxonomy":"product_brand","embeddable":true,"href":"https:\/\/www.saralinatacado.com.br\/loja\/wp-json\/wp\/v2\/product_brand?post=29736"},{"taxonomy":"product_cat","embeddable":true,"href":"https:\/\/www.saralinatacado.com.br\/loja\/wp-json\/wp\/v2\/product_cat?post=29736"},{"taxonomy":"product_tag","embeddable":true,"href":"https:\/\/www.saralinatacado.com.br\/loja\/wp-json\/wp\/v2\/product_tag?post=29736"}],"curies":[{"name":"wp","href":"https:\/\/api.w.org\/{rel}","templated":true}]}}