{"id":29732,"date":"2023-10-24T19:31:34","date_gmt":"2023-10-24T19:31:34","guid":{"rendered":"https:\/\/www.saralinatacado.com.br\/loja\/?post_type=product&#038;p=29732"},"modified":"2023-10-24T19:31:34","modified_gmt":"2023-10-24T19:31:34","slug":"calculadora-eletronica-grande-12-digitos-escritorio-mb54303","status":"publish","type":"product","link":"https:\/\/www.saralinatacado.com.br\/loja\/produto\/calculadora-eletronica-grande-12-digitos-escritorio-mb54303\/","title":{"rendered":"Calculadora Eletr\u00f4nica Grande 12 d\u00edgitos escrit\u00f3rio MB54303"},"content":{"rendered":"<div class=\"sc-dAlyuH fuMQye sc-jlZhew gnIXvv sc-dLMFU kZAmPK sc-dLMFU kZAmPK\" data-testid=\"item\">\n<h2 class=\"sc-kpDqfm SqDpH\" data-testid=\"main-title\">Informa\u00e7\u00f5es do Produto<\/h2>\n<\/div>\n<div class=\"sc-fqkvVR brzqJX sc-jEACwC heJXky sc-eDPEul bGQnla sc-eDPEul bGQnla\" data-testid=\"item-content\">Super Calculadora Eletr\u00f4nica mbtech mb54303 12 d\u00edgitos, cor prata com super teclas grandes e confort\u00e1vel.Muito \u00fatil a pessoas com dificuldades visuais, e outras !!Cor \u00fanica = Prata com teclas grandes pretas de \u00f3tima visualiza\u00e7\u00e3oMaquinas lindas e modernas que decoram qualquer ambiente12 D\u00edgitos com n\u00fameros e visor bem grandes de f\u00e1cil visualiza\u00e7\u00e3o Alimenta\u00e7\u00e3o: 2 pilhas AAA (n\u00e3o inclusas) GARANTIA:\u2022 3 Meses em caso de defeitos de fabrica\u00e7\u00e3o;\u2022 N\u00e3o cobre mau uso;\u2022 Pedimos que guarde e conserve a embalagem e acess\u00f3rios, pois em caso de troca ou cancelamento ser\u00e3o todos solicitados.<\/div>\n","protected":false},"excerpt":{"rendered":"<p>Informa\u00e7\u00f5es do Produto Super Calculadora Eletr\u00f4nica mbtech mb54303 12 d\u00edgitos, cor prata com super teclas grandes e confort\u00e1vel.Muito \u00fatil a pessoas com dificuldades visuais, e outras !!Cor \u00fanica = Prata com teclas grandes pretas de \u00f3tima visualiza\u00e7\u00e3oMaquinas lindas e modernas que decoram qualquer ambiente12 D\u00edgitos com n\u00fameros e visor bem grandes de f\u00e1cil visualiza\u00e7\u00e3o Alimenta\u00e7\u00e3o: [&hellip;]\n","protected":false},"featured_media":29734,"comment_status":"open","ping_status":"closed","template":"","meta":{"_bbp_topic_count":0,"_bbp_reply_count":0,"_bbp_total_topic_count":0,"_bbp_total_reply_count":0,"_bbp_voice_count":0,"_bbp_anonymous_reply_count":0,"_bbp_topic_count_hidden":0,"_bbp_reply_count_hidden":0,"_bbp_forum_subforum_count":0,"_joinchat":[]},"product_brand":[],"product_cat":[107,177],"product_tag":[],"class_list":{"0":"post-29732","1":"product","2":"type-product","3":"status-publish","4":"has-post-thumbnail","6":"product_cat-acessorios","7":"product_cat-calculadora","9":"first","10":"instock","11":"taxable","12":"shipping-taxable","13":"purchasable","14":"product-type-simple"},"_links":{"self":[{"href":"https:\/\/www.saralinatacado.com.br\/loja\/wp-json\/wp\/v2\/product\/29732","targetHints":{"allow":["GET"]}}],"collection":[{"href":"https:\/\/www.saralinatacado.com.br\/loja\/wp-json\/wp\/v2\/product"}],"about":[{"href":"https:\/\/www.saralinatacado.com.br\/loja\/wp-json\/wp\/v2\/types\/product"}],"replies":[{"embeddable":true,"href":"https:\/\/www.saralinatacado.com.br\/loja\/wp-json\/wp\/v2\/comments?post=29732"}],"wp:featuredmedia":[{"embeddable":true,"href":"https:\/\/www.saralinatacado.com.br\/loja\/wp-json\/wp\/v2\/media\/29734"}],"wp:attachment":[{"href":"https:\/\/www.saralinatacado.com.br\/loja\/wp-json\/wp\/v2\/media?parent=29732"}],"wp:term":[{"taxonomy":"product_brand","embeddable":true,"href":"https:\/\/www.saralinatacado.com.br\/loja\/wp-json\/wp\/v2\/product_brand?post=29732"},{"taxonomy":"product_cat","embeddable":true,"href":"https:\/\/www.saralinatacado.com.br\/loja\/wp-json\/wp\/v2\/product_cat?post=29732"},{"taxonomy":"product_tag","embeddable":true,"href":"https:\/\/www.saralinatacado.com.br\/loja\/wp-json\/wp\/v2\/product_tag?post=29732"}],"curies":[{"name":"wp","href":"https:\/\/api.w.org\/{rel}","templated":true}]}}