{"id":29708,"date":"2023-10-24T19:01:07","date_gmt":"2023-10-24T19:01:07","guid":{"rendered":"https:\/\/www.saralinatacado.com.br\/loja\/?post_type=product&#038;p=29708"},"modified":"2023-10-27T18:46:32","modified_gmt":"2023-10-27T18:46:32","slug":"relogio-de-mesa-digital-despertador-lelong-le-8115-original","status":"publish","type":"product","link":"https:\/\/www.saralinatacado.com.br\/loja\/produto\/relogio-de-mesa-digital-despertador-lelong-le-8115-original\/","title":{"rendered":"Rel\u00f3gio de Mesa Digital Despertador Lelong Le-8115 Original"},"content":{"rendered":"<p>Rel\u00f3gio de Mesa Digital Despertador Lelong LE-8115<br \/>\nFun\u00e7\u00f5es:<br \/>\n* Data;<br \/>\n* Alarme;<br \/>\n* Cron\u00f4metro.<\/p>\n<p>&#8211; Alimenta\u00e7\u00e3o: 1 Pilha AAA<\/p>\n","protected":false},"excerpt":{"rendered":"<p>Rel\u00f3gio de Mesa Digital Despertador Lelong LE-8115 Fun\u00e7\u00f5es: * Data; * Alarme; * Cron\u00f4metro. &#8211; Alimenta\u00e7\u00e3o: 1 Pilha AAA<\/p>\n","protected":false},"featured_media":29711,"comment_status":"open","ping_status":"closed","template":"","meta":{"_bbp_topic_count":0,"_bbp_reply_count":0,"_bbp_total_topic_count":0,"_bbp_total_reply_count":0,"_bbp_voice_count":0,"_bbp_anonymous_reply_count":0,"_bbp_topic_count_hidden":0,"_bbp_reply_count_hidden":0,"_bbp_forum_subforum_count":0,"_joinchat":[]},"product_brand":[],"product_cat":[107,181],"product_tag":[],"class_list":{"0":"post-29708","1":"product","2":"type-product","3":"status-publish","4":"has-post-thumbnail","6":"product_cat-acessorios","7":"product_cat-despertador","9":"first","10":"instock","11":"taxable","12":"shipping-taxable","13":"purchasable","14":"product-type-simple"},"_links":{"self":[{"href":"https:\/\/www.saralinatacado.com.br\/loja\/wp-json\/wp\/v2\/product\/29708","targetHints":{"allow":["GET"]}}],"collection":[{"href":"https:\/\/www.saralinatacado.com.br\/loja\/wp-json\/wp\/v2\/product"}],"about":[{"href":"https:\/\/www.saralinatacado.com.br\/loja\/wp-json\/wp\/v2\/types\/product"}],"replies":[{"embeddable":true,"href":"https:\/\/www.saralinatacado.com.br\/loja\/wp-json\/wp\/v2\/comments?post=29708"}],"wp:featuredmedia":[{"embeddable":true,"href":"https:\/\/www.saralinatacado.com.br\/loja\/wp-json\/wp\/v2\/media\/29711"}],"wp:attachment":[{"href":"https:\/\/www.saralinatacado.com.br\/loja\/wp-json\/wp\/v2\/media?parent=29708"}],"wp:term":[{"taxonomy":"product_brand","embeddable":true,"href":"https:\/\/www.saralinatacado.com.br\/loja\/wp-json\/wp\/v2\/product_brand?post=29708"},{"taxonomy":"product_cat","embeddable":true,"href":"https:\/\/www.saralinatacado.com.br\/loja\/wp-json\/wp\/v2\/product_cat?post=29708"},{"taxonomy":"product_tag","embeddable":true,"href":"https:\/\/www.saralinatacado.com.br\/loja\/wp-json\/wp\/v2\/product_tag?post=29708"}],"curies":[{"name":"wp","href":"https:\/\/api.w.org\/{rel}","templated":true}]}}