{"id":29694,"date":"2023-10-24T18:39:08","date_gmt":"2023-10-24T18:39:08","guid":{"rendered":"https:\/\/www.saralinatacado.com.br\/loja\/?post_type=product&#038;p=29694"},"modified":"2023-10-24T18:39:58","modified_gmt":"2023-10-24T18:39:58","slug":"mouse-gamer-vi-t-wolf-usb-2-0-preto","status":"publish","type":"product","link":"https:\/\/www.saralinatacado.com.br\/loja\/produto\/mouse-gamer-vi-t-wolf-usb-2-0-preto\/","title":{"rendered":"Mouse GAMER VI T-WOLF  USB 2.0 Preto"},"content":{"rendered":"<p><strong>Marca:<\/strong> T-WOLF<\/p>\n<p><strong>Modelo:V1<\/strong><\/p>\n<p><strong>Cor:<\/strong>\u00a0Preto<\/p>\n<p><strong>Resolu\u00e7\u00e3o:<\/strong> 1200 DPI<\/p>\n<p><strong>Bot\u00f5es:<\/strong>\u00a03<\/p>\n<p><strong>Compatibilidade:<\/strong>\u00a0Windows XP\/7 e superior\/ MAC<\/p>\n<p><strong>Plug and Play:<\/strong>\u00a0Sim<\/p>\n<p><strong>Largura do Produto (cm):<\/strong>\u00a06,8 cm<\/p>\n<p><strong>Altura do produto (cm):<\/strong>\u00a03,88 cm<\/p>\n<p><strong>Profundidade do Produto (cm):<\/strong>\u00a012,4 cm<\/p>\n<p><strong>Peso do produto (Kg):<\/strong>\u00a00,065 kg<\/p>\n<p><strong>Comprimento do Cabo:<\/strong>\u00a01,50 cm<\/p>\n<p><strong>Conte\u00fado da Embalagem:<\/strong>\u00a01 UNID<\/p>\n","protected":false},"excerpt":{"rendered":"<p>Marca: T-WOLF Modelo:V1 Cor:\u00a0Preto Resolu\u00e7\u00e3o: 1200 DPI Bot\u00f5es:\u00a03 Compatibilidade:\u00a0Windows XP\/7 e superior\/ MAC Plug and Play:\u00a0Sim Largura do Produto (cm):\u00a06,8 cm Altura do produto (cm):\u00a03,88 cm Profundidade do Produto (cm):\u00a012,4 cm Peso do produto (Kg):\u00a00,065 kg Comprimento do Cabo:\u00a01,50 cm Conte\u00fado da Embalagem:\u00a01 UNID<\/p>\n","protected":false},"featured_media":29697,"comment_status":"open","ping_status":"closed","template":"","meta":{"_bbp_topic_count":0,"_bbp_reply_count":0,"_bbp_total_topic_count":0,"_bbp_total_reply_count":0,"_bbp_voice_count":0,"_bbp_anonymous_reply_count":0,"_bbp_topic_count_hidden":0,"_bbp_reply_count_hidden":0,"_bbp_forum_subforum_count":0,"_joinchat":[]},"product_brand":[],"product_cat":[107,174,108],"product_tag":[],"class_list":{"0":"post-29694","1":"product","2":"type-product","3":"status-publish","4":"has-post-thumbnail","6":"product_cat-acessorios","7":"product_cat-game","8":"product_cat-mouse","10":"first","11":"instock","12":"taxable","13":"shipping-taxable","14":"purchasable","15":"product-type-simple"},"_links":{"self":[{"href":"https:\/\/www.saralinatacado.com.br\/loja\/wp-json\/wp\/v2\/product\/29694","targetHints":{"allow":["GET"]}}],"collection":[{"href":"https:\/\/www.saralinatacado.com.br\/loja\/wp-json\/wp\/v2\/product"}],"about":[{"href":"https:\/\/www.saralinatacado.com.br\/loja\/wp-json\/wp\/v2\/types\/product"}],"replies":[{"embeddable":true,"href":"https:\/\/www.saralinatacado.com.br\/loja\/wp-json\/wp\/v2\/comments?post=29694"}],"wp:featuredmedia":[{"embeddable":true,"href":"https:\/\/www.saralinatacado.com.br\/loja\/wp-json\/wp\/v2\/media\/29697"}],"wp:attachment":[{"href":"https:\/\/www.saralinatacado.com.br\/loja\/wp-json\/wp\/v2\/media?parent=29694"}],"wp:term":[{"taxonomy":"product_brand","embeddable":true,"href":"https:\/\/www.saralinatacado.com.br\/loja\/wp-json\/wp\/v2\/product_brand?post=29694"},{"taxonomy":"product_cat","embeddable":true,"href":"https:\/\/www.saralinatacado.com.br\/loja\/wp-json\/wp\/v2\/product_cat?post=29694"},{"taxonomy":"product_tag","embeddable":true,"href":"https:\/\/www.saralinatacado.com.br\/loja\/wp-json\/wp\/v2\/product_tag?post=29694"}],"curies":[{"name":"wp","href":"https:\/\/api.w.org\/{rel}","templated":true}]}}