{"id":29683,"date":"2023-10-24T18:30:49","date_gmt":"2023-10-24T18:30:49","guid":{"rendered":"https:\/\/www.saralinatacado.com.br\/loja\/?post_type=product&#038;p=29683"},"modified":"2023-10-24T18:30:49","modified_gmt":"2023-10-24T18:30:49","slug":"mouse-gamer-hayom-mu-2908-1000dpi","status":"publish","type":"product","link":"https:\/\/www.saralinatacado.com.br\/loja\/produto\/mouse-gamer-hayom-mu-2908-1000dpi\/","title":{"rendered":"Mouse Gamer Hayom MU-2908 1000DPI"},"content":{"rendered":"<p>ECONOGAMER &#8211; Mouse Gamer Hayom MU-2908 1000DPI<br \/>\n&#8212;&#8212;&#8212;&#8212;&#8212;&#8212;&#8212;&#8212;&#8212;&#8212;&#8212;&#8212;&#8212;&#8212;&#8212;&#8212;&#8212;&#8212;&#8212;&#8212;&#8212;&#8212;&#8212;-<\/p>\n<p>Conforto, qualidade e pre\u00e7o na medida certa. O mouse gamer jogos MU-2908 da Hayom \u00e9 assim, te entrega um custo benef\u00edcio fenomenal! Possui uma vida m\u00e9dia \u00fatil de 3 milh\u00f5es de cliques para n\u00e3o te deixar<br \/>\nna m\u00e3o durante o gameplay dos seus jogos favoritos. Al\u00e9m disso, possui fun\u00e7\u00e3o plug and play (Basta conectar e utilizar), n\u00e3o havendo necessidade de baixar driver adicionais e nem de configurar o seu mouse em<br \/>\nsoftware para ligar o LED.<\/p>\n<p>Destaques:<\/p>\n<p>&#8211; Vida M\u00e9dia \u00datil de 3 milh\u00f5es de cliques<br \/>\n&#8211; Ilumina\u00e7\u00e3o LED<\/p>\n<p>Barato, este Mouse gamer MU2908 da Hayom \u00e9 uma excelente op\u00e7\u00e3o de entrada para quem quer entrar no mundo dos games sem ter que gastar muito!<\/p>\n<p>Especifica\u00e7\u00f5es<\/p>\n<p>&#8211; Tecnologia \u00f3ptica<br \/>\n&#8211; Cabo de 1,5 metros<br \/>\n&#8211; DPI: 1000<br \/>\n&#8211; N\u00famero de Bot\u00f5es: 3<br \/>\n&#8211; Cores do LED: Vermelho \/ Verde \/ Amarelo \/ Azul \/ Roxo<br \/>\n&#8211; Conector: USB 2.0<br \/>\n&#8211; Compatibilidade: Windows 7\/8\/2000\/XP\/Vista, MacOS<\/p>\n<p>Conte\u00fado da Embalagem:<br \/>\n&#8211; 1 Mouse Gamer Hayomi MU-2908<\/p>\n<p>Perguntas Frequentes:<\/p>\n<p>&#8211; Tem LED?<br \/>\nR: Tem sim! Esse mouse possui LED que alterna nas seguintes cores: Vermelho \/ Verde \/ Amarelo \/ Azul \/ Roxo<\/p>\n<p>&#8211; Onde baixo o software para configurar o Mouse?<br \/>\nR: Esse Mouse \u00e9 do tipo plug and play (Basta conectar e utilizar), o que significa que o Led j\u00e1 ir\u00e1 funcionar assim que conectar o mouse USB no computador.<\/p>\n<p>&#8211; \u00c9 poss\u00edvel deixar o mouse em uma cor fixa? Como desligo o LED?<br \/>\nR: Esse modelo apenas alterna as cores, n\u00e3o \u00e9 poss\u00edvel deixar esse mouse em uma cor fixa nem desligar o LED.<\/p>\n","protected":false},"excerpt":{"rendered":"<p>ECONOGAMER &#8211; Mouse Gamer Hayom MU-2908 1000DPI &#8212;&#8212;&#8212;&#8212;&#8212;&#8212;&#8212;&#8212;&#8212;&#8212;&#8212;&#8212;&#8212;&#8212;&#8212;&#8212;&#8212;&#8212;&#8212;&#8212;&#8212;&#8212;&#8212;- Conforto, qualidade e pre\u00e7o na medida certa. O mouse gamer jogos MU-2908 da Hayom \u00e9 assim, te entrega um custo benef\u00edcio fenomenal! Possui uma vida m\u00e9dia \u00fatil de 3 milh\u00f5es de cliques para n\u00e3o te deixar na m\u00e3o durante o gameplay dos seus jogos favoritos. Al\u00e9m disso, [&hellip;]\n","protected":false},"featured_media":29686,"comment_status":"open","ping_status":"closed","template":"","meta":{"_bbp_topic_count":0,"_bbp_reply_count":0,"_bbp_total_topic_count":0,"_bbp_total_reply_count":0,"_bbp_voice_count":0,"_bbp_anonymous_reply_count":0,"_bbp_topic_count_hidden":0,"_bbp_reply_count_hidden":0,"_bbp_forum_subforum_count":0,"_joinchat":[]},"product_brand":[],"product_cat":[107,174,108],"product_tag":[],"class_list":{"0":"post-29683","1":"product","2":"type-product","3":"status-publish","4":"has-post-thumbnail","6":"product_cat-acessorios","7":"product_cat-game","8":"product_cat-mouse","10":"first","11":"instock","12":"taxable","13":"shipping-taxable","14":"purchasable","15":"product-type-simple"},"_links":{"self":[{"href":"https:\/\/www.saralinatacado.com.br\/loja\/wp-json\/wp\/v2\/product\/29683","targetHints":{"allow":["GET"]}}],"collection":[{"href":"https:\/\/www.saralinatacado.com.br\/loja\/wp-json\/wp\/v2\/product"}],"about":[{"href":"https:\/\/www.saralinatacado.com.br\/loja\/wp-json\/wp\/v2\/types\/product"}],"replies":[{"embeddable":true,"href":"https:\/\/www.saralinatacado.com.br\/loja\/wp-json\/wp\/v2\/comments?post=29683"}],"wp:featuredmedia":[{"embeddable":true,"href":"https:\/\/www.saralinatacado.com.br\/loja\/wp-json\/wp\/v2\/media\/29686"}],"wp:attachment":[{"href":"https:\/\/www.saralinatacado.com.br\/loja\/wp-json\/wp\/v2\/media?parent=29683"}],"wp:term":[{"taxonomy":"product_brand","embeddable":true,"href":"https:\/\/www.saralinatacado.com.br\/loja\/wp-json\/wp\/v2\/product_brand?post=29683"},{"taxonomy":"product_cat","embeddable":true,"href":"https:\/\/www.saralinatacado.com.br\/loja\/wp-json\/wp\/v2\/product_cat?post=29683"},{"taxonomy":"product_tag","embeddable":true,"href":"https:\/\/www.saralinatacado.com.br\/loja\/wp-json\/wp\/v2\/product_tag?post=29683"}],"curies":[{"name":"wp","href":"https:\/\/api.w.org\/{rel}","templated":true}]}}