{"id":29679,"date":"2023-10-24T18:24:54","date_gmt":"2023-10-24T18:24:54","guid":{"rendered":"https:\/\/www.saralinatacado.com.br\/loja\/?post_type=product&#038;p=29679"},"modified":"2023-10-24T18:25:50","modified_gmt":"2023-10-24T18:25:50","slug":"mouse-com-fio-gamer-usb-weibo-m-39-luzes-semi-profissional","status":"publish","type":"product","link":"https:\/\/www.saralinatacado.com.br\/loja\/produto\/mouse-com-fio-gamer-usb-weibo-m-39-luzes-semi-profissional\/","title":{"rendered":"Mouse Com Fio Gamer Usb Weibo M-39 &#8211; Luzes Semi Profissional"},"content":{"rendered":"<h2 class=\"ui-pdp-description__title\">Descri\u00e7\u00e3o<\/h2>\n<p class=\"ui-pdp-description__content\">Para trabalhar desde casa com o computador ou aproveitar momentos de lazer, voc\u00ea precisa de conforto e facilidade de movimento. Com o seu Weibo M-39 encontre o que voc\u00ea est\u00e1 procurando em um \u00fanico dispositivo com a melhor tecnologia.<\/p>\n<p>A funcionalidade ao alcance da sua m\u00e3o<br \/>\nO sistema de detec\u00e7\u00e3o de movimento \u00f3ptico lhe permitir\u00e1 mover o cursor de uma forma mais precisa e sens\u00edvel do que os sistemas tradicionais.<\/p>\n<p>Adequado para f\u00e1cil transporte<br \/>\nNavegue rapidamente pelos documentos e sites da web gra\u00e7as ao seu design ultra-fino, ergon\u00f4mico, leve e conveniente para transportar onde voc\u00ea quiser ou viajar.<\/p>\n","protected":false},"excerpt":{"rendered":"<p>Descri\u00e7\u00e3o Para trabalhar desde casa com o computador ou aproveitar momentos de lazer, voc\u00ea precisa de conforto e facilidade de movimento. Com o seu Weibo M-39 encontre o que voc\u00ea est\u00e1 procurando em um \u00fanico dispositivo com a melhor tecnologia. A funcionalidade ao alcance da sua m\u00e3o O sistema de detec\u00e7\u00e3o de movimento \u00f3ptico lhe [&hellip;]\n","protected":false},"featured_media":29681,"comment_status":"open","ping_status":"closed","template":"","meta":{"_bbp_topic_count":0,"_bbp_reply_count":0,"_bbp_total_topic_count":0,"_bbp_total_reply_count":0,"_bbp_voice_count":0,"_bbp_anonymous_reply_count":0,"_bbp_topic_count_hidden":0,"_bbp_reply_count_hidden":0,"_bbp_forum_subforum_count":0,"_joinchat":[]},"product_brand":[],"product_cat":[107,174,108],"product_tag":[],"class_list":{"0":"post-29679","1":"product","2":"type-product","3":"status-publish","4":"has-post-thumbnail","6":"product_cat-acessorios","7":"product_cat-game","8":"product_cat-mouse","10":"first","11":"instock","12":"taxable","13":"shipping-taxable","14":"purchasable","15":"product-type-simple"},"_links":{"self":[{"href":"https:\/\/www.saralinatacado.com.br\/loja\/wp-json\/wp\/v2\/product\/29679","targetHints":{"allow":["GET"]}}],"collection":[{"href":"https:\/\/www.saralinatacado.com.br\/loja\/wp-json\/wp\/v2\/product"}],"about":[{"href":"https:\/\/www.saralinatacado.com.br\/loja\/wp-json\/wp\/v2\/types\/product"}],"replies":[{"embeddable":true,"href":"https:\/\/www.saralinatacado.com.br\/loja\/wp-json\/wp\/v2\/comments?post=29679"}],"wp:featuredmedia":[{"embeddable":true,"href":"https:\/\/www.saralinatacado.com.br\/loja\/wp-json\/wp\/v2\/media\/29681"}],"wp:attachment":[{"href":"https:\/\/www.saralinatacado.com.br\/loja\/wp-json\/wp\/v2\/media?parent=29679"}],"wp:term":[{"taxonomy":"product_brand","embeddable":true,"href":"https:\/\/www.saralinatacado.com.br\/loja\/wp-json\/wp\/v2\/product_brand?post=29679"},{"taxonomy":"product_cat","embeddable":true,"href":"https:\/\/www.saralinatacado.com.br\/loja\/wp-json\/wp\/v2\/product_cat?post=29679"},{"taxonomy":"product_tag","embeddable":true,"href":"https:\/\/www.saralinatacado.com.br\/loja\/wp-json\/wp\/v2\/product_tag?post=29679"}],"curies":[{"name":"wp","href":"https:\/\/api.w.org\/{rel}","templated":true}]}}