{"id":29675,"date":"2023-10-24T18:22:32","date_gmt":"2023-10-24T18:22:32","guid":{"rendered":"https:\/\/www.saralinatacado.com.br\/loja\/?post_type=product&#038;p=29675"},"modified":"2023-10-24T18:22:32","modified_gmt":"2023-10-24T18:22:32","slug":"mini-mouse-usb-com-cabo-retratil-optico-800-dpi","status":"publish","type":"product","link":"https:\/\/www.saralinatacado.com.br\/loja\/produto\/mini-mouse-usb-com-cabo-retratil-optico-800-dpi\/","title":{"rendered":"Mini Mouse Usb Com Cabo Retr\u00e1til \u00d3ptico 800 Dpi"},"content":{"rendered":"<h2 class=\"ui-pdp-description__title\">Descri\u00e7\u00e3o<\/h2>\n<p class=\"ui-pdp-description__content\">Mini Mouse Usb Com Cabo Retr\u00e1til \u00d3ptico 800 Dpi<\/p>\n<p>Mini Mouse Usb \u00d3ptico Com Cabo Retr\u00e1til 800dpi<\/p>\n<p>Ideal para usu\u00e1rios de notebooks. Sensor \u00f3ptico de alta resolu\u00e7\u00e3o. \u00d3tima transmiss\u00e3o, garantindo movimentos preciso. Possui design diferenciado e ergon\u00f4mico o que garante mais conforto, de f\u00e1cil instala\u00e7\u00e3o e opera\u00e7\u00e3o. Sua tecnologia \u00f3tica mant\u00e9m a precis\u00e3o dos movimentos, perfeito para voc\u00ea que procura conforto e praticidade para a realiza\u00e7\u00e3o de seus trabalhos no computador.<\/p>\n<p>Descri\u00e7\u00e3o:<br \/>\n&#8211; Resolu\u00e7\u00e3o: 800dpi<br \/>\n&#8211; Conex\u00e3o: USB<br \/>\n&#8211; Cor: preto<br \/>\n&#8211; Sensor: \u00d3ptico<br \/>\n&#8211; Com scroll<br \/>\n&#8211; Fio retr\u00e1til<br \/>\n&#8211; Compat\u00edvel: Windows 98\/Me\/2000\/XP\/Vista\/Win 7\/Win etc<br \/>\n&#8211; Produto novo<\/p>\n","protected":false},"excerpt":{"rendered":"<p>Descri\u00e7\u00e3o Mini Mouse Usb Com Cabo Retr\u00e1til \u00d3ptico 800 Dpi Mini Mouse Usb \u00d3ptico Com Cabo Retr\u00e1til 800dpi Ideal para usu\u00e1rios de notebooks. Sensor \u00f3ptico de alta resolu\u00e7\u00e3o. \u00d3tima transmiss\u00e3o, garantindo movimentos preciso. Possui design diferenciado e ergon\u00f4mico o que garante mais conforto, de f\u00e1cil instala\u00e7\u00e3o e opera\u00e7\u00e3o. Sua tecnologia \u00f3tica mant\u00e9m a precis\u00e3o dos [&hellip;]\n","protected":false},"featured_media":29676,"comment_status":"open","ping_status":"closed","template":"","meta":{"_bbp_topic_count":0,"_bbp_reply_count":0,"_bbp_total_topic_count":0,"_bbp_total_reply_count":0,"_bbp_voice_count":0,"_bbp_anonymous_reply_count":0,"_bbp_topic_count_hidden":0,"_bbp_reply_count_hidden":0,"_bbp_forum_subforum_count":0,"_joinchat":[]},"product_brand":[],"product_cat":[107,108],"product_tag":[],"class_list":{"0":"post-29675","1":"product","2":"type-product","3":"status-publish","4":"has-post-thumbnail","6":"product_cat-acessorios","7":"product_cat-mouse","9":"first","10":"instock","11":"taxable","12":"shipping-taxable","13":"purchasable","14":"product-type-simple"},"_links":{"self":[{"href":"https:\/\/www.saralinatacado.com.br\/loja\/wp-json\/wp\/v2\/product\/29675","targetHints":{"allow":["GET"]}}],"collection":[{"href":"https:\/\/www.saralinatacado.com.br\/loja\/wp-json\/wp\/v2\/product"}],"about":[{"href":"https:\/\/www.saralinatacado.com.br\/loja\/wp-json\/wp\/v2\/types\/product"}],"replies":[{"embeddable":true,"href":"https:\/\/www.saralinatacado.com.br\/loja\/wp-json\/wp\/v2\/comments?post=29675"}],"wp:featuredmedia":[{"embeddable":true,"href":"https:\/\/www.saralinatacado.com.br\/loja\/wp-json\/wp\/v2\/media\/29676"}],"wp:attachment":[{"href":"https:\/\/www.saralinatacado.com.br\/loja\/wp-json\/wp\/v2\/media?parent=29675"}],"wp:term":[{"taxonomy":"product_brand","embeddable":true,"href":"https:\/\/www.saralinatacado.com.br\/loja\/wp-json\/wp\/v2\/product_brand?post=29675"},{"taxonomy":"product_cat","embeddable":true,"href":"https:\/\/www.saralinatacado.com.br\/loja\/wp-json\/wp\/v2\/product_cat?post=29675"},{"taxonomy":"product_tag","embeddable":true,"href":"https:\/\/www.saralinatacado.com.br\/loja\/wp-json\/wp\/v2\/product_tag?post=29675"}],"curies":[{"name":"wp","href":"https:\/\/api.w.org\/{rel}","templated":true}]}}