{"id":29672,"date":"2023-10-24T14:53:13","date_gmt":"2023-10-24T14:53:13","guid":{"rendered":"https:\/\/www.saralinatacado.com.br\/loja\/?post_type=product&#038;p=29672"},"modified":"2023-10-24T14:54:51","modified_gmt":"2023-10-24T14:54:51","slug":"mouse-gamer-usb-rgb-6-botoes-knup-kp-mu005","status":"publish","type":"product","link":"https:\/\/www.saralinatacado.com.br\/loja\/produto\/mouse-gamer-usb-rgb-6-botoes-knup-kp-mu005\/","title":{"rendered":"Mouse Gamer USB RGB 6 Bot\u00f5es Knup KP-MU005"},"content":{"rendered":"<p>Mouse desenvolvido para jogos com alta precis\u00e3o e com diversas fun\u00e7\u00f5es, al\u00e9m de um design inovador, tem excelente custo-benef\u00edcio. Ideal para jogos FPS como CS: GO, Free Fire, PUBG, Fortnite, MOBA como LOL e DOTA.<\/p>\n<p>Especifica\u00e7\u00f5es:<br \/>\n&#8211; Resolu\u00e7\u00f5es 800\/1200\/2400\/4800 DPI<br \/>\n&#8211; Design antiderrapante e ergon\u00f4mico<br \/>\n&#8211; 6 Bot\u00f5es<br \/>\n&#8211; Led estilo RGB que muda de cor aleatoriamente<br \/>\n&#8211; Padr\u00e3o USB 2.0 compat\u00edvel com todos Windows e MAC<\/p>\n<p>&#8211; Cabo de 1,5m com conector USB<\/p>\n","protected":false},"excerpt":{"rendered":"<p>Mouse desenvolvido para jogos com alta precis\u00e3o e com diversas fun\u00e7\u00f5es, al\u00e9m de um design inovador, tem excelente custo-benef\u00edcio. Ideal para jogos FPS como CS: GO, Free Fire, PUBG, Fortnite, MOBA como LOL e DOTA. Especifica\u00e7\u00f5es: &#8211; Resolu\u00e7\u00f5es 800\/1200\/2400\/4800 DPI &#8211; Design antiderrapante e ergon\u00f4mico &#8211; 6 Bot\u00f5es &#8211; Led estilo RGB que muda de [&hellip;]\n","protected":false},"featured_media":29673,"comment_status":"open","ping_status":"closed","template":"","meta":{"_bbp_topic_count":0,"_bbp_reply_count":0,"_bbp_total_topic_count":0,"_bbp_total_reply_count":0,"_bbp_voice_count":0,"_bbp_anonymous_reply_count":0,"_bbp_topic_count_hidden":0,"_bbp_reply_count_hidden":0,"_bbp_forum_subforum_count":0,"_joinchat":[]},"product_brand":[],"product_cat":[107,174,108],"product_tag":[],"class_list":{"0":"post-29672","1":"product","2":"type-product","3":"status-publish","4":"has-post-thumbnail","6":"product_cat-acessorios","7":"product_cat-game","8":"product_cat-mouse","10":"first","11":"instock","12":"taxable","13":"shipping-taxable","14":"purchasable","15":"product-type-simple"},"_links":{"self":[{"href":"https:\/\/www.saralinatacado.com.br\/loja\/wp-json\/wp\/v2\/product\/29672","targetHints":{"allow":["GET"]}}],"collection":[{"href":"https:\/\/www.saralinatacado.com.br\/loja\/wp-json\/wp\/v2\/product"}],"about":[{"href":"https:\/\/www.saralinatacado.com.br\/loja\/wp-json\/wp\/v2\/types\/product"}],"replies":[{"embeddable":true,"href":"https:\/\/www.saralinatacado.com.br\/loja\/wp-json\/wp\/v2\/comments?post=29672"}],"wp:featuredmedia":[{"embeddable":true,"href":"https:\/\/www.saralinatacado.com.br\/loja\/wp-json\/wp\/v2\/media\/29673"}],"wp:attachment":[{"href":"https:\/\/www.saralinatacado.com.br\/loja\/wp-json\/wp\/v2\/media?parent=29672"}],"wp:term":[{"taxonomy":"product_brand","embeddable":true,"href":"https:\/\/www.saralinatacado.com.br\/loja\/wp-json\/wp\/v2\/product_brand?post=29672"},{"taxonomy":"product_cat","embeddable":true,"href":"https:\/\/www.saralinatacado.com.br\/loja\/wp-json\/wp\/v2\/product_cat?post=29672"},{"taxonomy":"product_tag","embeddable":true,"href":"https:\/\/www.saralinatacado.com.br\/loja\/wp-json\/wp\/v2\/product_tag?post=29672"}],"curies":[{"name":"wp","href":"https:\/\/api.w.org\/{rel}","templated":true}]}}