{"id":29668,"date":"2023-10-24T14:49:36","date_gmt":"2023-10-24T14:49:36","guid":{"rendered":"https:\/\/www.saralinatacado.com.br\/loja\/?post_type=product&#038;p=29668"},"modified":"2023-10-24T14:49:36","modified_gmt":"2023-10-24T14:49:36","slug":"mouse-gamer-rgb-knup-kp-v4-2400-dpi-7-botoes","status":"publish","type":"product","link":"https:\/\/www.saralinatacado.com.br\/loja\/produto\/mouse-gamer-rgb-knup-kp-v4-2400-dpi-7-botoes\/","title":{"rendered":"MOUSE GAMER RGB KNUP KP-V4 2400 DPI 7 BOT\u00d5ES"},"content":{"rendered":"<p>Especifica\u00e7\u00f5es<\/p>\n<p>* Resolu\u00e7\u00e3o: 800 \/ 1200 \/ 1600 \/ 2400 DPI;<\/p>\n<p>* Conex\u00e3o USB;<\/p>\n<p>* Alimenta\u00e7\u00e3o: 5Vdc (via Porta USB);<\/p>\n<p>* Comprimento do cabo: 1,5m;<\/p>\n<p>* Consumo: 100mA;<\/p>\n<p>* Compat\u00edvel com Windows XP \/ Vista \/ 7\/8\/10;<\/p>\n<p>* Dimens\u00f5es: 128 x 86 x 39mm (C x L x A);<\/p>\n<p>&nbsp;<\/p>\n<p>Caracter\u00edsticas<\/p>\n<p>* Precis\u00e3o e conforto para m\u00e1ximo desempenho;<\/p>\n<p>* Superf\u00edcie Rubber emborrachada;<\/p>\n<p>* Cabo de Nylon com Filtro de ferrite;<\/p>\n<p>* Sensor \u00f3ptico de alta resolu\u00e7\u00e3o;<\/p>\n<p>* Design ergon\u00f4mico;<\/p>\n<p>* Ilumina\u00e7\u00e3o LED em 7 cores;<\/p>\n<p>* 7 Bot\u00f5es;<\/p>\n","protected":false},"excerpt":{"rendered":"<p>Especifica\u00e7\u00f5es * Resolu\u00e7\u00e3o: 800 \/ 1200 \/ 1600 \/ 2400 DPI; * Conex\u00e3o USB; * Alimenta\u00e7\u00e3o: 5Vdc (via Porta USB); * Comprimento do cabo: 1,5m; * Consumo: 100mA; * Compat\u00edvel com Windows XP \/ Vista \/ 7\/8\/10; * Dimens\u00f5es: 128 x 86 x 39mm (C x L x A); &nbsp; Caracter\u00edsticas * Precis\u00e3o e conforto [&hellip;]\n","protected":false},"featured_media":29670,"comment_status":"open","ping_status":"closed","template":"","meta":{"_bbp_topic_count":0,"_bbp_reply_count":0,"_bbp_total_topic_count":0,"_bbp_total_reply_count":0,"_bbp_voice_count":0,"_bbp_anonymous_reply_count":0,"_bbp_topic_count_hidden":0,"_bbp_reply_count_hidden":0,"_bbp_forum_subforum_count":0,"_joinchat":[]},"product_brand":[],"product_cat":[107,174,108],"product_tag":[],"class_list":{"0":"post-29668","1":"product","2":"type-product","3":"status-publish","4":"has-post-thumbnail","6":"product_cat-acessorios","7":"product_cat-game","8":"product_cat-mouse","10":"first","11":"instock","12":"taxable","13":"shipping-taxable","14":"purchasable","15":"product-type-simple"},"_links":{"self":[{"href":"https:\/\/www.saralinatacado.com.br\/loja\/wp-json\/wp\/v2\/product\/29668","targetHints":{"allow":["GET"]}}],"collection":[{"href":"https:\/\/www.saralinatacado.com.br\/loja\/wp-json\/wp\/v2\/product"}],"about":[{"href":"https:\/\/www.saralinatacado.com.br\/loja\/wp-json\/wp\/v2\/types\/product"}],"replies":[{"embeddable":true,"href":"https:\/\/www.saralinatacado.com.br\/loja\/wp-json\/wp\/v2\/comments?post=29668"}],"wp:featuredmedia":[{"embeddable":true,"href":"https:\/\/www.saralinatacado.com.br\/loja\/wp-json\/wp\/v2\/media\/29670"}],"wp:attachment":[{"href":"https:\/\/www.saralinatacado.com.br\/loja\/wp-json\/wp\/v2\/media?parent=29668"}],"wp:term":[{"taxonomy":"product_brand","embeddable":true,"href":"https:\/\/www.saralinatacado.com.br\/loja\/wp-json\/wp\/v2\/product_brand?post=29668"},{"taxonomy":"product_cat","embeddable":true,"href":"https:\/\/www.saralinatacado.com.br\/loja\/wp-json\/wp\/v2\/product_cat?post=29668"},{"taxonomy":"product_tag","embeddable":true,"href":"https:\/\/www.saralinatacado.com.br\/loja\/wp-json\/wp\/v2\/product_tag?post=29668"}],"curies":[{"name":"wp","href":"https:\/\/api.w.org\/{rel}","templated":true}]}}