{"id":29666,"date":"2023-10-24T14:46:34","date_gmt":"2023-10-24T14:46:34","guid":{"rendered":"https:\/\/www.saralinatacado.com.br\/loja\/?post_type=product&#038;p=29666"},"modified":"2023-10-24T14:46:35","modified_gmt":"2023-10-24T14:46:35","slug":"mouse-sem-fio-1600-dpi-2-4ghz-kp-mu403-knup","status":"publish","type":"product","link":"https:\/\/www.saralinatacado.com.br\/loja\/produto\/mouse-sem-fio-1600-dpi-2-4ghz-kp-mu403-knup\/","title":{"rendered":"Mouse sem fio 1600 DPI 2.4GHz KP-MU403 &#8211; Knup"},"content":{"rendered":"<ol>\n<li>CARACTER\u00cdSTICAS<\/li>\n<\/ol>\n<ul>\n<li>Resolu\u00e7\u00e3o: 800\/1200\/1600 DPI<\/li>\n<li>Conex\u00e3o: USB<\/li>\n<li>Quantidade de bot\u00f4es: 6<\/li>\n<li>Tecnologia sem fio: RF 2,4 GHz<\/li>\n<li>Dist\u00e3ncia m\u00e1xima: 10 metros<\/li>\n<li>Alimenta\u00e7\u00e3o: 2 pilhas AAA (N\u00c3O INCLUSAS)<\/li>\n<li>Tens\u00e3o de trabalho: 3V dc<\/li>\n<li>Corrente de trabalho: 12mA<\/li>\n<li>Dimens\u00f5es: 100x 60x 35 mm<\/li>\n<li>Compatibilidade: Windows XP\/Vista\/7\/8\/10<\/li>\n<\/ul>\n","protected":false},"excerpt":{"rendered":"<p>CARACTER\u00cdSTICAS Resolu\u00e7\u00e3o: 800\/1200\/1600 DPI Conex\u00e3o: USB Quantidade de bot\u00f4es: 6 Tecnologia sem fio: RF 2,4 GHz Dist\u00e3ncia m\u00e1xima: 10 metros Alimenta\u00e7\u00e3o: 2 pilhas AAA (N\u00c3O INCLUSAS) Tens\u00e3o de trabalho: 3V dc Corrente de trabalho: 12mA Dimens\u00f5es: 100x 60x 35 mm Compatibilidade: Windows XP\/Vista\/7\/8\/10<\/p>\n","protected":false},"featured_media":29667,"comment_status":"open","ping_status":"closed","template":"","meta":{"_bbp_topic_count":0,"_bbp_reply_count":0,"_bbp_total_topic_count":0,"_bbp_total_reply_count":0,"_bbp_voice_count":0,"_bbp_anonymous_reply_count":0,"_bbp_topic_count_hidden":0,"_bbp_reply_count_hidden":0,"_bbp_forum_subforum_count":0,"_joinchat":[]},"product_brand":[],"product_cat":[107,108],"product_tag":[],"class_list":{"0":"post-29666","1":"product","2":"type-product","3":"status-publish","4":"has-post-thumbnail","6":"product_cat-acessorios","7":"product_cat-mouse","9":"first","10":"instock","11":"taxable","12":"shipping-taxable","13":"purchasable","14":"product-type-simple"},"_links":{"self":[{"href":"https:\/\/www.saralinatacado.com.br\/loja\/wp-json\/wp\/v2\/product\/29666","targetHints":{"allow":["GET"]}}],"collection":[{"href":"https:\/\/www.saralinatacado.com.br\/loja\/wp-json\/wp\/v2\/product"}],"about":[{"href":"https:\/\/www.saralinatacado.com.br\/loja\/wp-json\/wp\/v2\/types\/product"}],"replies":[{"embeddable":true,"href":"https:\/\/www.saralinatacado.com.br\/loja\/wp-json\/wp\/v2\/comments?post=29666"}],"wp:featuredmedia":[{"embeddable":true,"href":"https:\/\/www.saralinatacado.com.br\/loja\/wp-json\/wp\/v2\/media\/29667"}],"wp:attachment":[{"href":"https:\/\/www.saralinatacado.com.br\/loja\/wp-json\/wp\/v2\/media?parent=29666"}],"wp:term":[{"taxonomy":"product_brand","embeddable":true,"href":"https:\/\/www.saralinatacado.com.br\/loja\/wp-json\/wp\/v2\/product_brand?post=29666"},{"taxonomy":"product_cat","embeddable":true,"href":"https:\/\/www.saralinatacado.com.br\/loja\/wp-json\/wp\/v2\/product_cat?post=29666"},{"taxonomy":"product_tag","embeddable":true,"href":"https:\/\/www.saralinatacado.com.br\/loja\/wp-json\/wp\/v2\/product_tag?post=29666"}],"curies":[{"name":"wp","href":"https:\/\/api.w.org\/{rel}","templated":true}]}}