{"id":29662,"date":"2023-10-24T14:42:43","date_gmt":"2023-10-24T14:42:43","guid":{"rendered":"https:\/\/www.saralinatacado.com.br\/loja\/?post_type=product&#038;p=29662"},"modified":"2023-10-24T14:42:43","modified_gmt":"2023-10-24T14:42:43","slug":"mouse-optico-usb-de-alta-precisao-1000dpi-preto-on-mu001-onistek","status":"publish","type":"product","link":"https:\/\/www.saralinatacado.com.br\/loja\/produto\/mouse-optico-usb-de-alta-precisao-1000dpi-preto-on-mu001-onistek\/","title":{"rendered":"MOUSE \u00d3PTICO USB DE ALTA PRECIS\u00c3O 1000DPI PRETO ON-MU001 ONISTEK"},"content":{"rendered":"<p><strong class=\"desctitle\">DETALHES DO PRODUTO:<\/strong><\/p>\n<p>\u2022 3 bot\u00f5e de fun\u00e7\u00e3o<\/p>\n<p>\u2022 Design ambidestro<\/p>\n<p>\u2022 Sensor \u00f3ptico de alta precis\u00e3o<\/p>\n<p>\u2022 Resolu\u00e7\u00e3o de 1000 DPI<\/p>\n<p>\u2022 Plug and Play<\/p>\n<p>\u2022 Conex\u00e3o USB<\/p>\n<p>\u2022 Alimenta\u00e7\u00e3o: 5Vdc (via porta USB)<\/p>\n<p>\u2022 Dimens\u00f5es: 118 x 61x 38 mm<\/p>\n","protected":false},"excerpt":{"rendered":"<p>DETALHES DO PRODUTO: \u2022 3 bot\u00f5e de fun\u00e7\u00e3o \u2022 Design ambidestro \u2022 Sensor \u00f3ptico de alta precis\u00e3o \u2022 Resolu\u00e7\u00e3o de 1000 DPI \u2022 Plug and Play \u2022 Conex\u00e3o USB \u2022 Alimenta\u00e7\u00e3o: 5Vdc (via porta USB) \u2022 Dimens\u00f5es: 118 x 61x 38 mm<\/p>\n","protected":false},"featured_media":29663,"comment_status":"open","ping_status":"closed","template":"","meta":{"_bbp_topic_count":0,"_bbp_reply_count":0,"_bbp_total_topic_count":0,"_bbp_total_reply_count":0,"_bbp_voice_count":0,"_bbp_anonymous_reply_count":0,"_bbp_topic_count_hidden":0,"_bbp_reply_count_hidden":0,"_bbp_forum_subforum_count":0,"_joinchat":[]},"product_brand":[],"product_cat":[107,108],"product_tag":[],"class_list":{"0":"post-29662","1":"product","2":"type-product","3":"status-publish","4":"has-post-thumbnail","6":"product_cat-acessorios","7":"product_cat-mouse","9":"first","10":"instock","11":"taxable","12":"shipping-taxable","13":"purchasable","14":"product-type-simple"},"_links":{"self":[{"href":"https:\/\/www.saralinatacado.com.br\/loja\/wp-json\/wp\/v2\/product\/29662","targetHints":{"allow":["GET"]}}],"collection":[{"href":"https:\/\/www.saralinatacado.com.br\/loja\/wp-json\/wp\/v2\/product"}],"about":[{"href":"https:\/\/www.saralinatacado.com.br\/loja\/wp-json\/wp\/v2\/types\/product"}],"replies":[{"embeddable":true,"href":"https:\/\/www.saralinatacado.com.br\/loja\/wp-json\/wp\/v2\/comments?post=29662"}],"wp:featuredmedia":[{"embeddable":true,"href":"https:\/\/www.saralinatacado.com.br\/loja\/wp-json\/wp\/v2\/media\/29663"}],"wp:attachment":[{"href":"https:\/\/www.saralinatacado.com.br\/loja\/wp-json\/wp\/v2\/media?parent=29662"}],"wp:term":[{"taxonomy":"product_brand","embeddable":true,"href":"https:\/\/www.saralinatacado.com.br\/loja\/wp-json\/wp\/v2\/product_brand?post=29662"},{"taxonomy":"product_cat","embeddable":true,"href":"https:\/\/www.saralinatacado.com.br\/loja\/wp-json\/wp\/v2\/product_cat?post=29662"},{"taxonomy":"product_tag","embeddable":true,"href":"https:\/\/www.saralinatacado.com.br\/loja\/wp-json\/wp\/v2\/product_tag?post=29662"}],"curies":[{"name":"wp","href":"https:\/\/api.w.org\/{rel}","templated":true}]}}