{"id":29657,"date":"2023-10-24T14:39:16","date_gmt":"2023-10-24T14:39:16","guid":{"rendered":"https:\/\/www.saralinatacado.com.br\/loja\/?post_type=product&#038;p=29657"},"modified":"2023-10-24T14:39:16","modified_gmt":"2023-10-24T14:39:16","slug":"mouse-optico-3d-verde-sb-s03-1000-dpi-com-fio-usb-design-ergonomico-preto","status":"publish","type":"product","link":"https:\/\/www.saralinatacado.com.br\/loja\/produto\/mouse-optico-3d-verde-sb-s03-1000-dpi-com-fio-usb-design-ergonomico-preto\/","title":{"rendered":"Mouse \u00d3ptico 3D Verde SB-S03, 1000 DPI, Com Fio, USB, Design Ergon\u00f4mico, Preto"},"content":{"rendered":"<p><strong>Caracter\u00edsticas:<\/strong><br \/>\n&#8211; Marca: Verde.<br \/>\n&#8211; Modelo: Sb-s03<\/p>\n<p><strong>Especifica\u00e7\u00f5es T\u00e9cnicas:<\/strong><br \/>\n&#8211; Porta: Conex\u00e3o Usb.<br \/>\n&#8211; Resolu\u00e7\u00e3o: 1000 Dpi.<br \/>\n&#8211; Tens\u00e3o Rotativa: 5v+-5% (bus Powered).<br \/>\n&#8211; Peso: 95 g +- 5.<br \/>\n&#8211; Comprimento do Cabo: 120cm +- 5.<br \/>\n&#8211; Material: Pl\u00e1stico (abs).<br \/>\n&#8211; Roda Antiderrapante.<br \/>\n&#8211; Compat\u00edvel para Todos os Sistemas.<\/p>\n<p><strong>Conte\u00fado da Embalagem:<\/strong><br \/>\n&#8211; 01 Mouse Gamer Com Fio.<\/p>\n","protected":false},"excerpt":{"rendered":"<p>Caracter\u00edsticas: &#8211; Marca: Verde. &#8211; Modelo: Sb-s03 Especifica\u00e7\u00f5es T\u00e9cnicas: &#8211; Porta: Conex\u00e3o Usb. &#8211; Resolu\u00e7\u00e3o: 1000 Dpi. &#8211; Tens\u00e3o Rotativa: 5v+-5% (bus Powered). &#8211; Peso: 95 g +- 5. &#8211; Comprimento do Cabo: 120cm +- 5. &#8211; Material: Pl\u00e1stico (abs). &#8211; Roda Antiderrapante. &#8211; Compat\u00edvel para Todos os Sistemas. Conte\u00fado da Embalagem: &#8211; 01 Mouse [&hellip;]\n","protected":false},"featured_media":29661,"comment_status":"open","ping_status":"closed","template":"","meta":{"_bbp_topic_count":0,"_bbp_reply_count":0,"_bbp_total_topic_count":0,"_bbp_total_reply_count":0,"_bbp_voice_count":0,"_bbp_anonymous_reply_count":0,"_bbp_topic_count_hidden":0,"_bbp_reply_count_hidden":0,"_bbp_forum_subforum_count":0,"_joinchat":[]},"product_brand":[],"product_cat":[107,108],"product_tag":[],"class_list":{"0":"post-29657","1":"product","2":"type-product","3":"status-publish","4":"has-post-thumbnail","6":"product_cat-acessorios","7":"product_cat-mouse","9":"first","10":"instock","11":"taxable","12":"shipping-taxable","13":"purchasable","14":"product-type-simple"},"_links":{"self":[{"href":"https:\/\/www.saralinatacado.com.br\/loja\/wp-json\/wp\/v2\/product\/29657","targetHints":{"allow":["GET"]}}],"collection":[{"href":"https:\/\/www.saralinatacado.com.br\/loja\/wp-json\/wp\/v2\/product"}],"about":[{"href":"https:\/\/www.saralinatacado.com.br\/loja\/wp-json\/wp\/v2\/types\/product"}],"replies":[{"embeddable":true,"href":"https:\/\/www.saralinatacado.com.br\/loja\/wp-json\/wp\/v2\/comments?post=29657"}],"wp:featuredmedia":[{"embeddable":true,"href":"https:\/\/www.saralinatacado.com.br\/loja\/wp-json\/wp\/v2\/media\/29661"}],"wp:attachment":[{"href":"https:\/\/www.saralinatacado.com.br\/loja\/wp-json\/wp\/v2\/media?parent=29657"}],"wp:term":[{"taxonomy":"product_brand","embeddable":true,"href":"https:\/\/www.saralinatacado.com.br\/loja\/wp-json\/wp\/v2\/product_brand?post=29657"},{"taxonomy":"product_cat","embeddable":true,"href":"https:\/\/www.saralinatacado.com.br\/loja\/wp-json\/wp\/v2\/product_cat?post=29657"},{"taxonomy":"product_tag","embeddable":true,"href":"https:\/\/www.saralinatacado.com.br\/loja\/wp-json\/wp\/v2\/product_tag?post=29657"}],"curies":[{"name":"wp","href":"https:\/\/api.w.org\/{rel}","templated":true}]}}