{"id":29654,"date":"2023-10-24T14:31:45","date_gmt":"2023-10-24T14:31:45","guid":{"rendered":"https:\/\/www.saralinatacado.com.br\/loja\/?post_type=product&#038;p=29654"},"modified":"2023-10-24T14:31:45","modified_gmt":"2023-10-24T14:31:45","slug":"suporte-tripe-celular-smartphone-mesa-portatil-selfie-360o","status":"publish","type":"product","link":"https:\/\/www.saralinatacado.com.br\/loja\/produto\/suporte-tripe-celular-smartphone-mesa-portatil-selfie-360o\/","title":{"rendered":"Suporte Trip\u00e9 Celular Smartphone Mesa Port\u00e1til Selfie 360\u00ba"},"content":{"rendered":"<p>SUPORTE DE MESA PARA CELULAR E TABLET &#8211; AJUST\u00c1VEL &#8211; PORT\u00c1TIL &#8211; DOBR\u00c1VEL &#8211; HORIZONTAL \u2013 VERTICAL &#8211; UNIVERSAL<\/p>\n<p>Apresentamos o Suporte Dobr\u00e1vel para Celular e Tablet, a solu\u00e7\u00e3o compacta e pr\u00e1tica para suas necessidades de visualiza\u00e7\u00e3o em dispositivos m\u00f3veis. Este suporte dobr\u00e1vel cabe facilmente no seu bolso ou bolsa, tornando-o o parceiro perfeito para viagens, reuni\u00f5es ou entretenimento em qualquer lugar. Sua estrutura e design inteligente garantem que seu celular ou tablet seja mantido em \u00e2ngulos confort\u00e1veis, permitindo que voc\u00ea desfrute de v\u00eddeos, video-chamadas ou trabalhe com facilidade. Tenha praticidade e portabilidade sempre \u00e0 m\u00e3o com este suporte dobr\u00e1vel, tornando seu uso de dispositivos m\u00f3veis mais conveniente do que nunca.<\/p>\n<p>&#8211; Compat\u00edvel com Celulares, Tablet, iPad e outros;<\/p>\n<p>&#8211; Dobr\u00e1vel, Pequeno e Port\u00e1til<\/p>\n<p>&#8211; Design Ergon\u00f4mico;<\/p>\n<p>&#8211; Pode utilizar seu aparelho na Vertical ou Horizontal<\/p>\n<p>&#8211; Material: Alum\u00ednio + Plastico ABS<\/p>\n<p>&#8211; Peso: 179 gramas<\/p>\n<p>Conte\u00fado da Embalagem:<\/p>\n<p>&#8211; 01 Suporte para Celular e Tablet.<\/p>\n","protected":false},"excerpt":{"rendered":"<p>SUPORTE DE MESA PARA CELULAR E TABLET &#8211; AJUST\u00c1VEL &#8211; PORT\u00c1TIL &#8211; DOBR\u00c1VEL &#8211; HORIZONTAL \u2013 VERTICAL &#8211; UNIVERSAL Apresentamos o Suporte Dobr\u00e1vel para Celular e Tablet, a solu\u00e7\u00e3o compacta e pr\u00e1tica para suas necessidades de visualiza\u00e7\u00e3o em dispositivos m\u00f3veis. Este suporte dobr\u00e1vel cabe facilmente no seu bolso ou bolsa, tornando-o o parceiro perfeito para [&hellip;]\n","protected":false},"featured_media":29656,"comment_status":"open","ping_status":"closed","template":"","meta":{"_bbp_topic_count":0,"_bbp_reply_count":0,"_bbp_total_topic_count":0,"_bbp_total_reply_count":0,"_bbp_voice_count":0,"_bbp_anonymous_reply_count":0,"_bbp_topic_count_hidden":0,"_bbp_reply_count_hidden":0,"_bbp_forum_subforum_count":0,"_joinchat":[]},"product_brand":[],"product_cat":[107],"product_tag":[],"class_list":{"0":"post-29654","1":"product","2":"type-product","3":"status-publish","4":"has-post-thumbnail","6":"product_cat-acessorios","8":"first","9":"instock","10":"taxable","11":"shipping-taxable","12":"purchasable","13":"product-type-simple"},"_links":{"self":[{"href":"https:\/\/www.saralinatacado.com.br\/loja\/wp-json\/wp\/v2\/product\/29654","targetHints":{"allow":["GET"]}}],"collection":[{"href":"https:\/\/www.saralinatacado.com.br\/loja\/wp-json\/wp\/v2\/product"}],"about":[{"href":"https:\/\/www.saralinatacado.com.br\/loja\/wp-json\/wp\/v2\/types\/product"}],"replies":[{"embeddable":true,"href":"https:\/\/www.saralinatacado.com.br\/loja\/wp-json\/wp\/v2\/comments?post=29654"}],"wp:featuredmedia":[{"embeddable":true,"href":"https:\/\/www.saralinatacado.com.br\/loja\/wp-json\/wp\/v2\/media\/29656"}],"wp:attachment":[{"href":"https:\/\/www.saralinatacado.com.br\/loja\/wp-json\/wp\/v2\/media?parent=29654"}],"wp:term":[{"taxonomy":"product_brand","embeddable":true,"href":"https:\/\/www.saralinatacado.com.br\/loja\/wp-json\/wp\/v2\/product_brand?post=29654"},{"taxonomy":"product_cat","embeddable":true,"href":"https:\/\/www.saralinatacado.com.br\/loja\/wp-json\/wp\/v2\/product_cat?post=29654"},{"taxonomy":"product_tag","embeddable":true,"href":"https:\/\/www.saralinatacado.com.br\/loja\/wp-json\/wp\/v2\/product_tag?post=29654"}],"curies":[{"name":"wp","href":"https:\/\/api.w.org\/{rel}","templated":true}]}}