{"id":29650,"date":"2023-10-24T14:28:33","date_gmt":"2023-10-24T14:28:33","guid":{"rendered":"https:\/\/www.saralinatacado.com.br\/loja\/?post_type=product&#038;p=29650"},"modified":"2023-10-24T14:28:33","modified_gmt":"2023-10-24T14:28:33","slug":"suporte-celular-veicular-ar-condicionado-universal","status":"publish","type":"product","link":"https:\/\/www.saralinatacado.com.br\/loja\/produto\/suporte-celular-veicular-ar-condicionado-universal\/","title":{"rendered":"Suporte Celular Veicular Ar Condicionado Universal"},"content":{"rendered":"<h2 class=\"ui-pdp-description__title\">Descri\u00e7\u00e3o<\/h2>\n<p class=\"ui-pdp-description__content\">Suporte Celular E Gps Veicular Sa\u00edda De Ar-condicionado Preto<\/p>\n<p>Ter o smartphone sempre pr\u00f3ximo, ouvir as m\u00fasicas preferidas ou falar com amigos e parentes \u00e9 o que gostaria todo motorista que passa horas em frente ao volante.<br \/>\nO suporte para celular e Gps Slim realiza todas essas fun\u00e7\u00f5es e mais algumas.<br \/>\nEle garante perfeita fixa\u00e7\u00e3o para o celular, permitindo rota\u00e7\u00e3o em 360\u00b0, e ainda permitindo o resfriamento enquanto funciona.<br \/>\nO suporte \u00e9 muito compacto, fixa dispositivos de at\u00e9 6 polegadas e ainda possui dois pontos de contato revestidos em borracha para dar mais estabilidade ao celular.<br \/>\nA instala\u00e7\u00e3o \u00e9 super f\u00e1cil e o manuseio tamb\u00e9m.<\/p>\n<p>Informa\u00e7\u00f5es do produto:<\/p>\n<p>&#8211; Fixa\u00e7\u00e3o por encaixe no ar-condicionado<br \/>\n&#8211; Clipe com 2 pontos de contato e apliques em silicone para fixar celulares e smartphones com seguran\u00e7a<br \/>\n&#8211; Gira em 360\u00b0<br \/>\n&#8211; Comporta dispositivos de at\u00e9 6 polegadas<br \/>\n&#8211; F\u00e1cil de inserir e remover<br \/>\n&#8211; Resfriamento do aparelho<\/p>\n<p>Itens Inclusos:<\/p>\n<p>1 &#8211; Suporte para ar condicionado de carros para celular e Gps Slim<\/p>\n<p>Modo de uso:<\/p>\n<p>1. Insira o suporte no ar-condicionado, e prenda-o na grade de prote\u00e7\u00e3o.<br \/>\n2. Afaste as extremidades do suporte e insira o celular dentro. Verifique se o celular est\u00e1 bem fixado.<\/p>\n","protected":false},"excerpt":{"rendered":"<p>Descri\u00e7\u00e3o Suporte Celular E Gps Veicular Sa\u00edda De Ar-condicionado Preto Ter o smartphone sempre pr\u00f3ximo, ouvir as m\u00fasicas preferidas ou falar com amigos e parentes \u00e9 o que gostaria todo motorista que passa horas em frente ao volante. O suporte para celular e Gps Slim realiza todas essas fun\u00e7\u00f5es e mais algumas. Ele garante perfeita [&hellip;]\n","protected":false},"featured_media":29652,"comment_status":"open","ping_status":"closed","template":"","meta":{"_bbp_topic_count":0,"_bbp_reply_count":0,"_bbp_total_topic_count":0,"_bbp_total_reply_count":0,"_bbp_voice_count":0,"_bbp_anonymous_reply_count":0,"_bbp_topic_count_hidden":0,"_bbp_reply_count_hidden":0,"_bbp_forum_subforum_count":0,"_joinchat":[]},"product_brand":[],"product_cat":[107],"product_tag":[],"class_list":{"0":"post-29650","1":"product","2":"type-product","3":"status-publish","4":"has-post-thumbnail","6":"product_cat-acessorios","8":"first","9":"instock","10":"taxable","11":"shipping-taxable","12":"purchasable","13":"product-type-simple"},"_links":{"self":[{"href":"https:\/\/www.saralinatacado.com.br\/loja\/wp-json\/wp\/v2\/product\/29650","targetHints":{"allow":["GET"]}}],"collection":[{"href":"https:\/\/www.saralinatacado.com.br\/loja\/wp-json\/wp\/v2\/product"}],"about":[{"href":"https:\/\/www.saralinatacado.com.br\/loja\/wp-json\/wp\/v2\/types\/product"}],"replies":[{"embeddable":true,"href":"https:\/\/www.saralinatacado.com.br\/loja\/wp-json\/wp\/v2\/comments?post=29650"}],"wp:featuredmedia":[{"embeddable":true,"href":"https:\/\/www.saralinatacado.com.br\/loja\/wp-json\/wp\/v2\/media\/29652"}],"wp:attachment":[{"href":"https:\/\/www.saralinatacado.com.br\/loja\/wp-json\/wp\/v2\/media?parent=29650"}],"wp:term":[{"taxonomy":"product_brand","embeddable":true,"href":"https:\/\/www.saralinatacado.com.br\/loja\/wp-json\/wp\/v2\/product_brand?post=29650"},{"taxonomy":"product_cat","embeddable":true,"href":"https:\/\/www.saralinatacado.com.br\/loja\/wp-json\/wp\/v2\/product_cat?post=29650"},{"taxonomy":"product_tag","embeddable":true,"href":"https:\/\/www.saralinatacado.com.br\/loja\/wp-json\/wp\/v2\/product_tag?post=29650"}],"curies":[{"name":"wp","href":"https:\/\/api.w.org\/{rel}","templated":true}]}}