{"id":29646,"date":"2023-10-24T14:24:08","date_gmt":"2023-10-24T14:24:08","guid":{"rendered":"https:\/\/www.saralinatacado.com.br\/loja\/?post_type=product&#038;p=29646"},"modified":"2023-10-24T14:24:08","modified_gmt":"2023-10-24T14:24:08","slug":"suporte-veicular-para-celular-retrovisor-de-carro-universal-a-gold","status":"publish","type":"product","link":"https:\/\/www.saralinatacado.com.br\/loja\/produto\/suporte-veicular-para-celular-retrovisor-de-carro-universal-a-gold\/","title":{"rendered":"Suporte Veicular Para Celular Retrovisor De Carro Universal &#8211; A GOLD"},"content":{"rendered":"<h2 class=\"sc-kpDqfm ivZCgz\" data-testid=\"product-detail-label\">Informa\u00e7\u00f5es do Produto<\/h2>\n<p><span class=\"sc-kpDqfm qhIEo\" data-testid=\"product-detail-title\">Suporte Veicular Para Celular Retrovisor De Carro Universal &#8211; A GOLD<\/span><\/p>\n<div class=\"sc-fqkvVR heuZyN sc-dnvZjJ dtJjfe\" data-testid=\"product-detail-description\">\n<div class=\"sc-fqkvVR hlqElk sc-jcdlHQ cxsdMT\" data-testid=\"rich-content-container\">Suporte de Celular Universal A Gold Para Retrovisor De Carro Suporte mais seguroSuporte para espelho retrovisor A Gold \u00e9 universal e ajust\u00e1vel, para celulares e dispositivos de navega\u00e7\u00e3o de at\u00e9 5 polegadas. Ele \u00e9 de f\u00e1cil instala\u00e7\u00e3o, sem necessidade de ferramentas, e \u00e9 resistente ao choque e deslizamentos. O uso de \u00e2ngulo de liga\u00e7\u00e3o de esfera girat\u00f3ria e mandril, pode atingir 360 graus de rota\u00e7\u00e3o livre, f\u00e1cil e conveniente, para atender a todas as suas necessidades.- Para Espelho Retrovisor &#8211; Universal- Ajust\u00e1vel- \u00c2ngulo de 360\u00b0\u25b8 Resistente ao choque e deslizamentos\u25b8 F\u00e1cil instala\u00e7\u00e3oImagens meramente ilustrativas<\/div>\n<\/div>\n","protected":false},"excerpt":{"rendered":"<p>Informa\u00e7\u00f5es do Produto Suporte Veicular Para Celular Retrovisor De Carro Universal &#8211; A GOLD Suporte de Celular Universal A Gold Para Retrovisor De Carro Suporte mais seguroSuporte para espelho retrovisor A Gold \u00e9 universal e ajust\u00e1vel, para celulares e dispositivos de navega\u00e7\u00e3o de at\u00e9 5 polegadas. Ele \u00e9 de f\u00e1cil instala\u00e7\u00e3o, sem necessidade de ferramentas, [&hellip;]\n","protected":false},"featured_media":29648,"comment_status":"open","ping_status":"closed","template":"","meta":{"_bbp_topic_count":0,"_bbp_reply_count":0,"_bbp_total_topic_count":0,"_bbp_total_reply_count":0,"_bbp_voice_count":0,"_bbp_anonymous_reply_count":0,"_bbp_topic_count_hidden":0,"_bbp_reply_count_hidden":0,"_bbp_forum_subforum_count":0,"_joinchat":[]},"product_brand":[],"product_cat":[107],"product_tag":[],"class_list":{"0":"post-29646","1":"product","2":"type-product","3":"status-publish","4":"has-post-thumbnail","6":"product_cat-acessorios","8":"first","9":"instock","10":"taxable","11":"shipping-taxable","12":"purchasable","13":"product-type-simple"},"_links":{"self":[{"href":"https:\/\/www.saralinatacado.com.br\/loja\/wp-json\/wp\/v2\/product\/29646","targetHints":{"allow":["GET"]}}],"collection":[{"href":"https:\/\/www.saralinatacado.com.br\/loja\/wp-json\/wp\/v2\/product"}],"about":[{"href":"https:\/\/www.saralinatacado.com.br\/loja\/wp-json\/wp\/v2\/types\/product"}],"replies":[{"embeddable":true,"href":"https:\/\/www.saralinatacado.com.br\/loja\/wp-json\/wp\/v2\/comments?post=29646"}],"wp:featuredmedia":[{"embeddable":true,"href":"https:\/\/www.saralinatacado.com.br\/loja\/wp-json\/wp\/v2\/media\/29648"}],"wp:attachment":[{"href":"https:\/\/www.saralinatacado.com.br\/loja\/wp-json\/wp\/v2\/media?parent=29646"}],"wp:term":[{"taxonomy":"product_brand","embeddable":true,"href":"https:\/\/www.saralinatacado.com.br\/loja\/wp-json\/wp\/v2\/product_brand?post=29646"},{"taxonomy":"product_cat","embeddable":true,"href":"https:\/\/www.saralinatacado.com.br\/loja\/wp-json\/wp\/v2\/product_cat?post=29646"},{"taxonomy":"product_tag","embeddable":true,"href":"https:\/\/www.saralinatacado.com.br\/loja\/wp-json\/wp\/v2\/product_tag?post=29646"}],"curies":[{"name":"wp","href":"https:\/\/api.w.org\/{rel}","templated":true}]}}