{"id":29637,"date":"2023-10-24T14:14:19","date_gmt":"2023-10-24T14:14:19","guid":{"rendered":"https:\/\/www.saralinatacado.com.br\/loja\/?post_type=product&#038;p=29637"},"modified":"2023-10-24T14:14:53","modified_gmt":"2023-10-24T14:14:53","slug":"suporte-veicular-para-celular-preto-le-042-it-blue","status":"publish","type":"product","link":"https:\/\/www.saralinatacado.com.br\/loja\/produto\/suporte-veicular-para-celular-preto-le-042-it-blue\/","title":{"rendered":"Suporte Veicular para Celular Preto LE-042 IT-BLUE"},"content":{"rendered":"<p>Suporte celular para carro, \u00e9 universal da marca IT-BLUE \u00e9 ideal para fixar seu aparelho na sa\u00edda de ar do ve\u00edculo.<br \/>\nPossui um design inovador, compacto e permite encaixar o seu aparelho celular com seguran\u00e7a.<\/p>\n<p>Caracter\u00edsticas:<br \/>\n&#8211; Port\u00e1til e discreto.<br \/>\n&#8211; Tamanho ajust\u00e1vel, expans\u00edvel at\u00e9 85 mm.<br \/>\n&#8211; Suporta aparelhos celulares de at\u00e9 5,5 polegadas.<\/p>\n<p>Adquira j\u00e1 o seu suporte para celular\u00a0de carro!<\/p>\n<p>Itens Inclusos:<br \/>\n-1 suporte para celular<\/p>\n","protected":false},"excerpt":{"rendered":"<p>Suporte celular para carro, \u00e9 universal da marca IT-BLUE \u00e9 ideal para fixar seu aparelho na sa\u00edda de ar do ve\u00edculo. Possui um design inovador, compacto e permite encaixar o seu aparelho celular com seguran\u00e7a. Caracter\u00edsticas: &#8211; Port\u00e1til e discreto. &#8211; Tamanho ajust\u00e1vel, expans\u00edvel at\u00e9 85 mm. &#8211; Suporta aparelhos celulares de at\u00e9 5,5 polegadas. [&hellip;]\n","protected":false},"featured_media":29640,"comment_status":"open","ping_status":"closed","template":"","meta":{"_bbp_topic_count":0,"_bbp_reply_count":0,"_bbp_total_topic_count":0,"_bbp_total_reply_count":0,"_bbp_voice_count":0,"_bbp_anonymous_reply_count":0,"_bbp_topic_count_hidden":0,"_bbp_reply_count_hidden":0,"_bbp_forum_subforum_count":0,"_joinchat":[]},"product_brand":[],"product_cat":[107],"product_tag":[],"class_list":{"0":"post-29637","1":"product","2":"type-product","3":"status-publish","4":"has-post-thumbnail","6":"product_cat-acessorios","8":"first","9":"instock","10":"taxable","11":"shipping-taxable","12":"purchasable","13":"product-type-simple"},"_links":{"self":[{"href":"https:\/\/www.saralinatacado.com.br\/loja\/wp-json\/wp\/v2\/product\/29637","targetHints":{"allow":["GET"]}}],"collection":[{"href":"https:\/\/www.saralinatacado.com.br\/loja\/wp-json\/wp\/v2\/product"}],"about":[{"href":"https:\/\/www.saralinatacado.com.br\/loja\/wp-json\/wp\/v2\/types\/product"}],"replies":[{"embeddable":true,"href":"https:\/\/www.saralinatacado.com.br\/loja\/wp-json\/wp\/v2\/comments?post=29637"}],"wp:featuredmedia":[{"embeddable":true,"href":"https:\/\/www.saralinatacado.com.br\/loja\/wp-json\/wp\/v2\/media\/29640"}],"wp:attachment":[{"href":"https:\/\/www.saralinatacado.com.br\/loja\/wp-json\/wp\/v2\/media?parent=29637"}],"wp:term":[{"taxonomy":"product_brand","embeddable":true,"href":"https:\/\/www.saralinatacado.com.br\/loja\/wp-json\/wp\/v2\/product_brand?post=29637"},{"taxonomy":"product_cat","embeddable":true,"href":"https:\/\/www.saralinatacado.com.br\/loja\/wp-json\/wp\/v2\/product_cat?post=29637"},{"taxonomy":"product_tag","embeddable":true,"href":"https:\/\/www.saralinatacado.com.br\/loja\/wp-json\/wp\/v2\/product_tag?post=29637"}],"curies":[{"name":"wp","href":"https:\/\/api.w.org\/{rel}","templated":true}]}}