{"id":29628,"date":"2023-10-24T14:04:09","date_gmt":"2023-10-24T14:04:09","guid":{"rendered":"https:\/\/www.saralinatacado.com.br\/loja\/?post_type=product&#038;p=29628"},"modified":"2023-10-24T14:04:09","modified_gmt":"2023-10-24T14:04:09","slug":"suporte-veicular-articulado-mex-360-c-1018","status":"publish","type":"product","link":"https:\/\/www.saralinatacado.com.br\/loja\/produto\/suporte-veicular-articulado-mex-360-c-1018\/","title":{"rendered":"Suporte Veicular Articulado mex 360\u00b0 C-1018"},"content":{"rendered":"<p>Compacto e leve, f\u00e1cil de inserir no para brisa do seu carro, ele garante economia de espa\u00e7o<br \/>\n360 graus de rota\u00e7\u00e3o, \u00e2ngulo ajust\u00e1vel e seguro para o uso<br \/>\nFabricado em Pl\u00e1stico Altamente Resistente<br \/>\nIdeal para Celulares e gps<br \/>\nHastes Flex\u00edveis<br \/>\nDi\u00e2metro da Ventosa: 70 mm<br \/>\nEngate de Suc\u00e7\u00e3o com Alavanca<br \/>\nBasta posicionar o suporte e pressionar a trava para que a ventosa possa se fixar na superf\u00edcie desejada.<\/p>\n","protected":false},"excerpt":{"rendered":"<p>Compacto e leve, f\u00e1cil de inserir no para brisa do seu carro, ele garante economia de espa\u00e7o 360 graus de rota\u00e7\u00e3o, \u00e2ngulo ajust\u00e1vel e seguro para o uso Fabricado em Pl\u00e1stico Altamente Resistente Ideal para Celulares e gps Hastes Flex\u00edveis Di\u00e2metro da Ventosa: 70 mm Engate de Suc\u00e7\u00e3o com Alavanca Basta posicionar o suporte e [&hellip;]\n","protected":false},"featured_media":29630,"comment_status":"open","ping_status":"closed","template":"","meta":{"_bbp_topic_count":0,"_bbp_reply_count":0,"_bbp_total_topic_count":0,"_bbp_total_reply_count":0,"_bbp_voice_count":0,"_bbp_anonymous_reply_count":0,"_bbp_topic_count_hidden":0,"_bbp_reply_count_hidden":0,"_bbp_forum_subforum_count":0,"_joinchat":[]},"product_brand":[],"product_cat":[107],"product_tag":[],"class_list":{"0":"post-29628","1":"product","2":"type-product","3":"status-publish","4":"has-post-thumbnail","6":"product_cat-acessorios","8":"first","9":"instock","10":"taxable","11":"shipping-taxable","12":"purchasable","13":"product-type-simple"},"_links":{"self":[{"href":"https:\/\/www.saralinatacado.com.br\/loja\/wp-json\/wp\/v2\/product\/29628","targetHints":{"allow":["GET"]}}],"collection":[{"href":"https:\/\/www.saralinatacado.com.br\/loja\/wp-json\/wp\/v2\/product"}],"about":[{"href":"https:\/\/www.saralinatacado.com.br\/loja\/wp-json\/wp\/v2\/types\/product"}],"replies":[{"embeddable":true,"href":"https:\/\/www.saralinatacado.com.br\/loja\/wp-json\/wp\/v2\/comments?post=29628"}],"wp:featuredmedia":[{"embeddable":true,"href":"https:\/\/www.saralinatacado.com.br\/loja\/wp-json\/wp\/v2\/media\/29630"}],"wp:attachment":[{"href":"https:\/\/www.saralinatacado.com.br\/loja\/wp-json\/wp\/v2\/media?parent=29628"}],"wp:term":[{"taxonomy":"product_brand","embeddable":true,"href":"https:\/\/www.saralinatacado.com.br\/loja\/wp-json\/wp\/v2\/product_brand?post=29628"},{"taxonomy":"product_cat","embeddable":true,"href":"https:\/\/www.saralinatacado.com.br\/loja\/wp-json\/wp\/v2\/product_cat?post=29628"},{"taxonomy":"product_tag","embeddable":true,"href":"https:\/\/www.saralinatacado.com.br\/loja\/wp-json\/wp\/v2\/product_tag?post=29628"}],"curies":[{"name":"wp","href":"https:\/\/api.w.org\/{rel}","templated":true}]}}