{"id":29623,"date":"2023-10-24T13:54:12","date_gmt":"2023-10-24T13:54:12","guid":{"rendered":"https:\/\/www.saralinatacado.com.br\/loja\/?post_type=product&#038;p=29623"},"modified":"2023-10-24T13:54:12","modified_gmt":"2023-10-24T13:54:12","slug":"carregador-por-inducao-magsafe-iphone-sem-fio-wireless","status":"publish","type":"product","link":"https:\/\/www.saralinatacado.com.br\/loja\/produto\/carregador-por-inducao-magsafe-iphone-sem-fio-wireless\/","title":{"rendered":"Carregador Por Indu\u00e7\u00e3o Magsafe iPhone Sem Fio Wireless"},"content":{"rendered":"<p>Caracter\u00edsticas t\u00e9cnicas:<br \/>\nCor: Branco;<br \/>\nMaterial: Abs + pc;<br \/>\nTipo de bateria: Bateria de \u00edon de l\u00edtio;<br \/>\nEntrada: 5-9V3A Max;<br \/>\nPorto de carregamento: Ilumina\u00e7\u00e3o;<br \/>\nPeso bruto: 150g.<\/p>\n<p>Compat\u00edvel Com &#8211;<br \/>\n&#8211; iPhone 14<br \/>\n&#8211; iPhone 14 Pro Max<br \/>\n&#8211; iPhone 14 Pro<br \/>\n&#8211; iPhone 13<br \/>\n&#8211; iPhone 13 mini<br \/>\n&#8211; iPhone 13 Pro<br \/>\n&#8211; iPhone 13 Pro Max<br \/>\n&#8211; iPhone 12 Pro<br \/>\n&#8211; iPhone 12 Pro Max<br \/>\n&#8211; iPhone 12 mini<br \/>\n&#8211; iPhone 12<\/p>\n<p>Acompanha um Power Bank de carregamento por aproxima\u00e7\u00e3o.<\/p>\n<p>Para usar no iPhone X, XS, XR , 11, 11 Pro ou 11 Pro Max \u00e9 necess\u00e1rio usar cases com tecnologia magsafe com o anel magn\u00e9tico.<\/p>\n<p>MEDIDAS:<br \/>\nAltura: 9,5cm<br \/>\nLargura: 6,5cm<br \/>\nComprimento: 1cm<br \/>\nPeso: 90g<\/p>\n","protected":false},"excerpt":{"rendered":"<p>Caracter\u00edsticas t\u00e9cnicas: Cor: Branco; Material: Abs + pc; Tipo de bateria: Bateria de \u00edon de l\u00edtio; Entrada: 5-9V3A Max; Porto de carregamento: Ilumina\u00e7\u00e3o; Peso bruto: 150g. Compat\u00edvel Com &#8211; &#8211; iPhone 14 &#8211; iPhone 14 Pro Max &#8211; iPhone 14 Pro &#8211; iPhone 13 &#8211; iPhone 13 mini &#8211; iPhone 13 Pro &#8211; iPhone 13 [&hellip;]\n","protected":false},"featured_media":29625,"comment_status":"open","ping_status":"closed","template":"","meta":{"_bbp_topic_count":0,"_bbp_reply_count":0,"_bbp_total_topic_count":0,"_bbp_total_reply_count":0,"_bbp_voice_count":0,"_bbp_anonymous_reply_count":0,"_bbp_topic_count_hidden":0,"_bbp_reply_count_hidden":0,"_bbp_forum_subforum_count":0,"_joinchat":[]},"product_brand":[],"product_cat":[100,208],"product_tag":[],"class_list":{"0":"post-29623","1":"product","2":"type-product","3":"status-publish","4":"has-post-thumbnail","6":"product_cat-alimentacao","7":"product_cat-carregadores","9":"first","10":"instock","11":"taxable","12":"shipping-taxable","13":"purchasable","14":"product-type-simple"},"_links":{"self":[{"href":"https:\/\/www.saralinatacado.com.br\/loja\/wp-json\/wp\/v2\/product\/29623","targetHints":{"allow":["GET"]}}],"collection":[{"href":"https:\/\/www.saralinatacado.com.br\/loja\/wp-json\/wp\/v2\/product"}],"about":[{"href":"https:\/\/www.saralinatacado.com.br\/loja\/wp-json\/wp\/v2\/types\/product"}],"replies":[{"embeddable":true,"href":"https:\/\/www.saralinatacado.com.br\/loja\/wp-json\/wp\/v2\/comments?post=29623"}],"wp:featuredmedia":[{"embeddable":true,"href":"https:\/\/www.saralinatacado.com.br\/loja\/wp-json\/wp\/v2\/media\/29625"}],"wp:attachment":[{"href":"https:\/\/www.saralinatacado.com.br\/loja\/wp-json\/wp\/v2\/media?parent=29623"}],"wp:term":[{"taxonomy":"product_brand","embeddable":true,"href":"https:\/\/www.saralinatacado.com.br\/loja\/wp-json\/wp\/v2\/product_brand?post=29623"},{"taxonomy":"product_cat","embeddable":true,"href":"https:\/\/www.saralinatacado.com.br\/loja\/wp-json\/wp\/v2\/product_cat?post=29623"},{"taxonomy":"product_tag","embeddable":true,"href":"https:\/\/www.saralinatacado.com.br\/loja\/wp-json\/wp\/v2\/product_tag?post=29623"}],"curies":[{"name":"wp","href":"https:\/\/api.w.org\/{rel}","templated":true}]}}