{"id":29618,"date":"2023-10-24T13:46:48","date_gmt":"2023-10-24T13:46:48","guid":{"rendered":"https:\/\/www.saralinatacado.com.br\/loja\/?post_type=product&#038;p=29618"},"modified":"2023-10-24T13:46:48","modified_gmt":"2023-10-24T13:46:48","slug":"carregador-portatil-power-bank-5-000mah-it-blue-max-0529","status":"publish","type":"product","link":"https:\/\/www.saralinatacado.com.br\/loja\/produto\/carregador-portatil-power-bank-5-000mah-it-blue-max-0529\/","title":{"rendered":"Carregador Portatil power bank 5.000mah it- blue max \u2013 0529"},"content":{"rendered":"<div class=\"sc-fqkvVR clbOvz sc-kWhykh eJMnGG\" data-testid=\"product-detail\"><span class=\"sc-kpDqfm qhIEo\" data-testid=\"product-detail-title\">Bateria Carregador Power Bank 10.000 mAh Port\u00e1til<\/span><\/p>\n<div class=\"sc-fqkvVR heuZyN sc-dnvZjJ dtJjfe\" data-testid=\"product-detail-description\">\n<div class=\"sc-fqkvVR hlqElk sc-jcdlHQ cxsdMT\" data-testid=\"rich-content-container\">Com a Power Bank MAX-0528 de 10000mAh da It-Blue possui seu design compacto sendo poss\u00edvel levar uma bateria extra para todos os lugares.Bateria de pol\u00edmero de l\u00edtio de alta qualidade incorporada, boa efici\u00eancia para o armazenamento de energia, duas sa\u00eddas USB.Duas sa\u00eddas com corrente 2.1 A; podem carregar telefones, e outros pequenos dispositivos eletr\u00f4nicos simultaneamente.Compat\u00edvel com a maioria dos celulares, tablets e outros dispositivos m\u00f3veis pequenos.Estojo exterior ABS e PC feito de mat\u00e9rias ABS e PC ecol\u00f3gicos com processo de fundi\u00e7\u00e3o sob press\u00e3o ultra-s\u00f4nica.Possui quatro indicadores em LED que informam a carga da Power Bank. Quando sua bateria est\u00e1 acabando, a luz come\u00e7a a piscar.Cor: ser\u00e1 enviado conforme disponibilidade em estoque.Especifica\u00e7\u00e3o:- Pot\u00eancia: 36Wh- Capacidade: 10.000mAh- Entrada: DC5V\/2.1 (micro)- Sa\u00edda 1: DC5V\/2.1A (max)- Sa\u00edda 2: DC5V\/2.1A (max) Conte\u00fado da Embalagem: 1 x Power Bank MAX-0528 1 x Cabo Micro USB<\/div>\n<\/div>\n<\/div>\n<div class=\"sc-fqkvVR hlqElk\" data-testid=\"lazyload-container\"><\/div>\n","protected":false},"excerpt":{"rendered":"<p>Bateria Carregador Power Bank 10.000 mAh Port\u00e1til Com a Power Bank MAX-0528 de 10000mAh da It-Blue possui seu design compacto sendo poss\u00edvel levar uma bateria extra para todos os lugares.Bateria de pol\u00edmero de l\u00edtio de alta qualidade incorporada, boa efici\u00eancia para o armazenamento de energia, duas sa\u00eddas USB.Duas sa\u00eddas com corrente 2.1 A; podem carregar [&hellip;]\n","protected":false},"featured_media":29619,"comment_status":"open","ping_status":"closed","template":"","meta":{"_bbp_topic_count":0,"_bbp_reply_count":0,"_bbp_total_topic_count":0,"_bbp_total_reply_count":0,"_bbp_voice_count":0,"_bbp_anonymous_reply_count":0,"_bbp_topic_count_hidden":0,"_bbp_reply_count_hidden":0,"_bbp_forum_subforum_count":0,"_joinchat":[]},"product_brand":[],"product_cat":[100,208],"product_tag":[],"class_list":{"0":"post-29618","1":"product","2":"type-product","3":"status-publish","4":"has-post-thumbnail","6":"product_cat-alimentacao","7":"product_cat-carregadores","9":"first","10":"instock","11":"taxable","12":"shipping-taxable","13":"purchasable","14":"product-type-simple"},"_links":{"self":[{"href":"https:\/\/www.saralinatacado.com.br\/loja\/wp-json\/wp\/v2\/product\/29618","targetHints":{"allow":["GET"]}}],"collection":[{"href":"https:\/\/www.saralinatacado.com.br\/loja\/wp-json\/wp\/v2\/product"}],"about":[{"href":"https:\/\/www.saralinatacado.com.br\/loja\/wp-json\/wp\/v2\/types\/product"}],"replies":[{"embeddable":true,"href":"https:\/\/www.saralinatacado.com.br\/loja\/wp-json\/wp\/v2\/comments?post=29618"}],"wp:featuredmedia":[{"embeddable":true,"href":"https:\/\/www.saralinatacado.com.br\/loja\/wp-json\/wp\/v2\/media\/29619"}],"wp:attachment":[{"href":"https:\/\/www.saralinatacado.com.br\/loja\/wp-json\/wp\/v2\/media?parent=29618"}],"wp:term":[{"taxonomy":"product_brand","embeddable":true,"href":"https:\/\/www.saralinatacado.com.br\/loja\/wp-json\/wp\/v2\/product_brand?post=29618"},{"taxonomy":"product_cat","embeddable":true,"href":"https:\/\/www.saralinatacado.com.br\/loja\/wp-json\/wp\/v2\/product_cat?post=29618"},{"taxonomy":"product_tag","embeddable":true,"href":"https:\/\/www.saralinatacado.com.br\/loja\/wp-json\/wp\/v2\/product_tag?post=29618"}],"curies":[{"name":"wp","href":"https:\/\/api.w.org\/{rel}","templated":true}]}}