{"id":29609,"date":"2023-10-24T13:30:19","date_gmt":"2023-10-24T13:30:19","guid":{"rendered":"https:\/\/www.saralinatacado.com.br\/loja\/?post_type=product&#038;p=29609"},"modified":"2023-10-24T13:30:20","modified_gmt":"2023-10-24T13:30:20","slug":"carregador-portatil-lucky-10000mah-original-4-cabos-558","status":"publish","type":"product","link":"https:\/\/www.saralinatacado.com.br\/loja\/produto\/carregador-portatil-lucky-10000mah-original-4-cabos-558\/","title":{"rendered":"Carregador Port\u00e1til Lucky 10000mah Original 4 Cabos 558"},"content":{"rendered":"<p>Especifica\u00e7\u00f5es: Chegue at\u00e9 4 cargas completas no seu smartphone (dispositivos de at\u00e9 8000mAh) e leve sua bateria para te acompanhar no trabalho, em shows, viagens e onde mais voc\u00ea precisar com muito estilo e qualidade. Capacidade: 10000mAh Entrada Micro Usb: 5v\/2.0A Entrada USB Tipo-C: 5v\/2.0A Sa\u00edda USB : DC 5V-1.0A Sa\u00edda USB : DC 5V-2.0A Tempo para recarga: ~3-4 horas Ciclos de recarga: &gt;500 vezes Peso Liquido : 285 g Material ABS resistente Tecnologia Smart Charge: Sa\u00eddas USB Inteligentes que detectam automaticamente o dispositivo conectado e otimizam a energia adequada para um r\u00e1pido carregamento. Compat\u00edvel com Tablet, Games, Smartwatch, Caixas de som Bluetooth, Fones Bluetooth e outros dispositivos. Inculso Itens 1 cabo Micro usb &#8211; Usb 1 Carregador LU558 10000MHA Lucky amazonia digital<\/p>\n","protected":false},"excerpt":{"rendered":"<p>Especifica\u00e7\u00f5es: Chegue at\u00e9 4 cargas completas no seu smartphone (dispositivos de at\u00e9 8000mAh) e leve sua bateria para te acompanhar no trabalho, em shows, viagens e onde mais voc\u00ea precisar com muito estilo e qualidade. Capacidade: 10000mAh Entrada Micro Usb: 5v\/2.0A Entrada USB Tipo-C: 5v\/2.0A Sa\u00edda USB : DC 5V-1.0A Sa\u00edda USB : DC 5V-2.0A [&hellip;]\n","protected":false},"featured_media":29611,"comment_status":"open","ping_status":"closed","template":"","meta":{"_bbp_topic_count":0,"_bbp_reply_count":0,"_bbp_total_topic_count":0,"_bbp_total_reply_count":0,"_bbp_voice_count":0,"_bbp_anonymous_reply_count":0,"_bbp_topic_count_hidden":0,"_bbp_reply_count_hidden":0,"_bbp_forum_subforum_count":0,"_joinchat":[]},"product_brand":[],"product_cat":[100,208],"product_tag":[],"class_list":{"0":"post-29609","1":"product","2":"type-product","3":"status-publish","4":"has-post-thumbnail","6":"product_cat-alimentacao","7":"product_cat-carregadores","9":"first","10":"instock","11":"taxable","12":"shipping-taxable","13":"purchasable","14":"product-type-simple"},"_links":{"self":[{"href":"https:\/\/www.saralinatacado.com.br\/loja\/wp-json\/wp\/v2\/product\/29609","targetHints":{"allow":["GET"]}}],"collection":[{"href":"https:\/\/www.saralinatacado.com.br\/loja\/wp-json\/wp\/v2\/product"}],"about":[{"href":"https:\/\/www.saralinatacado.com.br\/loja\/wp-json\/wp\/v2\/types\/product"}],"replies":[{"embeddable":true,"href":"https:\/\/www.saralinatacado.com.br\/loja\/wp-json\/wp\/v2\/comments?post=29609"}],"wp:featuredmedia":[{"embeddable":true,"href":"https:\/\/www.saralinatacado.com.br\/loja\/wp-json\/wp\/v2\/media\/29611"}],"wp:attachment":[{"href":"https:\/\/www.saralinatacado.com.br\/loja\/wp-json\/wp\/v2\/media?parent=29609"}],"wp:term":[{"taxonomy":"product_brand","embeddable":true,"href":"https:\/\/www.saralinatacado.com.br\/loja\/wp-json\/wp\/v2\/product_brand?post=29609"},{"taxonomy":"product_cat","embeddable":true,"href":"https:\/\/www.saralinatacado.com.br\/loja\/wp-json\/wp\/v2\/product_cat?post=29609"},{"taxonomy":"product_tag","embeddable":true,"href":"https:\/\/www.saralinatacado.com.br\/loja\/wp-json\/wp\/v2\/product_tag?post=29609"}],"curies":[{"name":"wp","href":"https:\/\/api.w.org\/{rel}","templated":true}]}}