{"id":29604,"date":"2023-10-24T13:22:49","date_gmt":"2023-10-24T13:22:49","guid":{"rendered":"https:\/\/www.saralinatacado.com.br\/loja\/?post_type=product&#038;p=29604"},"modified":"2023-10-24T13:22:49","modified_gmt":"2023-10-24T13:22:49","slug":"carregador-portatil-power-bank-slim-20000-mah-turbo-lucky-amazonia","status":"publish","type":"product","link":"https:\/\/www.saralinatacado.com.br\/loja\/produto\/carregador-portatil-power-bank-slim-20000-mah-turbo-lucky-amazonia\/","title":{"rendered":"Carregador Port\u00e1til Power Bank Slim 20000 Mah Turbo &#8211; Lucky Amazonia &#8211;"},"content":{"rendered":"<p><span class=\"sc-kpDqfm qhIEo\" data-testid=\"product-detail-title\">Carregador Port\u00e1til Power Bank Slim 20000 Mah Turbo &#8211; Lucky Amazonia<\/span><\/p>\n<div class=\"sc-fqkvVR heuZyN sc-dnvZjJ dtJjfe\" data-testid=\"product-detail-description\">\n<div class=\"sc-fqkvVR hlqElk sc-jcdlHQ cxsdMT\" data-testid=\"rich-content-container\">Carregador Port\u00e1til Power Bank Slim 20000 Mah Turbo Caracter\u00edsticas :O Carregador Port\u00e1til foi especialmente desenvolvido para proporcionar um conjunto de benef\u00edcios e facilidades para seu dia a dia e nos momentos que voc\u00ea mais precisa, seja onde voc\u00ea estiver, em casa, no trabalho ou viajando, ele trar\u00e1 mais carga por mais tempo para voc\u00ea ficar on-line por mais tempo. O carregador \u00e9 potente, tem capacidade de 20.000mAh para recarregar seu smartphone ou tablet na hora! \u00e9 poss\u00edvel carregar at\u00e9 dois aparelhos ao mesmo tempo, conta tamb\u00e9m com um indicador de bateria led- Compat\u00edvel com qualquer smartphone, tablet, MP3, MP4, PSP, GPS, dispositivo de jogos, c\u00e2mera e mais.- Gerenciamento inteligente de energia- Duas Entradas USB podendo carregar at\u00e9 dois celulares ao mesmo tempo- Recargas Completas: 3 ou 4 recargas completas, dependendo do aparelho- Esse modelo de carregador port\u00e1til carrega qualquer marca ou modelo de celular- Bateria de alta capacidade e alta densidade- Chip de reconhecimento de tens\u00e3o (Bivolt)- Constru\u00eddo em prote\u00e7\u00e3o da bateria IC para evitar o excesso de cargaEspecifica\u00e7\u00f5es: Chegue at\u00e9 8 cargas completas no seu smartphone (dispositivos de at\u00e9 18000mAh) e leve sua bateria para te acompanhar no trabalho, em shows, viagens e onde mais voc\u00ea precisar com muito estilo e qualidade. Capacidade: 20000mAhEntrada Micro Usb: 5v\/2.0AEntrada USB Tipo-C: 5v\/2.0ASa\u00edda USB : DC 5V-1.0ASa\u00edda USB : DC 5V-2.0ATempo para recarga: 3-4 horasCiclos de recarga: 500 vezes Peso Liquido : 285 g Material ABS resistente Inculso Itens1 cabo Micro usb &#8211; Usb1 Power bank LU568 20000MHA Lucky amazonia digital<\/div>\n<\/div>\n","protected":false},"excerpt":{"rendered":"<p>Carregador Port\u00e1til Power Bank Slim 20000 Mah Turbo &#8211; Lucky Amazonia Carregador Port\u00e1til Power Bank Slim 20000 Mah Turbo Caracter\u00edsticas :O Carregador Port\u00e1til foi especialmente desenvolvido para proporcionar um conjunto de benef\u00edcios e facilidades para seu dia a dia e nos momentos que voc\u00ea mais precisa, seja onde voc\u00ea estiver, em casa, no trabalho ou [&hellip;]\n","protected":false},"featured_media":29605,"comment_status":"open","ping_status":"closed","template":"","meta":{"_bbp_topic_count":0,"_bbp_reply_count":0,"_bbp_total_topic_count":0,"_bbp_total_reply_count":0,"_bbp_voice_count":0,"_bbp_anonymous_reply_count":0,"_bbp_topic_count_hidden":0,"_bbp_reply_count_hidden":0,"_bbp_forum_subforum_count":0,"_joinchat":[]},"product_brand":[],"product_cat":[208],"product_tag":[],"class_list":{"0":"post-29604","1":"product","2":"type-product","3":"status-publish","4":"has-post-thumbnail","6":"product_cat-carregadores","8":"first","9":"instock","10":"purchasable","11":"product-type-simple"},"_links":{"self":[{"href":"https:\/\/www.saralinatacado.com.br\/loja\/wp-json\/wp\/v2\/product\/29604","targetHints":{"allow":["GET"]}}],"collection":[{"href":"https:\/\/www.saralinatacado.com.br\/loja\/wp-json\/wp\/v2\/product"}],"about":[{"href":"https:\/\/www.saralinatacado.com.br\/loja\/wp-json\/wp\/v2\/types\/product"}],"replies":[{"embeddable":true,"href":"https:\/\/www.saralinatacado.com.br\/loja\/wp-json\/wp\/v2\/comments?post=29604"}],"wp:featuredmedia":[{"embeddable":true,"href":"https:\/\/www.saralinatacado.com.br\/loja\/wp-json\/wp\/v2\/media\/29605"}],"wp:attachment":[{"href":"https:\/\/www.saralinatacado.com.br\/loja\/wp-json\/wp\/v2\/media?parent=29604"}],"wp:term":[{"taxonomy":"product_brand","embeddable":true,"href":"https:\/\/www.saralinatacado.com.br\/loja\/wp-json\/wp\/v2\/product_brand?post=29604"},{"taxonomy":"product_cat","embeddable":true,"href":"https:\/\/www.saralinatacado.com.br\/loja\/wp-json\/wp\/v2\/product_cat?post=29604"},{"taxonomy":"product_tag","embeddable":true,"href":"https:\/\/www.saralinatacado.com.br\/loja\/wp-json\/wp\/v2\/product_tag?post=29604"}],"curies":[{"name":"wp","href":"https:\/\/api.w.org\/{rel}","templated":true}]}}