{"id":29578,"date":"2023-10-21T14:06:01","date_gmt":"2023-10-21T14:06:01","guid":{"rendered":"https:\/\/www.saralinatacado.com.br\/loja\/?post_type=product&#038;p=29578"},"modified":"2023-10-21T14:06:02","modified_gmt":"2023-10-21T14:06:02","slug":"xdg-30-retro-radio-relogio","status":"publish","type":"product","link":"https:\/\/www.saralinatacado.com.br\/loja\/produto\/xdg-30-retro-radio-relogio\/","title":{"rendered":"XDG-30 &#8211; Retro R\u00e1dio Rel\u00f3gio"},"content":{"rendered":"<p>Conex\u00e3o: Bluetooth, FM, AM, SW, cart\u00e3o SD, USB e entrada auxiliar<\/p>\n<p>FM (Mhz): 88 ~ 108<\/p>\n<p>AM (Khz): 530 ~ 1.600<\/p>\n<p>SW (Mhz): 5,9 ~ 18<\/p>\n<p>Pot\u00eancia (W): 5<\/p>\n<p>Bateria (mAh): 1.200 4,2V<\/p>\n<p>Recarga (h): 8<\/p>\n<p>Alimenta\u00e7\u00e3o (V): 110 ou 220<\/p>\n<p>Conte\u00fado da embalagem: 01 caixa de som, 01 manual de instru\u00e7\u00f5es, 01 cabo de recarga<\/p>\n","protected":false},"excerpt":{"rendered":"<p>Conex\u00e3o: Bluetooth, FM, AM, SW, cart\u00e3o SD, USB e entrada auxiliar FM (Mhz): 88 ~ 108 AM (Khz): 530 ~ 1.600 SW (Mhz): 5,9 ~ 18 Pot\u00eancia (W): 5 Bateria (mAh): 1.200 4,2V Recarga (h): 8 Alimenta\u00e7\u00e3o (V): 110 ou 220 Conte\u00fado da embalagem: 01 caixa de som, 01 manual de instru\u00e7\u00f5es, 01 cabo de [&hellip;]\n","protected":false},"featured_media":29579,"comment_status":"open","ping_status":"closed","template":"","meta":{"_bbp_topic_count":0,"_bbp_reply_count":0,"_bbp_total_topic_count":0,"_bbp_total_reply_count":0,"_bbp_voice_count":0,"_bbp_anonymous_reply_count":0,"_bbp_topic_count_hidden":0,"_bbp_reply_count_hidden":0,"_bbp_forum_subforum_count":0,"_joinchat":[]},"product_brand":[],"product_cat":[101],"product_tag":[],"class_list":{"0":"post-29578","1":"product","2":"type-product","3":"status-publish","4":"has-post-thumbnail","6":"product_cat-radios","8":"first","9":"instock","10":"taxable","11":"shipping-taxable","12":"purchasable","13":"product-type-simple"},"_links":{"self":[{"href":"https:\/\/www.saralinatacado.com.br\/loja\/wp-json\/wp\/v2\/product\/29578","targetHints":{"allow":["GET"]}}],"collection":[{"href":"https:\/\/www.saralinatacado.com.br\/loja\/wp-json\/wp\/v2\/product"}],"about":[{"href":"https:\/\/www.saralinatacado.com.br\/loja\/wp-json\/wp\/v2\/types\/product"}],"replies":[{"embeddable":true,"href":"https:\/\/www.saralinatacado.com.br\/loja\/wp-json\/wp\/v2\/comments?post=29578"}],"wp:featuredmedia":[{"embeddable":true,"href":"https:\/\/www.saralinatacado.com.br\/loja\/wp-json\/wp\/v2\/media\/29579"}],"wp:attachment":[{"href":"https:\/\/www.saralinatacado.com.br\/loja\/wp-json\/wp\/v2\/media?parent=29578"}],"wp:term":[{"taxonomy":"product_brand","embeddable":true,"href":"https:\/\/www.saralinatacado.com.br\/loja\/wp-json\/wp\/v2\/product_brand?post=29578"},{"taxonomy":"product_cat","embeddable":true,"href":"https:\/\/www.saralinatacado.com.br\/loja\/wp-json\/wp\/v2\/product_cat?post=29578"},{"taxonomy":"product_tag","embeddable":true,"href":"https:\/\/www.saralinatacado.com.br\/loja\/wp-json\/wp\/v2\/product_tag?post=29578"}],"curies":[{"name":"wp","href":"https:\/\/api.w.org\/{rel}","templated":true}]}}