{"id":29570,"date":"2023-10-21T13:49:33","date_gmt":"2023-10-21T13:49:33","guid":{"rendered":"https:\/\/www.saralinatacado.com.br\/loja\/?post_type=product&#038;p=29570"},"modified":"2023-10-21T13:53:00","modified_gmt":"2023-10-21T13:53:00","slug":"caixa-de-som-q3-bluetooth-wireles-mp3-usb-qualidade-boa","status":"publish","type":"product","link":"https:\/\/www.saralinatacado.com.br\/loja\/produto\/caixa-de-som-q3-bluetooth-wireles-mp3-usb-qualidade-boa\/","title":{"rendered":"Caixa De Som Q3 Bluetooth Wireles Mp3 Usb Qualidade Boa"},"content":{"rendered":"<p>Pot\u00eancia 5w Rms<br \/>\nDois Canais De Som<br \/>\nFrequencia De Atua\u00e7\u00e3o 100hz-20khz<br \/>\nS N 80db<br \/>\nMarca Compat\u00edvel Universal<br \/>\nModelo Compat\u00edvel Universal<br \/>\nCaracter\u00edsticas Port\u00e1til, Bluetooth, Sem Fio, Alto-Falante Est\u00e9reo, R\u00e1dio, Microfone, Entrada De Cabo Auxiliar P2, Entrada Micro Sdhc, Usb<br \/>\nFlash Drive De Entrada Usb Pendrive<br \/>\nMaterial Pl\u00e1stico R\u00edgido<br \/>\nFun\u00e7\u00e3o Radio Fm<br \/>\nFun\u00e7\u00e3o Viva Voz Com Microfone Para Chamada Telef\u00f4nica<br \/>\nFun\u00e7\u00e3o Entrada Auxiliar De Cabo<br \/>\nFun\u00e7\u00e3o Entrada Micro Sdhc<br \/>\nFun\u00e7\u00e3o Entrada Da Unidade Flash Usb<br \/>\nTens\u00e3o De Funcionamento: Dc 5v<br \/>\nCapacidade Da Bateria 1200mah<br \/>\nPeso Do Produto 0,457kg<br \/>\nMedidas Do Produto Largura X Profundidade X Altura 9,5cm X 9,5cm X 10,8 Cm<\/p>\n<p>Conte\u00fado Da Embalagem:<br \/>\n1 Caixa Bluetooth Q3<br \/>\n1 Cabo Usb Micro Usb V8<\/p>\n","protected":false},"excerpt":{"rendered":"<p>Pot\u00eancia 5w Rms Dois Canais De Som Frequencia De Atua\u00e7\u00e3o 100hz-20khz S N 80db Marca Compat\u00edvel Universal Modelo Compat\u00edvel Universal Caracter\u00edsticas Port\u00e1til, Bluetooth, Sem Fio, Alto-Falante Est\u00e9reo, R\u00e1dio, Microfone, Entrada De Cabo Auxiliar P2, Entrada Micro Sdhc, Usb Flash Drive De Entrada Usb Pendrive Material Pl\u00e1stico R\u00edgido Fun\u00e7\u00e3o Radio Fm Fun\u00e7\u00e3o Viva Voz Com Microfone [&hellip;]\n","protected":false},"featured_media":29572,"comment_status":"open","ping_status":"closed","template":"","meta":{"_bbp_topic_count":0,"_bbp_reply_count":0,"_bbp_total_topic_count":0,"_bbp_total_reply_count":0,"_bbp_voice_count":0,"_bbp_anonymous_reply_count":0,"_bbp_topic_count_hidden":0,"_bbp_reply_count_hidden":0,"_bbp_forum_subforum_count":0,"_joinchat":[]},"product_brand":[],"product_cat":[101],"product_tag":[],"class_list":{"0":"post-29570","1":"product","2":"type-product","3":"status-publish","4":"has-post-thumbnail","6":"product_cat-radios","8":"first","9":"instock","10":"taxable","11":"shipping-taxable","12":"purchasable","13":"product-type-simple"},"_links":{"self":[{"href":"https:\/\/www.saralinatacado.com.br\/loja\/wp-json\/wp\/v2\/product\/29570","targetHints":{"allow":["GET"]}}],"collection":[{"href":"https:\/\/www.saralinatacado.com.br\/loja\/wp-json\/wp\/v2\/product"}],"about":[{"href":"https:\/\/www.saralinatacado.com.br\/loja\/wp-json\/wp\/v2\/types\/product"}],"replies":[{"embeddable":true,"href":"https:\/\/www.saralinatacado.com.br\/loja\/wp-json\/wp\/v2\/comments?post=29570"}],"wp:featuredmedia":[{"embeddable":true,"href":"https:\/\/www.saralinatacado.com.br\/loja\/wp-json\/wp\/v2\/media\/29572"}],"wp:attachment":[{"href":"https:\/\/www.saralinatacado.com.br\/loja\/wp-json\/wp\/v2\/media?parent=29570"}],"wp:term":[{"taxonomy":"product_brand","embeddable":true,"href":"https:\/\/www.saralinatacado.com.br\/loja\/wp-json\/wp\/v2\/product_brand?post=29570"},{"taxonomy":"product_cat","embeddable":true,"href":"https:\/\/www.saralinatacado.com.br\/loja\/wp-json\/wp\/v2\/product_cat?post=29570"},{"taxonomy":"product_tag","embeddable":true,"href":"https:\/\/www.saralinatacado.com.br\/loja\/wp-json\/wp\/v2\/product_tag?post=29570"}],"curies":[{"name":"wp","href":"https:\/\/api.w.org\/{rel}","templated":true}]}}