{"id":29566,"date":"2023-10-21T13:45:59","date_gmt":"2023-10-21T13:45:59","guid":{"rendered":"https:\/\/www.saralinatacado.com.br\/loja\/?post_type=product&#038;p=29566"},"modified":"2023-10-21T13:45:59","modified_gmt":"2023-10-21T13:45:59","slug":"caixa-de-som-bluetooth-ws-887","status":"publish","type":"product","link":"https:\/\/www.saralinatacado.com.br\/loja\/produto\/caixa-de-som-bluetooth-ws-887\/","title":{"rendered":"CAIXA DE SOM BLUETOOTH WS-887"},"content":{"rendered":"<p><strong>Especifica\u00e7\u00f5es t\u00e9cnicas:<\/strong><\/p>\n<p>\u2013 Produto port\u00e1til com som de 5 WATTS RMS;<br \/>\n\u2013 Radio FM;<br \/>\n\u2013 Entrada para microfone, para falar no celular pela caixa de som, via bluethooth;<br \/>\n\u2013 Atende e encerra chamadas telef\u00f4nicas;<br \/>\n\u2013 5 W RMS de pot\u00eancia, mais que o dobro das outras;<br \/>\n\u2013 Controle de volume;<br \/>\n\u2013 Reproduz MP3 atrav\u00e9s de micro SD e Pen drive;<br \/>\n\u2013 Troca de m\u00fasicas pela caixa de som;<br \/>\n\u2013 Entrada line in para reprodu\u00e7\u00e3o via cabo;<br \/>\n\u2013 Bateria recarreg\u00e1vel embutida;<br \/>\n\u2013 Perfeito para uso em tr\u00e2nsito, viagens, casa, f\u00e9rias, campo, em toda a parte;<br \/>\n\u2013 Compatibilidade:Com todos os dispositivos BLUETOOTH aparelhos com sistema operacional Ios\/ Android\/ Windows, Tablets, Smartphones, Celulares, Notebooks, Adaptadores USB, etc\u2026 ;<br \/>\n\u2013 Alimenta\u00e7\u00e3o: 5Vdc (Via Porta USB);<br \/>\n\u2013 Capacidade da Bateria Interna: 600mA;<br \/>\n\u2013 Frequ\u00eancia de Resposta: 150 ~2000Hz;<br \/>\n\u2013 Imped\u00e2ncia: 2 Ohms;<br \/>\n\u2013 Sensibilidade: &gt;\/ 85dB;<br \/>\n\u2013 Di\u00e2metro do Alto-Falante: 5.2cm.<\/p>\n<hr \/>\n<p><strong>Conte\u00fado da embalagem:<\/strong><\/p>\n<p>\u2013 Caixa de som bluetooth WS-887 Grasep<br \/>\n\u2013 Cabo USB\/V8<\/p>\n<p><strong>OBSERVA\u00c7\u00c3O:<\/strong>\u00a0IMAGEM MERAMENTE ILUSTRATIVA. CORES E MARCAS VARIAM E S\u00c3O ENVIADOS CONFORME ESTOQUE.<\/p>\n","protected":false},"excerpt":{"rendered":"<p>Especifica\u00e7\u00f5es t\u00e9cnicas: \u2013 Produto port\u00e1til com som de 5 WATTS RMS; \u2013 Radio FM; \u2013 Entrada para microfone, para falar no celular pela caixa de som, via bluethooth; \u2013 Atende e encerra chamadas telef\u00f4nicas; \u2013 5 W RMS de pot\u00eancia, mais que o dobro das outras; \u2013 Controle de volume; \u2013 Reproduz MP3 atrav\u00e9s de [&hellip;]\n","protected":false},"featured_media":29567,"comment_status":"open","ping_status":"closed","template":"","meta":{"_bbp_topic_count":0,"_bbp_reply_count":0,"_bbp_total_topic_count":0,"_bbp_total_reply_count":0,"_bbp_voice_count":0,"_bbp_anonymous_reply_count":0,"_bbp_topic_count_hidden":0,"_bbp_reply_count_hidden":0,"_bbp_forum_subforum_count":0,"_joinchat":[]},"product_brand":[],"product_cat":[101],"product_tag":[],"class_list":{"0":"post-29566","1":"product","2":"type-product","3":"status-publish","4":"has-post-thumbnail","6":"product_cat-radios","8":"first","9":"instock","10":"taxable","11":"shipping-taxable","12":"purchasable","13":"product-type-simple"},"_links":{"self":[{"href":"https:\/\/www.saralinatacado.com.br\/loja\/wp-json\/wp\/v2\/product\/29566","targetHints":{"allow":["GET"]}}],"collection":[{"href":"https:\/\/www.saralinatacado.com.br\/loja\/wp-json\/wp\/v2\/product"}],"about":[{"href":"https:\/\/www.saralinatacado.com.br\/loja\/wp-json\/wp\/v2\/types\/product"}],"replies":[{"embeddable":true,"href":"https:\/\/www.saralinatacado.com.br\/loja\/wp-json\/wp\/v2\/comments?post=29566"}],"wp:featuredmedia":[{"embeddable":true,"href":"https:\/\/www.saralinatacado.com.br\/loja\/wp-json\/wp\/v2\/media\/29567"}],"wp:attachment":[{"href":"https:\/\/www.saralinatacado.com.br\/loja\/wp-json\/wp\/v2\/media?parent=29566"}],"wp:term":[{"taxonomy":"product_brand","embeddable":true,"href":"https:\/\/www.saralinatacado.com.br\/loja\/wp-json\/wp\/v2\/product_brand?post=29566"},{"taxonomy":"product_cat","embeddable":true,"href":"https:\/\/www.saralinatacado.com.br\/loja\/wp-json\/wp\/v2\/product_cat?post=29566"},{"taxonomy":"product_tag","embeddable":true,"href":"https:\/\/www.saralinatacado.com.br\/loja\/wp-json\/wp\/v2\/product_tag?post=29566"}],"curies":[{"name":"wp","href":"https:\/\/api.w.org\/{rel}","templated":true}]}}