{"id":29562,"date":"2023-10-21T13:42:44","date_gmt":"2023-10-21T13:42:44","guid":{"rendered":"https:\/\/www.saralinatacado.com.br\/loja\/?post_type=product&#038;p=29562"},"modified":"2023-10-21T13:42:44","modified_gmt":"2023-10-21T13:42:44","slug":"caixa-de-som-bluetooth-tf-e-usb-ka-8001-preta-kapbom","status":"publish","type":"product","link":"https:\/\/www.saralinatacado.com.br\/loja\/produto\/caixa-de-som-bluetooth-tf-e-usb-ka-8001-preta-kapbom\/","title":{"rendered":"Caixa De Som Bluetooth, TF e USB KA-8001 PRETA KapBom"},"content":{"rendered":"<p><strong>Caixa De Som Bluetooth, TF e USB KA-8001 PRETA KapBom<\/strong><\/p>\n<p>O design compacto e leve da caixa de som Kapbom KA8001 facilita o transporte para onde voc\u00ea quiser, al\u00e9m de ter um som incr\u00edvel. Possui bluetooth, R\u00e1dio FM para sintonizar as suas r\u00e1dios preferidas e reproduzir as m\u00fasicas que voc\u00ea ama em um som alto e n\u00edtido al\u00e9m de suportar SD e USB.<\/p>\n<p>&#8211; Distancia de conex\u00e3o: 10 metros sem obst\u00e1culos<br \/>\n&#8211; Canal: Est\u00e9reo 2.0<br \/>\n&#8211; Pot\u00eancia de sa\u00edda: 8W<br \/>\n&#8211; Tempo de reprodu\u00e7\u00e3o: 2-a3 horas<br \/>\n&#8211; Tempo de recarga: 3 horas<br \/>\n&#8211; Conex\u00f5es: Buetooth, USB, TF e FM<\/p>\n","protected":false},"excerpt":{"rendered":"<p>Caixa De Som Bluetooth, TF e USB KA-8001 PRETA KapBom O design compacto e leve da caixa de som Kapbom KA8001 facilita o transporte para onde voc\u00ea quiser, al\u00e9m de ter um som incr\u00edvel. Possui bluetooth, R\u00e1dio FM para sintonizar as suas r\u00e1dios preferidas e reproduzir as m\u00fasicas que voc\u00ea ama em um som alto [&hellip;]\n","protected":false},"featured_media":29563,"comment_status":"open","ping_status":"closed","template":"","meta":{"_bbp_topic_count":0,"_bbp_reply_count":0,"_bbp_total_topic_count":0,"_bbp_total_reply_count":0,"_bbp_voice_count":0,"_bbp_anonymous_reply_count":0,"_bbp_topic_count_hidden":0,"_bbp_reply_count_hidden":0,"_bbp_forum_subforum_count":0,"_joinchat":[]},"product_brand":[],"product_cat":[101],"product_tag":[],"class_list":{"0":"post-29562","1":"product","2":"type-product","3":"status-publish","4":"has-post-thumbnail","6":"product_cat-radios","8":"first","9":"instock","10":"taxable","11":"shipping-taxable","12":"purchasable","13":"product-type-simple"},"_links":{"self":[{"href":"https:\/\/www.saralinatacado.com.br\/loja\/wp-json\/wp\/v2\/product\/29562","targetHints":{"allow":["GET"]}}],"collection":[{"href":"https:\/\/www.saralinatacado.com.br\/loja\/wp-json\/wp\/v2\/product"}],"about":[{"href":"https:\/\/www.saralinatacado.com.br\/loja\/wp-json\/wp\/v2\/types\/product"}],"replies":[{"embeddable":true,"href":"https:\/\/www.saralinatacado.com.br\/loja\/wp-json\/wp\/v2\/comments?post=29562"}],"wp:featuredmedia":[{"embeddable":true,"href":"https:\/\/www.saralinatacado.com.br\/loja\/wp-json\/wp\/v2\/media\/29563"}],"wp:attachment":[{"href":"https:\/\/www.saralinatacado.com.br\/loja\/wp-json\/wp\/v2\/media?parent=29562"}],"wp:term":[{"taxonomy":"product_brand","embeddable":true,"href":"https:\/\/www.saralinatacado.com.br\/loja\/wp-json\/wp\/v2\/product_brand?post=29562"},{"taxonomy":"product_cat","embeddable":true,"href":"https:\/\/www.saralinatacado.com.br\/loja\/wp-json\/wp\/v2\/product_cat?post=29562"},{"taxonomy":"product_tag","embeddable":true,"href":"https:\/\/www.saralinatacado.com.br\/loja\/wp-json\/wp\/v2\/product_tag?post=29562"}],"curies":[{"name":"wp","href":"https:\/\/api.w.org\/{rel}","templated":true}]}}