{"id":29556,"date":"2023-10-21T13:19:26","date_gmt":"2023-10-21T13:19:26","guid":{"rendered":"https:\/\/www.saralinatacado.com.br\/loja\/?post_type=product&#038;p=29556"},"modified":"2023-10-21T13:19:26","modified_gmt":"2023-10-21T13:19:26","slug":"maquina-de-barbear-newion-3-laminas-ncp-010","status":"publish","type":"product","link":"https:\/\/www.saralinatacado.com.br\/loja\/produto\/maquina-de-barbear-newion-3-laminas-ncp-010\/","title":{"rendered":"MAQUINA DE BARBEAR NEW&#8217;ION 3 L\u00c2MINAS NCP-010"},"content":{"rendered":"<p>Descri\u00e7\u00e3o<\/p>\n<p>\u2713 Compat\u00edvel com qualquer rosto<br \/>\n\u2713 l\u00e2mina n\u00e3o corta a pele<br \/>\n\u2713 funcionamento r\u00e1pido<br \/>\n\u2713 limpeza pr\u00e1tica<br \/>\n\u2713 forte impulso<\/p>\n<p>Especifica\u00e7\u00f5es:<\/p>\n<p>&#8211; modelo NCP -010<br \/>\n&#8211; tempo de carga 3h<br \/>\n&#8211; pot\u00eancia: 5w<br \/>\n&#8211; Entrada: 5v<\/p>\n","protected":false},"excerpt":{"rendered":"<p>Descri\u00e7\u00e3o \u2713 Compat\u00edvel com qualquer rosto \u2713 l\u00e2mina n\u00e3o corta a pele \u2713 funcionamento r\u00e1pido \u2713 limpeza pr\u00e1tica \u2713 forte impulso Especifica\u00e7\u00f5es: &#8211; modelo NCP -010 &#8211; tempo de carga 3h &#8211; pot\u00eancia: 5w &#8211; Entrada: 5v<\/p>\n","protected":false},"featured_media":29557,"comment_status":"open","ping_status":"closed","template":"","meta":{"_bbp_topic_count":0,"_bbp_reply_count":0,"_bbp_total_topic_count":0,"_bbp_total_reply_count":0,"_bbp_voice_count":0,"_bbp_anonymous_reply_count":0,"_bbp_topic_count_hidden":0,"_bbp_reply_count_hidden":0,"_bbp_forum_subforum_count":0,"_joinchat":[]},"product_brand":[],"product_cat":[107],"product_tag":[],"class_list":{"0":"post-29556","1":"product","2":"type-product","3":"status-publish","4":"has-post-thumbnail","6":"product_cat-acessorios","8":"first","9":"instock","10":"taxable","11":"shipping-taxable","12":"purchasable","13":"product-type-simple"},"_links":{"self":[{"href":"https:\/\/www.saralinatacado.com.br\/loja\/wp-json\/wp\/v2\/product\/29556","targetHints":{"allow":["GET"]}}],"collection":[{"href":"https:\/\/www.saralinatacado.com.br\/loja\/wp-json\/wp\/v2\/product"}],"about":[{"href":"https:\/\/www.saralinatacado.com.br\/loja\/wp-json\/wp\/v2\/types\/product"}],"replies":[{"embeddable":true,"href":"https:\/\/www.saralinatacado.com.br\/loja\/wp-json\/wp\/v2\/comments?post=29556"}],"wp:featuredmedia":[{"embeddable":true,"href":"https:\/\/www.saralinatacado.com.br\/loja\/wp-json\/wp\/v2\/media\/29557"}],"wp:attachment":[{"href":"https:\/\/www.saralinatacado.com.br\/loja\/wp-json\/wp\/v2\/media?parent=29556"}],"wp:term":[{"taxonomy":"product_brand","embeddable":true,"href":"https:\/\/www.saralinatacado.com.br\/loja\/wp-json\/wp\/v2\/product_brand?post=29556"},{"taxonomy":"product_cat","embeddable":true,"href":"https:\/\/www.saralinatacado.com.br\/loja\/wp-json\/wp\/v2\/product_cat?post=29556"},{"taxonomy":"product_tag","embeddable":true,"href":"https:\/\/www.saralinatacado.com.br\/loja\/wp-json\/wp\/v2\/product_tag?post=29556"}],"curies":[{"name":"wp","href":"https:\/\/api.w.org\/{rel}","templated":true}]}}