{"id":29552,"date":"2023-10-21T13:17:18","date_gmt":"2023-10-21T13:17:18","guid":{"rendered":"https:\/\/www.saralinatacado.com.br\/loja\/?post_type=product&#038;p=29552"},"modified":"2023-10-21T13:17:18","modified_gmt":"2023-10-21T13:17:18","slug":"maquina-de-metal-profissional-newion-ncp-006-com-display","status":"publish","type":"product","link":"https:\/\/www.saralinatacado.com.br\/loja\/produto\/maquina-de-metal-profissional-newion-ncp-006-com-display\/","title":{"rendered":"MAQUINA DE METAL PROFISSIONAL NEW&#8217;ION NCP-006 com display"},"content":{"rendered":"<p>Descri\u00e7\u00e3o:<br \/>\n\u2713 cabe\u00e7a de corte de \u00e2ngulo agudo eficiente, duradoura e afiada, para corte de cabelo preciso, melhora subst\u00e2ncialmente a efici\u00eancia do barbear<br \/>\n\u2713 dispon\u00edvel para trabalhar durante 180 minutos ap\u00f3s carga total<br \/>\n\u2713 display led.<\/p>\n","protected":false},"excerpt":{"rendered":"<p>Descri\u00e7\u00e3o: \u2713 cabe\u00e7a de corte de \u00e2ngulo agudo eficiente, duradoura e afiada, para corte de cabelo preciso, melhora subst\u00e2ncialmente a efici\u00eancia do barbear \u2713 dispon\u00edvel para trabalhar durante 180 minutos ap\u00f3s carga total \u2713 display led.<\/p>\n","protected":false},"featured_media":29553,"comment_status":"open","ping_status":"closed","template":"","meta":{"_bbp_topic_count":0,"_bbp_reply_count":0,"_bbp_total_topic_count":0,"_bbp_total_reply_count":0,"_bbp_voice_count":0,"_bbp_anonymous_reply_count":0,"_bbp_topic_count_hidden":0,"_bbp_reply_count_hidden":0,"_bbp_forum_subforum_count":0,"_joinchat":[]},"product_brand":[],"product_cat":[107],"product_tag":[],"class_list":{"0":"post-29552","1":"product","2":"type-product","3":"status-publish","4":"has-post-thumbnail","6":"product_cat-acessorios","8":"first","9":"instock","10":"taxable","11":"shipping-taxable","12":"purchasable","13":"product-type-simple"},"_links":{"self":[{"href":"https:\/\/www.saralinatacado.com.br\/loja\/wp-json\/wp\/v2\/product\/29552","targetHints":{"allow":["GET"]}}],"collection":[{"href":"https:\/\/www.saralinatacado.com.br\/loja\/wp-json\/wp\/v2\/product"}],"about":[{"href":"https:\/\/www.saralinatacado.com.br\/loja\/wp-json\/wp\/v2\/types\/product"}],"replies":[{"embeddable":true,"href":"https:\/\/www.saralinatacado.com.br\/loja\/wp-json\/wp\/v2\/comments?post=29552"}],"wp:featuredmedia":[{"embeddable":true,"href":"https:\/\/www.saralinatacado.com.br\/loja\/wp-json\/wp\/v2\/media\/29553"}],"wp:attachment":[{"href":"https:\/\/www.saralinatacado.com.br\/loja\/wp-json\/wp\/v2\/media?parent=29552"}],"wp:term":[{"taxonomy":"product_brand","embeddable":true,"href":"https:\/\/www.saralinatacado.com.br\/loja\/wp-json\/wp\/v2\/product_brand?post=29552"},{"taxonomy":"product_cat","embeddable":true,"href":"https:\/\/www.saralinatacado.com.br\/loja\/wp-json\/wp\/v2\/product_cat?post=29552"},{"taxonomy":"product_tag","embeddable":true,"href":"https:\/\/www.saralinatacado.com.br\/loja\/wp-json\/wp\/v2\/product_tag?post=29552"}],"curies":[{"name":"wp","href":"https:\/\/api.w.org\/{rel}","templated":true}]}}