{"id":29540,"date":"2023-10-21T13:06:07","date_gmt":"2023-10-21T13:06:07","guid":{"rendered":"https:\/\/www.saralinatacado.com.br\/loja\/?post_type=product&#038;p=29540"},"modified":"2023-10-21T13:06:07","modified_gmt":"2023-10-21T13:06:07","slug":"maquina-newion-profissional-ncp-007-com-visor","status":"publish","type":"product","link":"https:\/\/www.saralinatacado.com.br\/loja\/produto\/maquina-newion-profissional-ncp-007-com-visor\/","title":{"rendered":"MAQUINA NEW&#8217;ION PROFISSIONAL NCP-007 COM VISOR"},"content":{"rendered":"<p>Descri\u00e7\u00e3o<br \/>\n\u2713 Cabe\u00e7a de corte de \u00e2ngulo eficiente duradouro e afiado para corte de cabelo preciso.<\/p>\n<p>\u2713 interruptor de bot\u00e3o<br \/>\n\u2713 dispositivo para trabalhar por 4 horas depois totalmente carregada<\/p>\n<p>Display led<\/p>\n<p>Especifica\u00e7\u00f5es:<\/p>\n<p>&#8211; pot\u00eancia 3w<br \/>\n&#8211; Entrada 5v<br \/>\n&#8211; Tempo de carga 1.5H<\/p>\n","protected":false},"excerpt":{"rendered":"<p>Descri\u00e7\u00e3o \u2713 Cabe\u00e7a de corte de \u00e2ngulo eficiente duradouro e afiado para corte de cabelo preciso. \u2713 interruptor de bot\u00e3o \u2713 dispositivo para trabalhar por 4 horas depois totalmente carregada Display led Especifica\u00e7\u00f5es: &#8211; pot\u00eancia 3w &#8211; Entrada 5v &#8211; Tempo de carga 1.5H<\/p>\n","protected":false},"featured_media":29541,"comment_status":"open","ping_status":"closed","template":"","meta":{"_bbp_topic_count":0,"_bbp_reply_count":0,"_bbp_total_topic_count":0,"_bbp_total_reply_count":0,"_bbp_voice_count":0,"_bbp_anonymous_reply_count":0,"_bbp_topic_count_hidden":0,"_bbp_reply_count_hidden":0,"_bbp_forum_subforum_count":0,"_joinchat":[]},"product_brand":[],"product_cat":[107],"product_tag":[],"class_list":{"0":"post-29540","1":"product","2":"type-product","3":"status-publish","4":"has-post-thumbnail","6":"product_cat-acessorios","8":"first","9":"instock","10":"taxable","11":"shipping-taxable","12":"purchasable","13":"product-type-simple"},"_links":{"self":[{"href":"https:\/\/www.saralinatacado.com.br\/loja\/wp-json\/wp\/v2\/product\/29540","targetHints":{"allow":["GET"]}}],"collection":[{"href":"https:\/\/www.saralinatacado.com.br\/loja\/wp-json\/wp\/v2\/product"}],"about":[{"href":"https:\/\/www.saralinatacado.com.br\/loja\/wp-json\/wp\/v2\/types\/product"}],"replies":[{"embeddable":true,"href":"https:\/\/www.saralinatacado.com.br\/loja\/wp-json\/wp\/v2\/comments?post=29540"}],"wp:featuredmedia":[{"embeddable":true,"href":"https:\/\/www.saralinatacado.com.br\/loja\/wp-json\/wp\/v2\/media\/29541"}],"wp:attachment":[{"href":"https:\/\/www.saralinatacado.com.br\/loja\/wp-json\/wp\/v2\/media?parent=29540"}],"wp:term":[{"taxonomy":"product_brand","embeddable":true,"href":"https:\/\/www.saralinatacado.com.br\/loja\/wp-json\/wp\/v2\/product_brand?post=29540"},{"taxonomy":"product_cat","embeddable":true,"href":"https:\/\/www.saralinatacado.com.br\/loja\/wp-json\/wp\/v2\/product_cat?post=29540"},{"taxonomy":"product_tag","embeddable":true,"href":"https:\/\/www.saralinatacado.com.br\/loja\/wp-json\/wp\/v2\/product_tag?post=29540"}],"curies":[{"name":"wp","href":"https:\/\/api.w.org\/{rel}","templated":true}]}}