{"id":29514,"date":"2023-10-05T19:44:11","date_gmt":"2023-10-05T19:44:11","guid":{"rendered":"https:\/\/www.saralinatacado.com.br\/loja\/?post_type=product&#038;p=29514"},"modified":"2023-10-21T13:30:58","modified_gmt":"2023-10-21T13:30:58","slug":"maquina-acabamento-cortar-barba-cabelo-pelos-nhc-3915-nova","status":"publish","type":"product","link":"https:\/\/www.saralinatacado.com.br\/loja\/produto\/maquina-acabamento-cortar-barba-cabelo-pelos-nhc-3915-nova\/","title":{"rendered":"M\u00e1quina Acabamento Cortar Barba Cabelo Pelos Nhc-3915 &#8211; NOVA"},"content":{"rendered":"<p>Caracter\u00edsticas do Produto:<\/p>\n<p>Modelo: NHC-3915.<\/p>\n<p>Modo de Uso: SEM FIO.<\/p>\n<p>Bateria Recarreg\u00e1vel: Possui.<\/p>\n<p>Tempo de Carregamento: 03 Horas.<\/p>\n<p>Autonomia: 40 Minutos a 60 Minutos.<\/p>\n<p>LED: Indicador de Carga.<\/p>\n<p>L\u00e2mina: Cer\u00e2mica.<\/p>\n<p>Pente remov\u00edvel: Possui.<\/p>\n<p>Voltagem: Bivolt.<\/p>\n<p>Pot\u00eancia: 3w.<\/p>\n<p>Dimens\u00f5es do Produto: 3,5cm X 4cm X 15cm.<\/p>\n<p>Dimens\u00f5es da Embalagem (C x L x A): 12,5cm X 5cm X 19cm.<\/p>\n<p>Peso: 195g.<\/p>\n<p>Conte\u00fado Embalagem:<\/p>\n<p>01 M\u00e1quina de Corte.<\/p>\n<p>01 Escova para limpeza.<\/p>\n<p>01 Cabo carregador.<\/p>\n<p>01 Frasco Lubrifica\u00e7\u00e3o.<\/p>\n<p>01 Pente com regulagem de altura: 6mm, 4mm, 3mm, 2mm, 1mm<\/p>\n","protected":false},"excerpt":{"rendered":"<p>Caracter\u00edsticas do Produto: Modelo: NHC-3915. Modo de Uso: SEM FIO. Bateria Recarreg\u00e1vel: Possui. Tempo de Carregamento: 03 Horas. Autonomia: 40 Minutos a 60 Minutos. LED: Indicador de Carga. L\u00e2mina: Cer\u00e2mica. Pente remov\u00edvel: Possui. Voltagem: Bivolt. Pot\u00eancia: 3w. Dimens\u00f5es do Produto: 3,5cm X 4cm X 15cm. Dimens\u00f5es da Embalagem (C x L x A): 12,5cm X [&hellip;]\n","protected":false},"featured_media":29515,"comment_status":"open","ping_status":"closed","template":"","meta":{"_bbp_topic_count":0,"_bbp_reply_count":0,"_bbp_total_topic_count":0,"_bbp_total_reply_count":0,"_bbp_voice_count":0,"_bbp_anonymous_reply_count":0,"_bbp_topic_count_hidden":0,"_bbp_reply_count_hidden":0,"_bbp_forum_subforum_count":0,"_joinchat":[]},"product_brand":[],"product_cat":[107],"product_tag":[],"class_list":{"0":"post-29514","1":"product","2":"type-product","3":"status-publish","4":"has-post-thumbnail","6":"product_cat-acessorios","8":"first","9":"instock","10":"taxable","11":"shipping-taxable","12":"purchasable","13":"product-type-simple"},"_links":{"self":[{"href":"https:\/\/www.saralinatacado.com.br\/loja\/wp-json\/wp\/v2\/product\/29514","targetHints":{"allow":["GET"]}}],"collection":[{"href":"https:\/\/www.saralinatacado.com.br\/loja\/wp-json\/wp\/v2\/product"}],"about":[{"href":"https:\/\/www.saralinatacado.com.br\/loja\/wp-json\/wp\/v2\/types\/product"}],"replies":[{"embeddable":true,"href":"https:\/\/www.saralinatacado.com.br\/loja\/wp-json\/wp\/v2\/comments?post=29514"}],"wp:featuredmedia":[{"embeddable":true,"href":"https:\/\/www.saralinatacado.com.br\/loja\/wp-json\/wp\/v2\/media\/29515"}],"wp:attachment":[{"href":"https:\/\/www.saralinatacado.com.br\/loja\/wp-json\/wp\/v2\/media?parent=29514"}],"wp:term":[{"taxonomy":"product_brand","embeddable":true,"href":"https:\/\/www.saralinatacado.com.br\/loja\/wp-json\/wp\/v2\/product_brand?post=29514"},{"taxonomy":"product_cat","embeddable":true,"href":"https:\/\/www.saralinatacado.com.br\/loja\/wp-json\/wp\/v2\/product_cat?post=29514"},{"taxonomy":"product_tag","embeddable":true,"href":"https:\/\/www.saralinatacado.com.br\/loja\/wp-json\/wp\/v2\/product_tag?post=29514"}],"curies":[{"name":"wp","href":"https:\/\/api.w.org\/{rel}","templated":true}]}}