{"id":29505,"date":"2023-10-05T19:33:43","date_gmt":"2023-10-05T19:33:43","guid":{"rendered":"https:\/\/www.saralinatacado.com.br\/loja\/?post_type=product&#038;p=29505"},"modified":"2023-10-21T13:30:33","modified_gmt":"2023-10-21T13:30:33","slug":"maquina-de-acabamento-barba-cabelo-dragao-profissional-usb-recarregavel","status":"publish","type":"product","link":"https:\/\/www.saralinatacado.com.br\/loja\/produto\/maquina-de-acabamento-barba-cabelo-dragao-profissional-usb-recarregavel\/","title":{"rendered":"Maquina de Acabamento Barba Cabelo Drag\u00e3o Profissional USB Recarreg\u00e1vel"},"content":{"rendered":"<div class=\"row-fluid descricao-new\">\n<div class=\"descricao-titulo padrao-desc\"><strong>Descri\u00e7\u00e3o<\/strong><\/div>\n<div class=\"box-descricao\">\n<div class=\"span12\">\n<div id=\"smarthint-product-position1\"><\/div>\n<div id=\"blank-product-position1\"><\/div>\n<div class=\"abas-custom\">\n<div class=\"tab-content\">\n<div id=\"descricao\" class=\"tab-pane active\">\n<p>Este modelo sem fio possui bateria recarreg\u00e1vel em uma entrada USB, para que voc\u00ea tenha todo o conforto de cortar cabelos sem ter um cabo lhe atrapalhando. Uma m\u00e1quina boa de se manipular por possuir uma bateria de alta dura\u00e7\u00e3o de 1200mah, uma carga de 5 horas lhe d\u00e1 120 minutos de uso. Ela \u00e9 perfeita para profissionais que atuam em barbearias e sal\u00f5es que queiram se destacar com uma ferramenta diferenciada. Aguenta o trabalho duro do dia a dia. Serve para fazer pezinho, desenhos, disfarce e etc. Acompanha 3 pentes guia tamanhos 1mm\/1,5mm\/3mm, para voc\u00ea j\u00e1 receber e come\u00e7ar a praticar seus cortes! Totalmente recarreg\u00e1vel em qualquer entrada USB.<\/p>\n<p>Especifica\u00e7\u00f5es:<\/p>\n<p>Marca: Shawn Star Professional Star<\/p>\n<p>Modelo: XSD-19 Cor: Ouro ou Preto (verifique disponibilidade no an\u00fancio)<\/p>\n<p>Tamanho: 14,5 * 4 cm Peso l\u00edquido: 162 g Pot\u00eancia: 3W<\/p>\n<p>Tens\u00e3o: 100-240V Fonte de alimenta\u00e7\u00e3o: Bateria recarreg\u00e1vel<\/p>\n<p>Tempo de carregamento: 5 horas Vida \u00fatil: 120 minutos<\/p>\n<p>Itens inclusos: 01 M\u00e1quina Shawn Star Professional Hair Clipper 01 Cabo USB 01 Bateria Recarreg\u00e1vel 03 Pentes 01 Escova para Limpeza 01 \u00d3leo<\/p>\n<\/div>\n<\/div>\n<\/div>\n<\/div>\n<\/div>\n<\/div>\n<div class=\"row-fluid\">\n<div class=\"span12\">\n<div id=\"smarthint-product-position3\"><\/div>\n<div id=\"blank-product-position3\"><\/div>\n<div class=\"listagem  aproveite-tambem borda-alpha\">\n<h4 class=\"padrao-desc\"><\/h4>\n<\/div>\n<\/div>\n<\/div>\n","protected":false},"excerpt":{"rendered":"<p>Descri\u00e7\u00e3o Este modelo sem fio possui bateria recarreg\u00e1vel em uma entrada USB, para que voc\u00ea tenha todo o conforto de cortar cabelos sem ter um cabo lhe atrapalhando. Uma m\u00e1quina boa de se manipular por possuir uma bateria de alta dura\u00e7\u00e3o de 1200mah, uma carga de 5 horas lhe d\u00e1 120 minutos de uso. Ela [&hellip;]\n","protected":false},"featured_media":29507,"comment_status":"open","ping_status":"closed","template":"","meta":{"_bbp_topic_count":0,"_bbp_reply_count":0,"_bbp_total_topic_count":0,"_bbp_total_reply_count":0,"_bbp_voice_count":0,"_bbp_anonymous_reply_count":0,"_bbp_topic_count_hidden":0,"_bbp_reply_count_hidden":0,"_bbp_forum_subforum_count":0,"_joinchat":[]},"product_brand":[],"product_cat":[107],"product_tag":[],"class_list":{"0":"post-29505","1":"product","2":"type-product","3":"status-publish","4":"has-post-thumbnail","6":"product_cat-acessorios","8":"first","9":"instock","10":"taxable","11":"shipping-taxable","12":"purchasable","13":"product-type-simple"},"_links":{"self":[{"href":"https:\/\/www.saralinatacado.com.br\/loja\/wp-json\/wp\/v2\/product\/29505","targetHints":{"allow":["GET"]}}],"collection":[{"href":"https:\/\/www.saralinatacado.com.br\/loja\/wp-json\/wp\/v2\/product"}],"about":[{"href":"https:\/\/www.saralinatacado.com.br\/loja\/wp-json\/wp\/v2\/types\/product"}],"replies":[{"embeddable":true,"href":"https:\/\/www.saralinatacado.com.br\/loja\/wp-json\/wp\/v2\/comments?post=29505"}],"wp:featuredmedia":[{"embeddable":true,"href":"https:\/\/www.saralinatacado.com.br\/loja\/wp-json\/wp\/v2\/media\/29507"}],"wp:attachment":[{"href":"https:\/\/www.saralinatacado.com.br\/loja\/wp-json\/wp\/v2\/media?parent=29505"}],"wp:term":[{"taxonomy":"product_brand","embeddable":true,"href":"https:\/\/www.saralinatacado.com.br\/loja\/wp-json\/wp\/v2\/product_brand?post=29505"},{"taxonomy":"product_cat","embeddable":true,"href":"https:\/\/www.saralinatacado.com.br\/loja\/wp-json\/wp\/v2\/product_cat?post=29505"},{"taxonomy":"product_tag","embeddable":true,"href":"https:\/\/www.saralinatacado.com.br\/loja\/wp-json\/wp\/v2\/product_tag?post=29505"}],"curies":[{"name":"wp","href":"https:\/\/api.w.org\/{rel}","templated":true}]}}