{"id":29483,"date":"2023-10-03T18:37:58","date_gmt":"2023-10-03T18:37:58","guid":{"rendered":"https:\/\/www.saralinatacado.com.br\/loja\/?post_type=product&#038;p=29483"},"modified":"2023-10-03T18:37:58","modified_gmt":"2023-10-03T18:37:58","slug":"teclado-gamer-semi-mecanico-led-bm-t06-iluminacao-jogos-b-max","status":"publish","type":"product","link":"https:\/\/www.saralinatacado.com.br\/loja\/produto\/teclado-gamer-semi-mecanico-led-bm-t06-iluminacao-jogos-b-max\/","title":{"rendered":"Teclado Gamer Semi Mec\u00e2nico Led Bm-t06 Ilumina\u00e7\u00e3o Jogos &#8211; B-MAX"},"content":{"rendered":"<h2 class=\"sc-kpDqfm ivZCgz\" data-testid=\"product-detail-label\">Informa\u00e7\u00f5es do Produto<\/h2>\n<p><span class=\"sc-kpDqfm qhIEo\" data-testid=\"product-detail-title\">Teclado Gamer Semi Mec\u00e2nico Led Bm-t06 Ilumina\u00e7\u00e3o Jogos<\/span><\/p>\n<div class=\"sc-fqkvVR heuZyN sc-dnvZjJ dtJjfe\" data-testid=\"product-detail-description\">\n<div class=\"sc-fqkvVR hlqElk sc-jcdlHQ cxsdMT\" data-testid=\"rich-content-container\">\n<p>Teclado Gamer Iluminado USB Semi Mec\u00e2nico B-Max BM-T06 O teclado Semi Mec\u00e2nico BACKLIGHT BM-T06 foi feito especialmente para gamers. Suas teclas s\u00e3o macias, dando um conforto maior na jogabilidade, possui tamb\u00e9m leds com v\u00e1rias op\u00e7\u00f5es de cores, que ajudam nas jogadas noturnas e aumentam ainda mais a beleza do teclado, real\u00e7ando seus detalhes.<\/p>\n<p>INFORMA\u00c7\u00d5ES T\u00c9CNICAS Modelo:<\/p>\n<p>BM-T06 Conex\u00e3o: USB Padr\u00e3o:Brasileiro Abnt tem \u00e7* Comprimento do cabo: 1,2M CARACTER\u00cdSTICAS<\/p>\n<p>&#8211; Conex\u00e3o: USB;<\/p>\n<p>&#8211; Teclado Gamer Se-mimec\u00e2nico: Base resistente com ilumina\u00e7\u00e3o de LED;<\/p>\n<p>&#8211; Possui toque suave, com teclas macias e silenciosas;<\/p>\n<p>&#8211; Design ergon\u00f4mico, com p\u00e9s de apoio e acabamento premium;<\/p>\n<p>&#8211; Sistema Plug &amp; Play: basta conectar na entrada USB de seu PC e come\u00e7ar a utilizar;<\/p>\n<p>&#8211; Compat\u00edvel com Windows 2000, XP, Vista, 7, NT, ME;<\/p>\n<p>&#8211; 107 teclas e fun\u00e7\u00e3o multim\u00eddia (FN + FX); &#8211; Padr\u00e3o ABNT2 (PT-BR) com tecla \u00c7. P.S.: As luzes podem ser acesas ou apagadas apertando as teclas FN + Scroll. ITENS INCLUSOS 01 x Teclado Semi-mec\u00e2nico BM-T06<\/p>\n<\/div>\n<\/div>\n","protected":false},"excerpt":{"rendered":"<p>Informa\u00e7\u00f5es do Produto Teclado Gamer Semi Mec\u00e2nico Led Bm-t06 Ilumina\u00e7\u00e3o Jogos Teclado Gamer Iluminado USB Semi Mec\u00e2nico B-Max BM-T06 O teclado Semi Mec\u00e2nico BACKLIGHT BM-T06 foi feito especialmente para gamers. Suas teclas s\u00e3o macias, dando um conforto maior na jogabilidade, possui tamb\u00e9m leds com v\u00e1rias op\u00e7\u00f5es de cores, que ajudam nas jogadas noturnas e aumentam [&hellip;]\n","protected":false},"featured_media":29487,"comment_status":"open","ping_status":"closed","template":"","meta":{"_bbp_topic_count":0,"_bbp_reply_count":0,"_bbp_total_topic_count":0,"_bbp_total_reply_count":0,"_bbp_voice_count":0,"_bbp_anonymous_reply_count":0,"_bbp_topic_count_hidden":0,"_bbp_reply_count_hidden":0,"_bbp_forum_subforum_count":0,"_joinchat":[]},"product_brand":[],"product_cat":[100,109],"product_tag":[],"class_list":{"0":"post-29483","1":"product","2":"type-product","3":"status-publish","4":"has-post-thumbnail","6":"product_cat-alimentacao","7":"product_cat-teclado","9":"first","10":"instock","11":"taxable","12":"shipping-taxable","13":"purchasable","14":"product-type-simple"},"_links":{"self":[{"href":"https:\/\/www.saralinatacado.com.br\/loja\/wp-json\/wp\/v2\/product\/29483","targetHints":{"allow":["GET"]}}],"collection":[{"href":"https:\/\/www.saralinatacado.com.br\/loja\/wp-json\/wp\/v2\/product"}],"about":[{"href":"https:\/\/www.saralinatacado.com.br\/loja\/wp-json\/wp\/v2\/types\/product"}],"replies":[{"embeddable":true,"href":"https:\/\/www.saralinatacado.com.br\/loja\/wp-json\/wp\/v2\/comments?post=29483"}],"wp:featuredmedia":[{"embeddable":true,"href":"https:\/\/www.saralinatacado.com.br\/loja\/wp-json\/wp\/v2\/media\/29487"}],"wp:attachment":[{"href":"https:\/\/www.saralinatacado.com.br\/loja\/wp-json\/wp\/v2\/media?parent=29483"}],"wp:term":[{"taxonomy":"product_brand","embeddable":true,"href":"https:\/\/www.saralinatacado.com.br\/loja\/wp-json\/wp\/v2\/product_brand?post=29483"},{"taxonomy":"product_cat","embeddable":true,"href":"https:\/\/www.saralinatacado.com.br\/loja\/wp-json\/wp\/v2\/product_cat?post=29483"},{"taxonomy":"product_tag","embeddable":true,"href":"https:\/\/www.saralinatacado.com.br\/loja\/wp-json\/wp\/v2\/product_tag?post=29483"}],"curies":[{"name":"wp","href":"https:\/\/api.w.org\/{rel}","templated":true}]}}