{"id":29462,"date":"2023-10-03T17:59:06","date_gmt":"2023-10-03T17:59:06","guid":{"rendered":"https:\/\/www.saralinatacado.com.br\/loja\/?post_type=product&#038;p=29462"},"modified":"2023-10-03T18:18:09","modified_gmt":"2023-10-03T18:18:09","slug":"teclado-sem-fio-com-mouse-ice-armor-bt-7200","status":"publish","type":"product","link":"https:\/\/www.saralinatacado.com.br\/loja\/produto\/teclado-sem-fio-com-mouse-ice-armor-bt-7200\/","title":{"rendered":"Teclado Sem fio Com Mouse Ice Armor BT-7200"},"content":{"rendered":"<h2 class=\"Iv7FJp\">Descri\u00e7\u00e3o Do Produto<\/h2>\n<div class=\"MCCLkq\">\n<div class=\"f7AU53\">\n<p class=\"irIKAp\">TECLADO IDEAL PARA HOME-OFFICE BT7200 WIRELESS Transmiss\u00e3o wireless : 2.4Hz Compat\u00edvel para Windows Xp, 7,8,10 e Mac. Dist\u00e2ncia p\/ transmiss\u00e3o wireless: 10m Desfrute a liberdade da conex\u00e3o sem fio com este vers\u00e1til combo. O teclado tem teclas de alta qualidade e inclui uma vers\u00e3o num\u00e9rica. Por sua vez, o mouse ambidestro oferece acompanhamento e rolagem suave, para facilitar a navega\u00e7\u00e3o. Sensor de alta precis\u00e3o O mouse do kit possui um sensor \u00f3ptico de alta precis\u00e3o, que lhe permitir\u00e1 redirecionar o cursor de forma mais precisa e sens\u00edvel que os demais sistemas tradicionais.<\/p>\n<\/div>\n<\/div>\n","protected":false},"excerpt":{"rendered":"<p>Descri\u00e7\u00e3o Do Produto TECLADO IDEAL PARA HOME-OFFICE BT7200 WIRELESS Transmiss\u00e3o wireless : 2.4Hz Compat\u00edvel para Windows Xp, 7,8,10 e Mac. Dist\u00e2ncia p\/ transmiss\u00e3o wireless: 10m Desfrute a liberdade da conex\u00e3o sem fio com este vers\u00e1til combo. O teclado tem teclas de alta qualidade e inclui uma vers\u00e3o num\u00e9rica. Por sua vez, o mouse ambidestro oferece [&hellip;]\n","protected":false},"featured_media":29472,"comment_status":"open","ping_status":"closed","template":"","meta":{"_bbp_topic_count":0,"_bbp_reply_count":0,"_bbp_total_topic_count":0,"_bbp_total_reply_count":0,"_bbp_voice_count":0,"_bbp_anonymous_reply_count":0,"_bbp_topic_count_hidden":0,"_bbp_reply_count_hidden":0,"_bbp_forum_subforum_count":0,"_joinchat":[]},"product_brand":[],"product_cat":[109],"product_tag":[],"class_list":{"0":"post-29462","1":"product","2":"type-product","3":"status-publish","4":"has-post-thumbnail","6":"product_cat-teclado","8":"first","9":"instock","10":"taxable","11":"shipping-taxable","12":"purchasable","13":"product-type-simple"},"_links":{"self":[{"href":"https:\/\/www.saralinatacado.com.br\/loja\/wp-json\/wp\/v2\/product\/29462","targetHints":{"allow":["GET"]}}],"collection":[{"href":"https:\/\/www.saralinatacado.com.br\/loja\/wp-json\/wp\/v2\/product"}],"about":[{"href":"https:\/\/www.saralinatacado.com.br\/loja\/wp-json\/wp\/v2\/types\/product"}],"replies":[{"embeddable":true,"href":"https:\/\/www.saralinatacado.com.br\/loja\/wp-json\/wp\/v2\/comments?post=29462"}],"wp:featuredmedia":[{"embeddable":true,"href":"https:\/\/www.saralinatacado.com.br\/loja\/wp-json\/wp\/v2\/media\/29472"}],"wp:attachment":[{"href":"https:\/\/www.saralinatacado.com.br\/loja\/wp-json\/wp\/v2\/media?parent=29462"}],"wp:term":[{"taxonomy":"product_brand","embeddable":true,"href":"https:\/\/www.saralinatacado.com.br\/loja\/wp-json\/wp\/v2\/product_brand?post=29462"},{"taxonomy":"product_cat","embeddable":true,"href":"https:\/\/www.saralinatacado.com.br\/loja\/wp-json\/wp\/v2\/product_cat?post=29462"},{"taxonomy":"product_tag","embeddable":true,"href":"https:\/\/www.saralinatacado.com.br\/loja\/wp-json\/wp\/v2\/product_tag?post=29462"}],"curies":[{"name":"wp","href":"https:\/\/api.w.org\/{rel}","templated":true}]}}