{"id":29457,"date":"2023-10-03T17:42:20","date_gmt":"2023-10-03T17:42:20","guid":{"rendered":"https:\/\/www.saralinatacado.com.br\/loja\/?post_type=product&#038;p=29457"},"modified":"2023-10-03T17:42:20","modified_gmt":"2023-10-03T17:42:20","slug":"teclado-numerico-gamer-usb-multilaser-hotkeys-slim-abnt-2-preto-e-vermelho-tc242","status":"publish","type":"product","link":"https:\/\/www.saralinatacado.com.br\/loja\/produto\/teclado-numerico-gamer-usb-multilaser-hotkeys-slim-abnt-2-preto-e-vermelho-tc242\/","title":{"rendered":"Teclado Num\u00e9rico Gamer USB Multilaser Hotkeys Slim &#8211; ABNT 2 Preto e Vermelho TC242"},"content":{"rendered":"<h2 class=\"ui-pdp-description__title\">Descri\u00e7\u00e3o<\/h2>\n<p class=\"ui-pdp-description__content\">Teclado Gamer Vermelho Multim\u00eddia Slim Multilaser TC242<\/p>\n<p>Com o Teclado Gamer da Multilaser voc\u00ea contar\u00e1 com um produto super resistente, designer robusto e confort\u00e1vel. Ele possui 8 teclas multim\u00eddia, que ir\u00e3o te permitir um acesso r\u00e1pido para as teclas que voc\u00ea mais utiliza. Para voc\u00ea que busca um teclado moderno, estiloso e dur\u00e1vel, esse \u00e9 o produto ideal para voc\u00ea.<\/p>\n<p>O teclado gamer da Multilaser te oferece tranquilidade e conforto para jogar, jogue por horas e realize grandes conquistas no mundo virtual.<\/p>\n<p>O teclado gamer da Multilaser possui designer com as teclas direcionais pintadas para facilitar sua localiza\u00e7\u00e3o durante os jogos.<\/p>\n<p>Caracter\u00edsticas do produto:<br \/>\n&#8211;\u00a0Possui 8 teclas de acesso r\u00e1pido para as fun\u00e7\u00f5es que voc\u00ea mais utiliza<br \/>\n&#8211; Super resistente, robusto e confort\u00e1vel<br \/>\n&#8211; Plug Play para conex\u00e3o autom\u00e1tica, conecta a entrada USB e comece a usar<br \/>\n&#8211; Conta com teclas destacadas, f\u00e1cil de utilizar na hora de jogar<\/p>\n<p>Conte\u00fado da embalagem:<br \/>\n01 &#8211;\u00a0Teclado Gamer Multilaser\u00a0TC242<\/p>\n","protected":false},"excerpt":{"rendered":"<p>Descri\u00e7\u00e3o Teclado Gamer Vermelho Multim\u00eddia Slim Multilaser TC242 Com o Teclado Gamer da Multilaser voc\u00ea contar\u00e1 com um produto super resistente, designer robusto e confort\u00e1vel. Ele possui 8 teclas multim\u00eddia, que ir\u00e3o te permitir um acesso r\u00e1pido para as teclas que voc\u00ea mais utiliza. Para voc\u00ea que busca um teclado moderno, estiloso e dur\u00e1vel, esse [&hellip;]\n","protected":false},"featured_media":29460,"comment_status":"open","ping_status":"closed","template":"","meta":{"_bbp_topic_count":0,"_bbp_reply_count":0,"_bbp_total_topic_count":0,"_bbp_total_reply_count":0,"_bbp_voice_count":0,"_bbp_anonymous_reply_count":0,"_bbp_topic_count_hidden":0,"_bbp_reply_count_hidden":0,"_bbp_forum_subforum_count":0,"_joinchat":[]},"product_brand":[],"product_cat":[109],"product_tag":[],"class_list":{"0":"post-29457","1":"product","2":"type-product","3":"status-publish","4":"has-post-thumbnail","6":"product_cat-teclado","8":"first","9":"instock","10":"taxable","11":"shipping-taxable","12":"purchasable","13":"product-type-simple"},"_links":{"self":[{"href":"https:\/\/www.saralinatacado.com.br\/loja\/wp-json\/wp\/v2\/product\/29457","targetHints":{"allow":["GET"]}}],"collection":[{"href":"https:\/\/www.saralinatacado.com.br\/loja\/wp-json\/wp\/v2\/product"}],"about":[{"href":"https:\/\/www.saralinatacado.com.br\/loja\/wp-json\/wp\/v2\/types\/product"}],"replies":[{"embeddable":true,"href":"https:\/\/www.saralinatacado.com.br\/loja\/wp-json\/wp\/v2\/comments?post=29457"}],"wp:featuredmedia":[{"embeddable":true,"href":"https:\/\/www.saralinatacado.com.br\/loja\/wp-json\/wp\/v2\/media\/29460"}],"wp:attachment":[{"href":"https:\/\/www.saralinatacado.com.br\/loja\/wp-json\/wp\/v2\/media?parent=29457"}],"wp:term":[{"taxonomy":"product_brand","embeddable":true,"href":"https:\/\/www.saralinatacado.com.br\/loja\/wp-json\/wp\/v2\/product_brand?post=29457"},{"taxonomy":"product_cat","embeddable":true,"href":"https:\/\/www.saralinatacado.com.br\/loja\/wp-json\/wp\/v2\/product_cat?post=29457"},{"taxonomy":"product_tag","embeddable":true,"href":"https:\/\/www.saralinatacado.com.br\/loja\/wp-json\/wp\/v2\/product_tag?post=29457"}],"curies":[{"name":"wp","href":"https:\/\/api.w.org\/{rel}","templated":true}]}}