{"id":29453,"date":"2023-10-03T17:35:50","date_gmt":"2023-10-03T17:35:50","guid":{"rendered":"https:\/\/www.saralinatacado.com.br\/loja\/?post_type=product&#038;p=29453"},"modified":"2023-10-03T17:36:46","modified_gmt":"2023-10-03T17:36:46","slug":"teclado-simples-escritorio-pc-multimidia-windows-7-8-10-k2","status":"publish","type":"product","link":"https:\/\/www.saralinatacado.com.br\/loja\/produto\/teclado-simples-escritorio-pc-multimidia-windows-7-8-10-k2\/","title":{"rendered":"Teclado Simples Escrit\u00f3rio Pc Multim\u00eddia Windows 7 8 10 K2"},"content":{"rendered":"<h2 class=\"ui-pdp-description__title\">Descri\u00e7\u00e3o<\/h2>\n<p class=\"ui-pdp-description__content\">Teclado Multim\u00eddia USB<\/p>\n<p>Teclado multim\u00eddia com teclas de alta resist\u00eancia e durabilidade.<br \/>\nPerfeito para todo tipo de atividade e aplica\u00e7\u00e3o. Desenhado para uma digita\u00e7\u00e3o confort\u00e1vel e sem falhas.<\/p>\n<p>PRINCIPAIS CARACTER\u00cdSTICAS<br \/>\n8 Teclas especiais de atalho<br \/>\nMembrana de alta qualidade<br \/>\nLayout ABNT2<br \/>\nConex\u00e3o USB<br \/>\nTotalmente Plug and Play<\/p>\n<p>ESPECIFICA\u00c7\u00d5ES<br \/>\nConex\u00e3o: USB<br \/>\nTeclas: 108<br \/>\nTeclas Especiais: 9 teclas de atalho<br \/>\nDurabilidade das teclas: 10 milh\u00f5es<br \/>\nChave de Curso: 3,5 +\/- 0,55 mm<br \/>\nFor\u00e7a de atua\u00e7\u00e3o: 60 +\/- 15g<br \/>\nCompat\u00edvel: Windows 7 \/ 8 \/ 10<\/p>\n","protected":false},"excerpt":{"rendered":"<p>Descri\u00e7\u00e3o Teclado Multim\u00eddia USB Teclado multim\u00eddia com teclas de alta resist\u00eancia e durabilidade. Perfeito para todo tipo de atividade e aplica\u00e7\u00e3o. Desenhado para uma digita\u00e7\u00e3o confort\u00e1vel e sem falhas. PRINCIPAIS CARACTER\u00cdSTICAS 8 Teclas especiais de atalho Membrana de alta qualidade Layout ABNT2 Conex\u00e3o USB Totalmente Plug and Play ESPECIFICA\u00c7\u00d5ES Conex\u00e3o: USB Teclas: 108 Teclas Especiais: [&hellip;]\n","protected":false},"featured_media":29455,"comment_status":"open","ping_status":"closed","template":"","meta":{"_bbp_topic_count":0,"_bbp_reply_count":0,"_bbp_total_topic_count":0,"_bbp_total_reply_count":0,"_bbp_voice_count":0,"_bbp_anonymous_reply_count":0,"_bbp_topic_count_hidden":0,"_bbp_reply_count_hidden":0,"_bbp_forum_subforum_count":0,"_joinchat":[]},"product_brand":[],"product_cat":[107,109],"product_tag":[],"class_list":{"0":"post-29453","1":"product","2":"type-product","3":"status-publish","4":"has-post-thumbnail","6":"product_cat-acessorios","7":"product_cat-teclado","9":"first","10":"instock","11":"taxable","12":"shipping-taxable","13":"purchasable","14":"product-type-simple"},"_links":{"self":[{"href":"https:\/\/www.saralinatacado.com.br\/loja\/wp-json\/wp\/v2\/product\/29453","targetHints":{"allow":["GET"]}}],"collection":[{"href":"https:\/\/www.saralinatacado.com.br\/loja\/wp-json\/wp\/v2\/product"}],"about":[{"href":"https:\/\/www.saralinatacado.com.br\/loja\/wp-json\/wp\/v2\/types\/product"}],"replies":[{"embeddable":true,"href":"https:\/\/www.saralinatacado.com.br\/loja\/wp-json\/wp\/v2\/comments?post=29453"}],"wp:featuredmedia":[{"embeddable":true,"href":"https:\/\/www.saralinatacado.com.br\/loja\/wp-json\/wp\/v2\/media\/29455"}],"wp:attachment":[{"href":"https:\/\/www.saralinatacado.com.br\/loja\/wp-json\/wp\/v2\/media?parent=29453"}],"wp:term":[{"taxonomy":"product_brand","embeddable":true,"href":"https:\/\/www.saralinatacado.com.br\/loja\/wp-json\/wp\/v2\/product_brand?post=29453"},{"taxonomy":"product_cat","embeddable":true,"href":"https:\/\/www.saralinatacado.com.br\/loja\/wp-json\/wp\/v2\/product_cat?post=29453"},{"taxonomy":"product_tag","embeddable":true,"href":"https:\/\/www.saralinatacado.com.br\/loja\/wp-json\/wp\/v2\/product_tag?post=29453"}],"curies":[{"name":"wp","href":"https:\/\/api.w.org\/{rel}","templated":true}]}}