{"id":29448,"date":"2023-10-03T17:27:21","date_gmt":"2023-10-03T17:27:21","guid":{"rendered":"https:\/\/www.saralinatacado.com.br\/loja\/?post_type=product&#038;p=29448"},"modified":"2023-10-03T17:28:12","modified_gmt":"2023-10-03T17:28:12","slug":"teclado-standard-k7-com-fio-usb-plugplay-mbtech","status":"publish","type":"product","link":"https:\/\/www.saralinatacado.com.br\/loja\/produto\/teclado-standard-k7-com-fio-usb-plugplay-mbtech\/","title":{"rendered":"Teclado Standard K7 com Fio Usb Plug&#038;play &#8211; MBtech"},"content":{"rendered":"<p>Teclado Standard MBtech ergon\u00f4mico ABNT2 Caracter\u00edsticas:<\/p>\n<p>-Cabo USB Plug&amp;Play<\/p>\n<p>-Modelo ABNT2<\/p>\n<p>-Base Anti-derrapante<\/p>\n<p>-Resistente \u00e1 respingos de \u00e1gua -Compat\u00edvel com Windows XP, Vista, 7, 8 e 10<\/p>\n","protected":false},"excerpt":{"rendered":"<p>Teclado Standard MBtech ergon\u00f4mico ABNT2 Caracter\u00edsticas: -Cabo USB Plug&amp;Play -Modelo ABNT2 -Base Anti-derrapante -Resistente \u00e1 respingos de \u00e1gua -Compat\u00edvel com Windows XP, Vista, 7, 8 e 10<\/p>\n","protected":false},"featured_media":29450,"comment_status":"open","ping_status":"closed","template":"","meta":{"_bbp_topic_count":0,"_bbp_reply_count":0,"_bbp_total_topic_count":0,"_bbp_total_reply_count":0,"_bbp_voice_count":0,"_bbp_anonymous_reply_count":0,"_bbp_topic_count_hidden":0,"_bbp_reply_count_hidden":0,"_bbp_forum_subforum_count":0,"_joinchat":[]},"product_brand":[],"product_cat":[107,109],"product_tag":[],"class_list":{"0":"post-29448","1":"product","2":"type-product","3":"status-publish","4":"has-post-thumbnail","6":"product_cat-acessorios","7":"product_cat-teclado","9":"first","10":"instock","11":"taxable","12":"shipping-taxable","13":"purchasable","14":"product-type-simple"},"_links":{"self":[{"href":"https:\/\/www.saralinatacado.com.br\/loja\/wp-json\/wp\/v2\/product\/29448","targetHints":{"allow":["GET"]}}],"collection":[{"href":"https:\/\/www.saralinatacado.com.br\/loja\/wp-json\/wp\/v2\/product"}],"about":[{"href":"https:\/\/www.saralinatacado.com.br\/loja\/wp-json\/wp\/v2\/types\/product"}],"replies":[{"embeddable":true,"href":"https:\/\/www.saralinatacado.com.br\/loja\/wp-json\/wp\/v2\/comments?post=29448"}],"wp:featuredmedia":[{"embeddable":true,"href":"https:\/\/www.saralinatacado.com.br\/loja\/wp-json\/wp\/v2\/media\/29450"}],"wp:attachment":[{"href":"https:\/\/www.saralinatacado.com.br\/loja\/wp-json\/wp\/v2\/media?parent=29448"}],"wp:term":[{"taxonomy":"product_brand","embeddable":true,"href":"https:\/\/www.saralinatacado.com.br\/loja\/wp-json\/wp\/v2\/product_brand?post=29448"},{"taxonomy":"product_cat","embeddable":true,"href":"https:\/\/www.saralinatacado.com.br\/loja\/wp-json\/wp\/v2\/product_cat?post=29448"},{"taxonomy":"product_tag","embeddable":true,"href":"https:\/\/www.saralinatacado.com.br\/loja\/wp-json\/wp\/v2\/product_tag?post=29448"}],"curies":[{"name":"wp","href":"https:\/\/api.w.org\/{rel}","templated":true}]}}