{"id":29442,"date":"2023-10-03T17:19:49","date_gmt":"2023-10-03T17:19:49","guid":{"rendered":"https:\/\/www.saralinatacado.com.br\/loja\/?post_type=product&#038;p=29442"},"modified":"2023-10-03T17:19:49","modified_gmt":"2023-10-03T17:19:49","slug":"datashow-t5-2500-lumens-pareia-com-o-celular-120-polegadas","status":"publish","type":"product","link":"https:\/\/www.saralinatacado.com.br\/loja\/produto\/datashow-t5-2500-lumens-pareia-com-o-celular-120-polegadas\/","title":{"rendered":"Datashow T5 2500 Lumens Pareia Com O Celular 120 Polegadas"},"content":{"rendered":"<p>T5 1080P Mini-projetor Multim\u00eddia LED Full HD Port\u00e1til<\/p>\n<p>Este \u00e9 um projetor de home theater port\u00e1til de alta qualidade que voc\u00ea pode assistir a filmes, programas de esportes, fotos, etc. Por exemplo, se voc\u00ea precisa para assistir uma imagem din\u00e2mica 120 polegadas recentemente. Alguns opera\u00e7\u00f5es que fornecem imagens claras.<\/p>\n<p>Proporciona mais brilho qualidade de imagem do projetor conduzido comum, voc\u00ea vai ter alta imagens n\u00edtidas no quarto escuro.<br \/>\nT5 sistema de software atualizado forneceu uma maneira f\u00e1cil de conseguir multi-tela com o telefone ou tablet.<br \/>\nN\u00e3o h\u00e1 necessidade de outros cabos, mais convenientes e mais est\u00e1veis.<br \/>\nMuitas Interfaces Funcionais: HDMI \/ USB1 \/ USB2 \/ AV \/ VGA \/ Sa\u00edda de \u00e1udio.<br \/>\nAlto-falante embutido, conecta alto-falantes externos ou fones de ouvido atrav\u00e9s de uma interface de \u00e1udio 3,5 mil\u00edmetros.<br \/>\nLED como fonte de luz, a vida \u00e9 de 30, 000 horas<\/p>\n<p>Descri\u00e7\u00e3o:<br \/>\nTipo de projeto: Projetores de V\u00eddeo<br \/>\nResolu\u00e7\u00e3o: 800 * 480<br \/>\nLente de proje\u00e7\u00e3o: v\u00e1rias lentes revestidas \u00f3pticas<br \/>\nBrilho: 2500 Lumens<br \/>\nPot\u00eancia: 70W<br \/>\nModo de proje\u00e7\u00e3o: proje\u00e7\u00e3o direta<br \/>\nTens\u00e3o: 110-240V<br \/>\nTamanho do desenho de proje\u00e7\u00e3o: 30-170 CM<br \/>\nModelo: T5<br \/>\nCor branca<\/p>\n<p>Itens Inclusos:<\/p>\n<p>1 x Projetor T5<br \/>\n1 x Cabo De Energia<br \/>\n1 x Controle Remoto<br \/>\n1 X Manual Do Usu\u00e1rio Ingl\u00eas<\/p>\n","protected":false},"excerpt":{"rendered":"<p>T5 1080P Mini-projetor Multim\u00eddia LED Full HD Port\u00e1til Este \u00e9 um projetor de home theater port\u00e1til de alta qualidade que voc\u00ea pode assistir a filmes, programas de esportes, fotos, etc. Por exemplo, se voc\u00ea precisa para assistir uma imagem din\u00e2mica 120 polegadas recentemente. Alguns opera\u00e7\u00f5es que fornecem imagens claras. Proporciona mais brilho qualidade de imagem [&hellip;]\n","protected":false},"featured_media":29444,"comment_status":"open","ping_status":"closed","template":"","meta":{"_bbp_topic_count":0,"_bbp_reply_count":0,"_bbp_total_topic_count":0,"_bbp_total_reply_count":0,"_bbp_voice_count":0,"_bbp_anonymous_reply_count":0,"_bbp_topic_count_hidden":0,"_bbp_reply_count_hidden":0,"_bbp_forum_subforum_count":0,"_joinchat":[]},"product_brand":[],"product_cat":[107,100],"product_tag":[],"class_list":{"0":"post-29442","1":"product","2":"type-product","3":"status-publish","4":"has-post-thumbnail","6":"product_cat-acessorios","7":"product_cat-alimentacao","9":"first","10":"instock","11":"taxable","12":"shipping-taxable","13":"purchasable","14":"product-type-simple"},"_links":{"self":[{"href":"https:\/\/www.saralinatacado.com.br\/loja\/wp-json\/wp\/v2\/product\/29442","targetHints":{"allow":["GET"]}}],"collection":[{"href":"https:\/\/www.saralinatacado.com.br\/loja\/wp-json\/wp\/v2\/product"}],"about":[{"href":"https:\/\/www.saralinatacado.com.br\/loja\/wp-json\/wp\/v2\/types\/product"}],"replies":[{"embeddable":true,"href":"https:\/\/www.saralinatacado.com.br\/loja\/wp-json\/wp\/v2\/comments?post=29442"}],"wp:featuredmedia":[{"embeddable":true,"href":"https:\/\/www.saralinatacado.com.br\/loja\/wp-json\/wp\/v2\/media\/29444"}],"wp:attachment":[{"href":"https:\/\/www.saralinatacado.com.br\/loja\/wp-json\/wp\/v2\/media?parent=29442"}],"wp:term":[{"taxonomy":"product_brand","embeddable":true,"href":"https:\/\/www.saralinatacado.com.br\/loja\/wp-json\/wp\/v2\/product_brand?post=29442"},{"taxonomy":"product_cat","embeddable":true,"href":"https:\/\/www.saralinatacado.com.br\/loja\/wp-json\/wp\/v2\/product_cat?post=29442"},{"taxonomy":"product_tag","embeddable":true,"href":"https:\/\/www.saralinatacado.com.br\/loja\/wp-json\/wp\/v2\/product_tag?post=29442"}],"curies":[{"name":"wp","href":"https:\/\/api.w.org\/{rel}","templated":true}]}}