{"id":29435,"date":"2023-10-03T17:10:09","date_gmt":"2023-10-03T17:10:09","guid":{"rendered":"https:\/\/www.saralinatacado.com.br\/loja\/?post_type=product&#038;p=29435"},"modified":"2023-10-03T17:12:51","modified_gmt":"2023-10-03T17:12:51","slug":"espremedor-portatil-de-laranja-suco-frutas-eletrico-sem-fio","status":"publish","type":"product","link":"https:\/\/www.saralinatacado.com.br\/loja\/produto\/espremedor-portatil-de-laranja-suco-frutas-eletrico-sem-fio\/","title":{"rendered":"Espremedor Port\u00e1til de Laranja Suco Frutas El\u00e9trico Sem Fio"},"content":{"rendered":"<p>ARACTER\u00cdSTICAS:<\/p>\n<p>&#8211; Maior rendimento do suco: Com um sistema de velocidade lenta. Ele fornece o sabor puro<br \/>\nda fruta.<br \/>\n&#8211; F\u00e1cil de usar e limpar: Tudo destac\u00e1vel para f\u00e1cil separa\u00e7\u00e3o e limpeza.<br \/>\n&#8211; Recarreg\u00e1vel usb, sem fio e port\u00e1til. Suco a qualquer hora, em qualquer lugar.<br \/>\n&#8211; Fa\u00e7a suco usando apenas um bot\u00e3o, economize tempo e esfor\u00e7o, sem necessidade<br \/>\nde utilizar as m\u00e3os.<br \/>\n&#8211; Espreme em todas as dire\u00e7\u00f5es 360, separa\u00e7\u00e3o de res\u00edduos, maior rendimento de suco.<br \/>\n&#8211; N\u00e3o apenas laranjas, mas tamb\u00e9m ma\u00e7\u00e3s, rom\u00e3s e peras podem ser cortadas ao meio para fazer suco.<\/p>\n<p>**************************************COMO USAR**************************************<\/p>\n<p>1) Corte as frutas ao meio, pode ser laranja ou outras frutas, dependendo do formato, \u00e9 indicado que voc\u00ea corte em cubos;<br \/>\n2) Coloque no copo, respeitando a capacidade;<br \/>\n3) Feche a tampa at\u00e9 travar a mesma;<br \/>\n4) Pressione o bot\u00e3o por 5 segundos fundo at\u00e9 acender o led;<br \/>\n5) Aguarde o funcionamento e processo de extra\u00e7\u00e3o do suco;<br \/>\n6) Espere que o suco chegue na marca limite;<br \/>\n7) Caso queira espremer novamente \u00e9 s\u00f3 clicar uma vez no bot\u00e3o.<br \/>\n8) Ao chegar na marca limite, abra o tamp\u00e3o e despeje o suco em um copo.<\/p>\n<p>CARREGAMENTO:<br \/>\nTipo de carregador: Micro-USB. Necess\u00e1rio carregar por 4 horas antes do primeiro uso. Com o uso di\u00e1rio carregue por 2 horas. N\u00e3o use durante o carregamento. Carregamento usb, voc\u00ea pode usar outros dispositivos para carregar: Notebook, Power Bank, Carro e adaptadores.<\/p>\n<p>RECOMENDA\u00c7\u00c3O:<br \/>\n&#8211; Manter seco<br \/>\n&#8211; Manuseie com cuidado<\/p>\n<p>PRECAU\u00c7\u00d5ES:<br \/>\n&#8211; \u00e9 importante que ao fazer o suco, respeite a marca limite. Caso o liquido passe da marca, pode danificar o motor, ou somente ter os res\u00edduos misturados, dificultando a separa\u00e7\u00e3o.<br \/>\n&#8211; Durante a extra\u00e7\u00e3o do suco \u00e9 normal a tampa superior e o copo ter agita\u00e7\u00e3o.<\/p>\n<p>ESPECIFICA\u00c7\u00d5ES:<br \/>\nModelo: MDC1<br \/>\nTamanho: 132x112x240mm<br \/>\nPeso: 1100g<br \/>\nTens\u00e3o nominal: 7,4V<br \/>\nCorrente nominal: 6A<br \/>\nPot\u00eancia nominal: 45W<br \/>\nModo de carregamento: usb<br \/>\nRequisito de carregamento: 5V-1A<\/p>\n","protected":false},"excerpt":{"rendered":"<p>ARACTER\u00cdSTICAS: &#8211; Maior rendimento do suco: Com um sistema de velocidade lenta. Ele fornece o sabor puro da fruta. &#8211; F\u00e1cil de usar e limpar: Tudo destac\u00e1vel para f\u00e1cil separa\u00e7\u00e3o e limpeza. &#8211; Recarreg\u00e1vel usb, sem fio e port\u00e1til. Suco a qualquer hora, em qualquer lugar. &#8211; Fa\u00e7a suco usando apenas um bot\u00e3o, economize tempo [&hellip;]\n","protected":false},"featured_media":29437,"comment_status":"open","ping_status":"closed","template":"","meta":{"_bbp_topic_count":0,"_bbp_reply_count":0,"_bbp_total_topic_count":0,"_bbp_total_reply_count":0,"_bbp_voice_count":0,"_bbp_anonymous_reply_count":0,"_bbp_topic_count_hidden":0,"_bbp_reply_count_hidden":0,"_bbp_forum_subforum_count":0,"_joinchat":[]},"product_brand":[],"product_cat":[107],"product_tag":[],"class_list":{"0":"post-29435","1":"product","2":"type-product","3":"status-publish","4":"has-post-thumbnail","6":"product_cat-acessorios","8":"first","9":"instock","10":"taxable","11":"shipping-taxable","12":"purchasable","13":"product-type-simple"},"_links":{"self":[{"href":"https:\/\/www.saralinatacado.com.br\/loja\/wp-json\/wp\/v2\/product\/29435","targetHints":{"allow":["GET"]}}],"collection":[{"href":"https:\/\/www.saralinatacado.com.br\/loja\/wp-json\/wp\/v2\/product"}],"about":[{"href":"https:\/\/www.saralinatacado.com.br\/loja\/wp-json\/wp\/v2\/types\/product"}],"replies":[{"embeddable":true,"href":"https:\/\/www.saralinatacado.com.br\/loja\/wp-json\/wp\/v2\/comments?post=29435"}],"wp:featuredmedia":[{"embeddable":true,"href":"https:\/\/www.saralinatacado.com.br\/loja\/wp-json\/wp\/v2\/media\/29437"}],"wp:attachment":[{"href":"https:\/\/www.saralinatacado.com.br\/loja\/wp-json\/wp\/v2\/media?parent=29435"}],"wp:term":[{"taxonomy":"product_brand","embeddable":true,"href":"https:\/\/www.saralinatacado.com.br\/loja\/wp-json\/wp\/v2\/product_brand?post=29435"},{"taxonomy":"product_cat","embeddable":true,"href":"https:\/\/www.saralinatacado.com.br\/loja\/wp-json\/wp\/v2\/product_cat?post=29435"},{"taxonomy":"product_tag","embeddable":true,"href":"https:\/\/www.saralinatacado.com.br\/loja\/wp-json\/wp\/v2\/product_tag?post=29435"}],"curies":[{"name":"wp","href":"https:\/\/api.w.org\/{rel}","templated":true}]}}