{"id":29427,"date":"2023-10-03T14:54:09","date_gmt":"2023-10-03T14:54:09","guid":{"rendered":"https:\/\/www.saralinatacado.com.br\/loja\/?post_type=product&#038;p=29427"},"modified":"2023-10-03T14:54:09","modified_gmt":"2023-10-03T14:54:09","slug":"kit-gatilho-analogico-suporte-gamepad-p-celular-freefire-pubg-fortnite","status":"publish","type":"product","link":"https:\/\/www.saralinatacado.com.br\/loja\/produto\/kit-gatilho-analogico-suporte-gamepad-p-celular-freefire-pubg-fortnite\/","title":{"rendered":"Kit Gatilho Analogico + Suporte Gamepad P\/Celular Freefire Pubg Fortnite"},"content":{"rendered":"<p>8 em 1 controlador joystick gamepad telefone m\u00f3vel l1 r1 l2 r2 fogo atirador bot\u00f5es gatilho identificador para pubg<br \/>\ncaracter\u00edstica:<br \/>\n1. o conceito de design de produtos \u00e9 definido de acordo com a maioria dos jogadores de hobby.<br \/>\n2. A divis\u00e3o do trabalho \u00e9 clara e f\u00e1cil de operar; enquanto os jogadores se concentram em jogar, tamb\u00e9m pode aliviar o cansa\u00e7o dos dedos causado por segurar telefones celulares por um longo tempo.<br \/>\n3. O design de abertura lateral n\u00e3o impede o carregamento e a inser\u00e7\u00e3o de fones de ouvido, proporcionando uma experi\u00eancia de jogo maravilhosa.<\/p>\n<p>Especifica\u00e7\u00e3o:<br \/>\nmaterial do produto: ABS<br \/>\nmodelo adequado: 4.5-6.5 polegadas<br \/>\npeso do produto: 59g<br \/>\ntamanho da embalagem: 170 mil\u00edmetros * 147 mil\u00edmetros * 50 mil\u00edmetros \/ 6,69 * 5,78 * 1,96 &#8221;<\/p>\n<p>Nota:<br \/>\nPor favor, permita 1-3mm difere devido a medi\u00e7\u00e3o manual.<br \/>\nDevido \u00e0 exibi\u00e7\u00e3o diferente e luz diferente, a imagem pode n\u00e3o mostrar a cor real do item. Obrigado pela sua compreens\u00e3o.<\/p>\n<p>1 x gamepad do telefone m\u00f3vel<br \/>\n4 x bot\u00f5es da caminhada do jogo<br \/>\n2 x chaves S4 para PUBG anal\u00f3gico<\/p>\n","protected":false},"excerpt":{"rendered":"<p>8 em 1 controlador joystick gamepad telefone m\u00f3vel l1 r1 l2 r2 fogo atirador bot\u00f5es gatilho identificador para pubg caracter\u00edstica: 1. o conceito de design de produtos \u00e9 definido de acordo com a maioria dos jogadores de hobby. 2. A divis\u00e3o do trabalho \u00e9 clara e f\u00e1cil de operar; enquanto os jogadores se concentram em [&hellip;]\n","protected":false},"featured_media":29429,"comment_status":"open","ping_status":"closed","template":"","meta":{"_bbp_topic_count":0,"_bbp_reply_count":0,"_bbp_total_topic_count":0,"_bbp_total_reply_count":0,"_bbp_voice_count":0,"_bbp_anonymous_reply_count":0,"_bbp_topic_count_hidden":0,"_bbp_reply_count_hidden":0,"_bbp_forum_subforum_count":0,"_joinchat":[]},"product_brand":[],"product_cat":[107],"product_tag":[],"class_list":{"0":"post-29427","1":"product","2":"type-product","3":"status-publish","4":"has-post-thumbnail","6":"product_cat-acessorios","8":"first","9":"instock","10":"taxable","11":"shipping-taxable","12":"purchasable","13":"product-type-simple"},"_links":{"self":[{"href":"https:\/\/www.saralinatacado.com.br\/loja\/wp-json\/wp\/v2\/product\/29427","targetHints":{"allow":["GET"]}}],"collection":[{"href":"https:\/\/www.saralinatacado.com.br\/loja\/wp-json\/wp\/v2\/product"}],"about":[{"href":"https:\/\/www.saralinatacado.com.br\/loja\/wp-json\/wp\/v2\/types\/product"}],"replies":[{"embeddable":true,"href":"https:\/\/www.saralinatacado.com.br\/loja\/wp-json\/wp\/v2\/comments?post=29427"}],"wp:featuredmedia":[{"embeddable":true,"href":"https:\/\/www.saralinatacado.com.br\/loja\/wp-json\/wp\/v2\/media\/29429"}],"wp:attachment":[{"href":"https:\/\/www.saralinatacado.com.br\/loja\/wp-json\/wp\/v2\/media?parent=29427"}],"wp:term":[{"taxonomy":"product_brand","embeddable":true,"href":"https:\/\/www.saralinatacado.com.br\/loja\/wp-json\/wp\/v2\/product_brand?post=29427"},{"taxonomy":"product_cat","embeddable":true,"href":"https:\/\/www.saralinatacado.com.br\/loja\/wp-json\/wp\/v2\/product_cat?post=29427"},{"taxonomy":"product_tag","embeddable":true,"href":"https:\/\/www.saralinatacado.com.br\/loja\/wp-json\/wp\/v2\/product_tag?post=29427"}],"curies":[{"name":"wp","href":"https:\/\/api.w.org\/{rel}","templated":true}]}}