{"id":29414,"date":"2023-09-30T15:00:36","date_gmt":"2023-09-30T15:00:36","guid":{"rendered":"https:\/\/www.saralinatacado.com.br\/loja\/?post_type=product&#038;p=29414"},"modified":"2023-09-30T15:05:13","modified_gmt":"2023-09-30T15:05:13","slug":"carregador-de-pilhas-maxday-bivolt","status":"publish","type":"product","link":"https:\/\/www.saralinatacado.com.br\/loja\/produto\/carregador-de-pilhas-maxday-bivolt\/","title":{"rendered":"Carregador de Pilhas MaxDay Bivolt"},"content":{"rendered":"<section class=\"page-product-box\">\n<div class=\"rte\">\n<p>carregaador MaxDay<br \/>\nPara 4 Pilhas &#8220;AA&#8221; &#8220;AAA&#8221; Bateria 9v 110\/220v<\/p>\n<p>&#8211; Carrega 2\/4 pilhas AA, AAA ou duas beterias 9V NI-CD\/Ni-MH<br \/>\n&#8211; Luz indicadora de fluxo de energia (A LUZ INDICADORA DE ENERGIA APENAS MOSTRA O FUNCIONAMENTO, N\u00c3O SE APAGA QUANDO A CARGA EST\u00c1 COMPLETA, DEVER\u00c1 RESPEITAR O TEMPO DESCRITO NA TABELA ABAIXO)<br \/>\n&#8211; Com chave seletora 110\/220V<br \/>\n&#8211; Voltagem de entrada: AC 110\/220V 60Hz\/50Hz<br \/>\n&#8211; Sa\u00edda (Output): AA (DC 2.4VX2 ~120mA) \u2013 AAA (DC 2.4VX2 \u2013 70mA) &#8211; 9V (DC 9VX2 ~ 15-18mA<br \/>\n&#8211; Tipo de baterias que carrega: 1.2V AA\/AAA\/NI-CD\/NI-MH\/9V recarreg\u00e1veis<\/p>\n<p>MODELOS CAPACIDADE<br \/>\nTempo de Carga com 04 PILHAS:<br \/>\nAA 4300 mAh 12 hs.<br \/>\nAA 3600 mAh 8 hs.<br \/>\nAAA 2100 mAh 6 hs.<br \/>\nAAA 1700 mAh 4 hs.<br \/>\nAAA 900 mAh 3 hs.<\/p>\n<p>&nbsp;<\/p>\n<\/div>\n<\/section>\n","protected":false},"excerpt":{"rendered":"<p>carregaador MaxDay Para 4 Pilhas &#8220;AA&#8221; &#8220;AAA&#8221; Bateria 9v 110\/220v &#8211; Carrega 2\/4 pilhas AA, AAA ou duas beterias 9V NI-CD\/Ni-MH &#8211; Luz indicadora de fluxo de energia (A LUZ INDICADORA DE ENERGIA APENAS MOSTRA O FUNCIONAMENTO, N\u00c3O SE APAGA QUANDO A CARGA EST\u00c1 COMPLETA, DEVER\u00c1 RESPEITAR O TEMPO DESCRITO NA TABELA ABAIXO) &#8211; Com [&hellip;]\n","protected":false},"featured_media":29418,"comment_status":"open","ping_status":"closed","template":"","meta":{"_bbp_topic_count":0,"_bbp_reply_count":0,"_bbp_total_topic_count":0,"_bbp_total_reply_count":0,"_bbp_voice_count":0,"_bbp_anonymous_reply_count":0,"_bbp_topic_count_hidden":0,"_bbp_reply_count_hidden":0,"_bbp_forum_subforum_count":0,"_joinchat":[]},"product_brand":[],"product_cat":[100,208],"product_tag":[],"class_list":{"0":"post-29414","1":"product","2":"type-product","3":"status-publish","4":"has-post-thumbnail","6":"product_cat-alimentacao","7":"product_cat-carregadores","9":"first","10":"instock","11":"taxable","12":"shipping-taxable","13":"purchasable","14":"product-type-simple"},"_links":{"self":[{"href":"https:\/\/www.saralinatacado.com.br\/loja\/wp-json\/wp\/v2\/product\/29414","targetHints":{"allow":["GET"]}}],"collection":[{"href":"https:\/\/www.saralinatacado.com.br\/loja\/wp-json\/wp\/v2\/product"}],"about":[{"href":"https:\/\/www.saralinatacado.com.br\/loja\/wp-json\/wp\/v2\/types\/product"}],"replies":[{"embeddable":true,"href":"https:\/\/www.saralinatacado.com.br\/loja\/wp-json\/wp\/v2\/comments?post=29414"}],"wp:featuredmedia":[{"embeddable":true,"href":"https:\/\/www.saralinatacado.com.br\/loja\/wp-json\/wp\/v2\/media\/29418"}],"wp:attachment":[{"href":"https:\/\/www.saralinatacado.com.br\/loja\/wp-json\/wp\/v2\/media?parent=29414"}],"wp:term":[{"taxonomy":"product_brand","embeddable":true,"href":"https:\/\/www.saralinatacado.com.br\/loja\/wp-json\/wp\/v2\/product_brand?post=29414"},{"taxonomy":"product_cat","embeddable":true,"href":"https:\/\/www.saralinatacado.com.br\/loja\/wp-json\/wp\/v2\/product_cat?post=29414"},{"taxonomy":"product_tag","embeddable":true,"href":"https:\/\/www.saralinatacado.com.br\/loja\/wp-json\/wp\/v2\/product_tag?post=29414"}],"curies":[{"name":"wp","href":"https:\/\/api.w.org\/{rel}","templated":true}]}}