{"id":29409,"date":"2023-09-30T14:49:28","date_gmt":"2023-09-30T14:49:28","guid":{"rendered":"https:\/\/www.saralinatacado.com.br\/loja\/?post_type=product&#038;p=29409"},"modified":"2023-09-30T14:49:28","modified_gmt":"2023-09-30T14:49:28","slug":"canhao-laser-projetor-raios-holografico-jogo-de-luz-led-efeitos-sn-4n","status":"publish","type":"product","link":"https:\/\/www.saralinatacado.com.br\/loja\/produto\/canhao-laser-projetor-raios-holografico-jogo-de-luz-led-efeitos-sn-4n\/","title":{"rendered":"Canh\u00e3o Laser Projetor Raios Hologr\u00e1fico Jogo de Luz LED Efeitos SN-4N"},"content":{"rendered":"<div id=\"product-wrapper\" class=\"product-wrapper\">\n<div class=\"product-tabs\">\n<div class=\"tabs-content\">\n<div id=\"descricao\" class=\"tab rte description-ab active\">\n<p><strong>Mini Canh\u00e3o Projetor Laser Ilumina\u00e7\u00e3o SN-4N<\/strong><\/p>\n<p>Com este mini canh\u00e3o laser, voc\u00ea pode iluminar e decorar diversos ambientes para festas e eventos. Acompanha trip\u00e9 para melhor posicionamento, e al\u00e7a caso prefira prender ao forro do local.<\/p>\n<p><strong>Caracter\u00edsticas:<\/strong><br \/>\n&#8211; Com efeitos hologr\u00e1ficos que imitam o fen\u00f4meno \u00f3ptico de um cristal em diversas op\u00e7\u00f5es.<br \/>\n&#8211; Com trip\u00e9 ajust\u00e1vel para melhor posicionar.<br \/>\n&#8211; F\u00e1cil instala\u00e7\u00e3o e manuseio.<\/p>\n<p><strong>Itens inclusos:<\/strong><br \/>\n1 Mini Canh\u00e3o Projetor Laser Ilumina\u00e7\u00e3o<br \/>\n1 Trip\u00e9 de apoio ajust\u00e1vel<br \/>\n1 Fonte de alimenta\u00e7\u00e3o bivolt<br \/>\n1 Manual de instru\u00e7\u00f5es<\/p>\n<p><strong>Informa\u00e7\u00f5es t\u00e9cnicas:<\/strong><br \/>\nMarca: PSM<br \/>\nModelo: SN-4N<br \/>\nCor: Azul<\/p>\n<\/div>\n<\/div>\n<\/div>\n<\/div>\n<div class=\"section-product-related\">\n<div class=\"container\">\n<div class=\"section-header\">\n<h2 class=\"title-section\">Pro<\/h2>\n<\/div>\n<\/div>\n<\/div>\n","protected":false},"excerpt":{"rendered":"<p>Mini Canh\u00e3o Projetor Laser Ilumina\u00e7\u00e3o SN-4N Com este mini canh\u00e3o laser, voc\u00ea pode iluminar e decorar diversos ambientes para festas e eventos. Acompanha trip\u00e9 para melhor posicionamento, e al\u00e7a caso prefira prender ao forro do local. Caracter\u00edsticas: &#8211; Com efeitos hologr\u00e1ficos que imitam o fen\u00f4meno \u00f3ptico de um cristal em diversas op\u00e7\u00f5es. &#8211; Com trip\u00e9 [&hellip;]\n","protected":false},"featured_media":29411,"comment_status":"open","ping_status":"closed","template":"","meta":{"_bbp_topic_count":0,"_bbp_reply_count":0,"_bbp_total_topic_count":0,"_bbp_total_reply_count":0,"_bbp_voice_count":0,"_bbp_anonymous_reply_count":0,"_bbp_topic_count_hidden":0,"_bbp_reply_count_hidden":0,"_bbp_forum_subforum_count":0,"_joinchat":[]},"product_brand":[],"product_cat":[164,178],"product_tag":[],"class_list":{"0":"post-29409","1":"product","2":"type-product","3":"status-publish","4":"has-post-thumbnail","6":"product_cat-led","7":"product_cat-luminaria","9":"first","10":"instock","11":"taxable","12":"shipping-taxable","13":"purchasable","14":"product-type-simple"},"_links":{"self":[{"href":"https:\/\/www.saralinatacado.com.br\/loja\/wp-json\/wp\/v2\/product\/29409","targetHints":{"allow":["GET"]}}],"collection":[{"href":"https:\/\/www.saralinatacado.com.br\/loja\/wp-json\/wp\/v2\/product"}],"about":[{"href":"https:\/\/www.saralinatacado.com.br\/loja\/wp-json\/wp\/v2\/types\/product"}],"replies":[{"embeddable":true,"href":"https:\/\/www.saralinatacado.com.br\/loja\/wp-json\/wp\/v2\/comments?post=29409"}],"wp:featuredmedia":[{"embeddable":true,"href":"https:\/\/www.saralinatacado.com.br\/loja\/wp-json\/wp\/v2\/media\/29411"}],"wp:attachment":[{"href":"https:\/\/www.saralinatacado.com.br\/loja\/wp-json\/wp\/v2\/media?parent=29409"}],"wp:term":[{"taxonomy":"product_brand","embeddable":true,"href":"https:\/\/www.saralinatacado.com.br\/loja\/wp-json\/wp\/v2\/product_brand?post=29409"},{"taxonomy":"product_cat","embeddable":true,"href":"https:\/\/www.saralinatacado.com.br\/loja\/wp-json\/wp\/v2\/product_cat?post=29409"},{"taxonomy":"product_tag","embeddable":true,"href":"https:\/\/www.saralinatacado.com.br\/loja\/wp-json\/wp\/v2\/product_tag?post=29409"}],"curies":[{"name":"wp","href":"https:\/\/api.w.org\/{rel}","templated":true}]}}