{"id":29406,"date":"2023-09-30T14:38:05","date_gmt":"2023-09-30T14:38:05","guid":{"rendered":"https:\/\/www.saralinatacado.com.br\/loja\/?post_type=product&#038;p=29406"},"modified":"2023-09-30T14:38:05","modified_gmt":"2023-09-30T14:38:05","slug":"iluminador-ring-light-10-polegadas-25w-26cm-com-tripe-120-leds","status":"publish","type":"product","link":"https:\/\/www.saralinatacado.com.br\/loja\/produto\/iluminador-ring-light-10-polegadas-25w-26cm-com-tripe-120-leds\/","title":{"rendered":"Iluminador Ring Light 10 Polegadas 25W 26cm com Trip\u00e9 120 Leds"},"content":{"rendered":"<p>Iluminador Ring Light 10 Polegadas 25W 26cm com Trip\u00e9 120 Leds<\/p>\n<p>Itens do produto:<\/p>\n<p>01 Tripe de 1,80 metros<\/p>\n<p>01 Iluminador Led Ring Light<\/p>\n<p>01 Mini cabe\u00e7a de bola<\/p>\n<p>01 Suporte para smartphone &#8211; para celulares com largura de 5cm a 7,5cm<\/p>\n<p>01 Pino adaptador rosca 1\/4&#8243;<\/p>\n<p>Iluminador de Est\u00fadio Fotogr\u00e1fico Ring Light Led &#8211; 26cm<\/p>\n<p>Um iluminador completo, com bot\u00e3o para controle de intensidade e cor, chega de ficar tirando e colocando aquele filtro \u00e2mbar para alterar a temperatura de cor.<\/p>\n<p>Ideal para ilumina\u00e7\u00e3o de rosto para retratos, maquiagem, videos youtube. Um iluminador de montagem simples e de f\u00e1cil uso.<\/p>\n<p>Permite o uso com c\u00e2meras fotogr\u00e1ficas de qualquer tipo e com smartphones. Acompanha o produto uma pino adaptador com rosca de 1\/4&#8243;, uma mini cabe\u00e7a de bola, adaptador para smartphone.<\/p>\n<p>Possui base articulada permitindo inclinar o iluminador em v\u00e1rio \u00e2ngulos e ser montado em trip\u00e9s de ilumina\u00e7\u00e3o que possuem bucha 5\/8&#8243; &#8211;<\/p>\n<p>Caracter\u00edsticas:<\/p>\n<p>Iluminador Ring Light Led<\/p>\n<p>N\u00famero de leds: 120 leds brancos e amarelos<\/p>\n<p>Temperatura de cor: ajust\u00e1vel por controle no fio 2700k a 5500k<\/p>\n<p>Luminosidade: 1200 lumens &#8211; 25W)<\/p>\n<p>Intensidade: dimeriz\u00e1vel por controle no fio<\/p>\n<p>Dimens\u00f5es aproximadamente: 26cm diametro<\/p>\n<p>Peso aproximadamente: 950g<\/p>\n<p>Fonte de alimenta\u00e7\u00e3o: USB &#8211; bivolt 110V a 220V<\/p>\n<p>Origem\/Importador: China<\/p>\n<p>Imagens meramente ilustrativas &#8211; demais itens na foto n\u00e3o acompanham o produto<\/p>\n","protected":false},"excerpt":{"rendered":"<p>Iluminador Ring Light 10 Polegadas 25W 26cm com Trip\u00e9 120 Leds Itens do produto: 01 Tripe de 1,80 metros 01 Iluminador Led Ring Light 01 Mini cabe\u00e7a de bola 01 Suporte para smartphone &#8211; para celulares com largura de 5cm a 7,5cm 01 Pino adaptador rosca 1\/4&#8243; Iluminador de Est\u00fadio Fotogr\u00e1fico Ring Light Led &#8211; [&hellip;]\n","protected":false},"featured_media":29408,"comment_status":"open","ping_status":"closed","template":"","meta":{"_bbp_topic_count":0,"_bbp_reply_count":0,"_bbp_total_topic_count":0,"_bbp_total_reply_count":0,"_bbp_voice_count":0,"_bbp_anonymous_reply_count":0,"_bbp_topic_count_hidden":0,"_bbp_reply_count_hidden":0,"_bbp_forum_subforum_count":0,"_joinchat":[]},"product_brand":[],"product_cat":[164],"product_tag":[],"class_list":{"0":"post-29406","1":"product","2":"type-product","3":"status-publish","4":"has-post-thumbnail","6":"product_cat-led","8":"first","9":"instock","10":"taxable","11":"shipping-taxable","12":"purchasable","13":"product-type-simple"},"_links":{"self":[{"href":"https:\/\/www.saralinatacado.com.br\/loja\/wp-json\/wp\/v2\/product\/29406","targetHints":{"allow":["GET"]}}],"collection":[{"href":"https:\/\/www.saralinatacado.com.br\/loja\/wp-json\/wp\/v2\/product"}],"about":[{"href":"https:\/\/www.saralinatacado.com.br\/loja\/wp-json\/wp\/v2\/types\/product"}],"replies":[{"embeddable":true,"href":"https:\/\/www.saralinatacado.com.br\/loja\/wp-json\/wp\/v2\/comments?post=29406"}],"wp:featuredmedia":[{"embeddable":true,"href":"https:\/\/www.saralinatacado.com.br\/loja\/wp-json\/wp\/v2\/media\/29408"}],"wp:attachment":[{"href":"https:\/\/www.saralinatacado.com.br\/loja\/wp-json\/wp\/v2\/media?parent=29406"}],"wp:term":[{"taxonomy":"product_brand","embeddable":true,"href":"https:\/\/www.saralinatacado.com.br\/loja\/wp-json\/wp\/v2\/product_brand?post=29406"},{"taxonomy":"product_cat","embeddable":true,"href":"https:\/\/www.saralinatacado.com.br\/loja\/wp-json\/wp\/v2\/product_cat?post=29406"},{"taxonomy":"product_tag","embeddable":true,"href":"https:\/\/www.saralinatacado.com.br\/loja\/wp-json\/wp\/v2\/product_tag?post=29406"}],"curies":[{"name":"wp","href":"https:\/\/api.w.org\/{rel}","templated":true}]}}