{"id":29401,"date":"2023-09-30T14:33:23","date_gmt":"2023-09-30T14:33:23","guid":{"rendered":"https:\/\/www.saralinatacado.com.br\/loja\/?post_type=product&#038;p=29401"},"modified":"2023-09-30T14:33:24","modified_gmt":"2023-09-30T14:33:24","slug":"kit-fita-led-rgb-5050-colorida-sem-silicone-ip20-rolo-5-metros-12v-fonte-2-5a","status":"publish","type":"product","link":"https:\/\/www.saralinatacado.com.br\/loja\/produto\/kit-fita-led-rgb-5050-colorida-sem-silicone-ip20-rolo-5-metros-12v-fonte-2-5a\/","title":{"rendered":"KIT FITA LED RGB 5050 COLORIDA SEM SILICONE IP20 ROLO 5 METROS 12V + FONTE 2.5A"},"content":{"rendered":"<p>A Fita LED 5050, \u00e9 uma \u00f3tima escolha para quem deseja criar efeitos luminosos em sanca, cortineiro, rasgos de luz, vitrine, estante, janela, m\u00f3vel, espelho, nicho, balc\u00f5es etc. Auto-adesiva 3M, dupla face.<\/p>\n<p>&nbsp;<\/p>\n<p>&#8211; Consome (pot\u00eancia): 12 Watts \/ mt (60 Watts Total)<br \/>\n&#8211; Voltagem: 12V<br \/>\n&#8211; Fluxo Luminoso: 900 Lumens &#8211; 1.100 Lumens \/ mt<br \/>\n&#8211; LED&#8217;s: 60 LED \/ mt &#8211; (300 LED)<\/p>\n<p>&#8211; Tamanho: Rolo com 5 metros<\/p>\n<p>&#8211; Angulo de Abertura: 120\u00ba<\/p>\n<p>&#8211; Modelo: IP20<br \/>\n&#8211; Material: Sem Silicone<\/p>\n<p>&#8211; Acabamento: Incolor<\/p>\n<p>&#8211; Fonte 2.5A<\/p>\n<p>&#8211; Vida util mediana: 25.000 horas<\/p>\n","protected":false},"excerpt":{"rendered":"<p>A Fita LED 5050, \u00e9 uma \u00f3tima escolha para quem deseja criar efeitos luminosos em sanca, cortineiro, rasgos de luz, vitrine, estante, janela, m\u00f3vel, espelho, nicho, balc\u00f5es etc. Auto-adesiva 3M, dupla face. &nbsp; &#8211; Consome (pot\u00eancia): 12 Watts \/ mt (60 Watts Total) &#8211; Voltagem: 12V &#8211; Fluxo Luminoso: 900 Lumens &#8211; 1.100 Lumens \/ [&hellip;]\n","protected":false},"featured_media":29404,"comment_status":"open","ping_status":"closed","template":"","meta":{"_bbp_topic_count":0,"_bbp_reply_count":0,"_bbp_total_topic_count":0,"_bbp_total_reply_count":0,"_bbp_voice_count":0,"_bbp_anonymous_reply_count":0,"_bbp_topic_count_hidden":0,"_bbp_reply_count_hidden":0,"_bbp_forum_subforum_count":0,"_joinchat":[]},"product_brand":[],"product_cat":[164],"product_tag":[],"class_list":{"0":"post-29401","1":"product","2":"type-product","3":"status-publish","4":"has-post-thumbnail","6":"product_cat-led","8":"first","9":"instock","10":"taxable","11":"shipping-taxable","12":"purchasable","13":"product-type-simple"},"_links":{"self":[{"href":"https:\/\/www.saralinatacado.com.br\/loja\/wp-json\/wp\/v2\/product\/29401","targetHints":{"allow":["GET"]}}],"collection":[{"href":"https:\/\/www.saralinatacado.com.br\/loja\/wp-json\/wp\/v2\/product"}],"about":[{"href":"https:\/\/www.saralinatacado.com.br\/loja\/wp-json\/wp\/v2\/types\/product"}],"replies":[{"embeddable":true,"href":"https:\/\/www.saralinatacado.com.br\/loja\/wp-json\/wp\/v2\/comments?post=29401"}],"wp:featuredmedia":[{"embeddable":true,"href":"https:\/\/www.saralinatacado.com.br\/loja\/wp-json\/wp\/v2\/media\/29404"}],"wp:attachment":[{"href":"https:\/\/www.saralinatacado.com.br\/loja\/wp-json\/wp\/v2\/media?parent=29401"}],"wp:term":[{"taxonomy":"product_brand","embeddable":true,"href":"https:\/\/www.saralinatacado.com.br\/loja\/wp-json\/wp\/v2\/product_brand?post=29401"},{"taxonomy":"product_cat","embeddable":true,"href":"https:\/\/www.saralinatacado.com.br\/loja\/wp-json\/wp\/v2\/product_cat?post=29401"},{"taxonomy":"product_tag","embeddable":true,"href":"https:\/\/www.saralinatacado.com.br\/loja\/wp-json\/wp\/v2\/product_tag?post=29401"}],"curies":[{"name":"wp","href":"https:\/\/api.w.org\/{rel}","templated":true}]}}