{"id":29389,"date":"2023-09-30T14:22:52","date_gmt":"2023-09-30T14:22:52","guid":{"rendered":"https:\/\/www.saralinatacado.com.br\/loja\/?post_type=product&#038;p=29389"},"modified":"2023-09-30T14:22:52","modified_gmt":"2023-09-30T14:22:52","slug":"lampada-festa-led-giratoria-colorida-projetor-estrelas-rgb","status":"publish","type":"product","link":"https:\/\/www.saralinatacado.com.br\/loja\/produto\/lampada-festa-led-giratoria-colorida-projetor-estrelas-rgb\/","title":{"rendered":"L\u00e2mpada Festa Led Girat\u00f3ria Colorida Projetor Estrelas Rgb"},"content":{"rendered":"<h2 class=\"ui-pdp-description__title\">Descri\u00e7\u00e3o<\/h2>\n<p class=\"ui-pdp-description__content\">Prepare a festa e a divers\u00e3o.<\/p>\n<p>L\u00e2mpada para ilumina\u00e7\u00e3o em quartos de crian\u00e7as, em qualquer outro ambiente noturno ou festa.<\/p>\n<p>A Lampada \u00e9 girat\u00f3ria, tornando o efeito lindo e divertido. As crian\u00e7as e adoram e os adultos tambem.<\/p>\n<p>Perfeito para enfeitar um c\u00f4modo durante a noite.<\/p>\n<p>Pode ser utilizado em lumin\u00e1ria, abajur, ou mesmo na tomada pois acompanha soquete adaptador.<br \/>\nA tomada, pode se transformar num abajur Projetor, com cores Azul, verde e vermelho deixando o ambiente mais aconchegante.<\/p>\n<p>Esta vers\u00e3o mostra o efeito c\u00e9u iluminado com estrelas e lua.<\/p>\n<p>Tecnologia<br \/>\nLED<br \/>\nEsta vers\u00e3o de l\u00e2mpada possui maior potencial luminoso, oferecendo cores mais vivas e longa dura\u00e7\u00e3o, com vida \u00fatil de at\u00e9 20.000 horas para os LEDs, garantindo uma economia de energia de at\u00e9 80%.<br \/>\nSua utiliza\u00e7\u00e3o \u00e9 muito f\u00e1cil, pois possui um soquete padr\u00e3o (E27), que \u00e9 o padr\u00e3o de l\u00e2mpadas comuns, sendo assim, pode ser usada em qualquer ambiente, como: salas, garagens, quartos, festas, entre outros.<br \/>\nEspecifica\u00e7\u00f5es:<br \/>\nBivolt<br \/>\nLEDs de alta luminosidade<br \/>\nLente Acr\u00edlica<br \/>\nSoquete E27 (Soquete de L\u00e2mpada Comum)<br \/>\nLampada Bivolt (110v\/220v)<\/p>\n<p>Itens Inclusos:<br \/>\n01 L\u00e2mpada Globo de Luz LED RGB Girat\u00f3ria E 1 Soquete de Brinde.<\/p>\n","protected":false},"excerpt":{"rendered":"<p>Descri\u00e7\u00e3o Prepare a festa e a divers\u00e3o. L\u00e2mpada para ilumina\u00e7\u00e3o em quartos de crian\u00e7as, em qualquer outro ambiente noturno ou festa. A Lampada \u00e9 girat\u00f3ria, tornando o efeito lindo e divertido. As crian\u00e7as e adoram e os adultos tambem. Perfeito para enfeitar um c\u00f4modo durante a noite. Pode ser utilizado em lumin\u00e1ria, abajur, ou mesmo [&hellip;]\n","protected":false},"featured_media":29391,"comment_status":"open","ping_status":"closed","template":"","meta":{"_bbp_topic_count":0,"_bbp_reply_count":0,"_bbp_total_topic_count":0,"_bbp_total_reply_count":0,"_bbp_voice_count":0,"_bbp_anonymous_reply_count":0,"_bbp_topic_count_hidden":0,"_bbp_reply_count_hidden":0,"_bbp_forum_subforum_count":0,"_joinchat":[]},"product_brand":[],"product_cat":[164,178],"product_tag":[],"class_list":{"0":"post-29389","1":"product","2":"type-product","3":"status-publish","4":"has-post-thumbnail","6":"product_cat-led","7":"product_cat-luminaria","9":"first","10":"instock","11":"taxable","12":"shipping-taxable","13":"purchasable","14":"product-type-simple"},"_links":{"self":[{"href":"https:\/\/www.saralinatacado.com.br\/loja\/wp-json\/wp\/v2\/product\/29389","targetHints":{"allow":["GET"]}}],"collection":[{"href":"https:\/\/www.saralinatacado.com.br\/loja\/wp-json\/wp\/v2\/product"}],"about":[{"href":"https:\/\/www.saralinatacado.com.br\/loja\/wp-json\/wp\/v2\/types\/product"}],"replies":[{"embeddable":true,"href":"https:\/\/www.saralinatacado.com.br\/loja\/wp-json\/wp\/v2\/comments?post=29389"}],"wp:featuredmedia":[{"embeddable":true,"href":"https:\/\/www.saralinatacado.com.br\/loja\/wp-json\/wp\/v2\/media\/29391"}],"wp:attachment":[{"href":"https:\/\/www.saralinatacado.com.br\/loja\/wp-json\/wp\/v2\/media?parent=29389"}],"wp:term":[{"taxonomy":"product_brand","embeddable":true,"href":"https:\/\/www.saralinatacado.com.br\/loja\/wp-json\/wp\/v2\/product_brand?post=29389"},{"taxonomy":"product_cat","embeddable":true,"href":"https:\/\/www.saralinatacado.com.br\/loja\/wp-json\/wp\/v2\/product_cat?post=29389"},{"taxonomy":"product_tag","embeddable":true,"href":"https:\/\/www.saralinatacado.com.br\/loja\/wp-json\/wp\/v2\/product_tag?post=29389"}],"curies":[{"name":"wp","href":"https:\/\/api.w.org\/{rel}","templated":true}]}}