{"id":29380,"date":"2023-09-30T14:13:59","date_gmt":"2023-09-30T14:13:59","guid":{"rendered":"https:\/\/www.saralinatacado.com.br\/loja\/?post_type=product&#038;p=29380"},"modified":"2023-09-30T14:13:59","modified_gmt":"2023-09-30T14:13:59","slug":"globo-magico-led-de-cristal-bluetooth-usb-bivolt-controle","status":"publish","type":"product","link":"https:\/\/www.saralinatacado.com.br\/loja\/produto\/globo-magico-led-de-cristal-bluetooth-usb-bivolt-controle\/","title":{"rendered":"Globo M\u00e1gico Led de Cristal Bluetooth USB Bivolt Controle"},"content":{"rendered":"<p>Globo Bola LED Baladas Festas<br \/>\n&#8211; Anime ainda mais sua festa com incr\u00edveis efeitos de luzes.<br \/>\n&#8211; Possui 800 feixes de luz potentes e brilhantes.<br \/>\n&#8211; Modo de reprodu\u00e7\u00e3o: Auto, Som-Ativado, Mestre\/Escravo<br \/>\n&#8211; Efeitos: Estrobosc\u00f3pico, velocidade e brilho ajust\u00e1veis com cores selecion\u00e1veis (RGB).<br \/>\n-6 Cores<br \/>\n&#8211; As luzes acendem ao ligar e piscam conforme a m\u00fasica.<br \/>\n&#8211; Possui baixo consumo de energia, alto falante e entrada para cart\u00e3o SD e USB.<br \/>\n&#8211; Pode ser pendurado no teto, atrav\u00e9s de parafusos (N\u00c3O INCLUSO).<br \/>\n&#8211; Pot\u00eancia: 30W.<br \/>\n&#8211; Voltagem: 110-220V (Bivolt).<br \/>\n&#8211; Acompanha controle remoto e pendrive brinde para teste.<br \/>\n&#8211; Material: Pl\u00e1stico.<br \/>\nModelo:\u00a0LK-306<\/p>\n","protected":false},"excerpt":{"rendered":"<p>Globo Bola LED Baladas Festas &#8211; Anime ainda mais sua festa com incr\u00edveis efeitos de luzes. &#8211; Possui 800 feixes de luz potentes e brilhantes. &#8211; Modo de reprodu\u00e7\u00e3o: Auto, Som-Ativado, Mestre\/Escravo &#8211; Efeitos: Estrobosc\u00f3pico, velocidade e brilho ajust\u00e1veis com cores selecion\u00e1veis (RGB). -6 Cores &#8211; As luzes acendem ao ligar e piscam conforme a [&hellip;]\n","protected":false},"featured_media":29381,"comment_status":"open","ping_status":"closed","template":"","meta":{"_bbp_topic_count":0,"_bbp_reply_count":0,"_bbp_total_topic_count":0,"_bbp_total_reply_count":0,"_bbp_voice_count":0,"_bbp_anonymous_reply_count":0,"_bbp_topic_count_hidden":0,"_bbp_reply_count_hidden":0,"_bbp_forum_subforum_count":0,"_joinchat":[]},"product_brand":[],"product_cat":[102,164],"product_tag":[],"class_list":{"0":"post-29380","1":"product","2":"type-product","3":"status-publish","4":"has-post-thumbnail","6":"product_cat-caixa-de-som","7":"product_cat-led","9":"first","10":"instock","11":"taxable","12":"shipping-taxable","13":"purchasable","14":"product-type-simple"},"_links":{"self":[{"href":"https:\/\/www.saralinatacado.com.br\/loja\/wp-json\/wp\/v2\/product\/29380","targetHints":{"allow":["GET"]}}],"collection":[{"href":"https:\/\/www.saralinatacado.com.br\/loja\/wp-json\/wp\/v2\/product"}],"about":[{"href":"https:\/\/www.saralinatacado.com.br\/loja\/wp-json\/wp\/v2\/types\/product"}],"replies":[{"embeddable":true,"href":"https:\/\/www.saralinatacado.com.br\/loja\/wp-json\/wp\/v2\/comments?post=29380"}],"wp:featuredmedia":[{"embeddable":true,"href":"https:\/\/www.saralinatacado.com.br\/loja\/wp-json\/wp\/v2\/media\/29381"}],"wp:attachment":[{"href":"https:\/\/www.saralinatacado.com.br\/loja\/wp-json\/wp\/v2\/media?parent=29380"}],"wp:term":[{"taxonomy":"product_brand","embeddable":true,"href":"https:\/\/www.saralinatacado.com.br\/loja\/wp-json\/wp\/v2\/product_brand?post=29380"},{"taxonomy":"product_cat","embeddable":true,"href":"https:\/\/www.saralinatacado.com.br\/loja\/wp-json\/wp\/v2\/product_cat?post=29380"},{"taxonomy":"product_tag","embeddable":true,"href":"https:\/\/www.saralinatacado.com.br\/loja\/wp-json\/wp\/v2\/product_tag?post=29380"}],"curies":[{"name":"wp","href":"https:\/\/api.w.org\/{rel}","templated":true}]}}