{"id":29376,"date":"2023-09-30T14:11:10","date_gmt":"2023-09-30T14:11:10","guid":{"rendered":"https:\/\/www.saralinatacado.com.br\/loja\/?post_type=product&#038;p=29376"},"modified":"2023-09-30T14:11:10","modified_gmt":"2023-09-30T14:11:10","slug":"fone-de-ouvido-bluetooth-i12-tws-sem-fio-touch-recarregavel","status":"publish","type":"product","link":"https:\/\/www.saralinatacado.com.br\/loja\/produto\/fone-de-ouvido-bluetooth-i12-tws-sem-fio-touch-recarregavel\/","title":{"rendered":"Fone De Ouvido Bluetooth I12 Tws Sem Fio Touch Recarreg\u00e1vel"},"content":{"rendered":"<p>i12 &#8211; Bluetooth V5.0 conjunto de fone de ouvido.<br \/>\nPrincipais caracter\u00edsticas:<\/p>\n<p>&#8211; Bluetooth V5.0, alcance de transmiss\u00e3o de 5m*<br \/>\n&#8211; Som est\u00e9reo<br \/>\n&#8211; Carregamento de contato magn\u00e9tico<br \/>\n&#8211; Pequeno e conveniente<\/p>\n<p>Especifica\u00e7\u00e3o<br \/>\n&#8211; Frequ\u00eancia de resposta: 20 &#8211; 20000Hz<br \/>\n&#8211; Imped\u00e2ncia: 32ohm<br \/>\n&#8211; Hora da chamada: 1h &#8211; 2h<br \/>\n&#8211; Tempo de m\u00fasica: 1h &#8211; 2h<br \/>\n&#8211; Tempo de espera: 60h<br \/>\n&#8211; Tempo de carregamento: 40 min<br \/>\n&#8211; Capacidade da bateria: l\u00edtio-ion 300mAh<\/p>\n<p>Vers\u00e3o Bluetooth: 5.0<\/p>\n<p>Faixa de transmiss\u00e3o: +\/- 5 metros<\/p>\n<p>Fun\u00e7\u00e3o: Bluetooth, Port\u00e1til, Microfone, Suporte a m\u00fasica, Cancelamento de Ru\u00eddo<\/p>\n<p>Itens inclusos:<\/p>\n<p>1 &#8211; par de fones de ouvido<br \/>\n1 &#8211; compartimento de carga<br \/>\n1 &#8211; cabo de dados<br \/>\n1 &#8211; manual<\/p>\n","protected":false},"excerpt":{"rendered":"<p>i12 &#8211; Bluetooth V5.0 conjunto de fone de ouvido. Principais caracter\u00edsticas: &#8211; Bluetooth V5.0, alcance de transmiss\u00e3o de 5m* &#8211; Som est\u00e9reo &#8211; Carregamento de contato magn\u00e9tico &#8211; Pequeno e conveniente Especifica\u00e7\u00e3o &#8211; Frequ\u00eancia de resposta: 20 &#8211; 20000Hz &#8211; Imped\u00e2ncia: 32ohm &#8211; Hora da chamada: 1h &#8211; 2h &#8211; Tempo de m\u00fasica: 1h &#8211; [&hellip;]\n","protected":false},"featured_media":29377,"comment_status":"open","ping_status":"closed","template":"","meta":{"_bbp_topic_count":0,"_bbp_reply_count":0,"_bbp_total_topic_count":0,"_bbp_total_reply_count":0,"_bbp_voice_count":0,"_bbp_anonymous_reply_count":0,"_bbp_topic_count_hidden":0,"_bbp_reply_count_hidden":0,"_bbp_forum_subforum_count":0,"_joinchat":[]},"product_brand":[],"product_cat":[210],"product_tag":[],"class_list":{"0":"post-29376","1":"product","2":"type-product","3":"status-publish","4":"has-post-thumbnail","6":"product_cat-fones","8":"first","9":"instock","10":"taxable","11":"shipping-taxable","12":"purchasable","13":"product-type-simple"},"_links":{"self":[{"href":"https:\/\/www.saralinatacado.com.br\/loja\/wp-json\/wp\/v2\/product\/29376","targetHints":{"allow":["GET"]}}],"collection":[{"href":"https:\/\/www.saralinatacado.com.br\/loja\/wp-json\/wp\/v2\/product"}],"about":[{"href":"https:\/\/www.saralinatacado.com.br\/loja\/wp-json\/wp\/v2\/types\/product"}],"replies":[{"embeddable":true,"href":"https:\/\/www.saralinatacado.com.br\/loja\/wp-json\/wp\/v2\/comments?post=29376"}],"wp:featuredmedia":[{"embeddable":true,"href":"https:\/\/www.saralinatacado.com.br\/loja\/wp-json\/wp\/v2\/media\/29377"}],"wp:attachment":[{"href":"https:\/\/www.saralinatacado.com.br\/loja\/wp-json\/wp\/v2\/media?parent=29376"}],"wp:term":[{"taxonomy":"product_brand","embeddable":true,"href":"https:\/\/www.saralinatacado.com.br\/loja\/wp-json\/wp\/v2\/product_brand?post=29376"},{"taxonomy":"product_cat","embeddable":true,"href":"https:\/\/www.saralinatacado.com.br\/loja\/wp-json\/wp\/v2\/product_cat?post=29376"},{"taxonomy":"product_tag","embeddable":true,"href":"https:\/\/www.saralinatacado.com.br\/loja\/wp-json\/wp\/v2\/product_tag?post=29376"}],"curies":[{"name":"wp","href":"https:\/\/api.w.org\/{rel}","templated":true}]}}