{"id":29371,"date":"2023-09-30T14:05:34","date_gmt":"2023-09-30T14:05:34","guid":{"rendered":"https:\/\/www.saralinatacado.com.br\/loja\/?post_type=product&#038;p=29371"},"modified":"2023-09-30T14:05:34","modified_gmt":"2023-09-30T14:05:34","slug":"microfone-com-fio-dinamico-profissional-metal-com-cabo-3-metros-para-igreja-wvngr","status":"publish","type":"product","link":"https:\/\/www.saralinatacado.com.br\/loja\/produto\/microfone-com-fio-dinamico-profissional-metal-com-cabo-3-metros-para-igreja-wvngr\/","title":{"rendered":"Microfone Com Fio Din\u00e2mico Profissional Metal com Cabo 3 metros para Igreja WVNGR &#8211;"},"content":{"rendered":"<div id=\"info-section\" class=\"src__WrapperProductInfo-sc-1c7a3hi-0 iTtoyk\">\n<div class=\"src__Container-sc-1c7a3hi-3 kdfdUW\">\n<div class=\"src__Description-sc-1c7a3hi-2 dChPoq\">Microfone Wvngr M-58 Com Fio Profissional Igreja Palestras<\/p>\n<p>Com o microfone da wvngr voc\u00ea vai descobrir uma nova maneira de capturar e transmitir \u00e1udios.<\/p>\n<p>Reflex\u00e3o fiel da realidade<br \/>\nProjetado para amortecer os choques e ru\u00eddos de manipula\u00e7\u00e3o. Totalmente din\u00e2mico, basta conect\u00e1-lo e come\u00e7ar a gravar.<\/p>\n<p>Um formato que combina com voc\u00ea<br \/>\nSeu dinamismo o torna ideal para vocalistas e instrumentos. \u00e9 leve e se encaixa em todos os tipos de p\u00e9s ou suportes. Sem necessidade de fonte de alimenta\u00e7\u00e3o, ele lhe oferecer\u00e1 um alto grau de autonomia para usos externos e tamb\u00e9m internos.<\/p>\n<p>Design eficaz<br \/>\nSeu padr\u00e3o polar cardi\u00f3ide oferece uma maior sensibilidade aos sons frontais, o que evita o ru\u00eddo proveniente da parte posterior.\n<\/div>\n<\/div>\n<\/div>\n<h2 class=\"src__Title-sc-1m6tc2l-1 cuRtbe\">Ficha t\u00e9cnica<\/h2>\n<div class=\"src__DeskWrapper-sc-1m6tc2l-0 iqTsol\">\n<table class=\"src__SpecsCell-sc-1m6tc2l-2 byvoul\">\n<tbody>\n<tr class=\"src__View-sc-1m6tc2l-3 cblkwV\">\n<td class=\"src__Text-sc-1m6tc2l-4 kBDbsy\">C\u00f3digo<\/td>\n<td class=\"src__Text-sc-1m6tc2l-4 kBDbsy\">5083713793<\/td>\n<\/tr>\n<tr class=\"src__View-sc-1m6tc2l-3 cblkwV\">\n<td class=\"src__Text-sc-1m6tc2l-4 kBDbsy\">C\u00f3digo de barras<\/td>\n<td class=\"src__Text-sc-1m6tc2l-4 kBDbsy\">4325928537268<\/td>\n<\/tr>\n<tr class=\"src__View-sc-1m6tc2l-3 cblkwV\">\n<td class=\"src__Text-sc-1m6tc2l-4 kBDbsy\">58sw<\/td>\n<td class=\"src__Text-sc-1m6tc2l-4 kBDbsy\">Com fio<\/td>\n<\/tr>\n<tr class=\"src__View-sc-1m6tc2l-3 cblkwV\">\n<td class=\"src__Text-sc-1m6tc2l-4 kBDbsy\">Entidade<\/td>\n<td class=\"src__Text-sc-1m6tc2l-4 kBDbsy\">Microfone<\/td>\n<\/tr>\n<tr class=\"src__View-sc-1m6tc2l-3 cblkwV\">\n<td class=\"src__Text-sc-1m6tc2l-4 kBDbsy\">Fonte do produto<\/td>\n<td class=\"src__Text-sc-1m6tc2l-4 kBDbsy\">Microfone<\/td>\n<\/tr>\n<tr class=\"src__View-sc-1m6tc2l-3 cblkwV\">\n<td class=\"src__Text-sc-1m6tc2l-4 kBDbsy\">Marca<\/td>\n<td class=\"src__Text-sc-1m6tc2l-4 kBDbsy\">Wvngr<\/td>\n<\/tr>\n<tr class=\"src__View-sc-1m6tc2l-3 cblkwV\">\n<td class=\"src__Text-sc-1m6tc2l-4 kBDbsy\">Marca<\/td>\n<td class=\"src__Text-sc-1m6tc2l-4 kBDbsy\">Wvngr<\/td>\n<\/tr>\n<tr class=\"src__View-sc-1m6tc2l-3 cblkwV\">\n<td class=\"src__Text-sc-1m6tc2l-4 kBDbsy\">Padr\u00f5es polares<\/td>\n<td class=\"src__Text-sc-1m6tc2l-4 kBDbsy\">Cardi\u00f3ide<\/td>\n<\/tr>\n<tr class=\"src__View-sc-1m6tc2l-3 cblkwV\">\n<td class=\"src__Text-sc-1m6tc2l-4 kBDbsy\">Tipo Conex\u00e3o<\/td>\n<td class=\"src__Text-sc-1m6tc2l-4 kBDbsy\">Com fio<\/td>\n<\/tr>\n<tr class=\"src__View-sc-1m6tc2l-3 cblkwV\">\n<td class=\"src__Text-sc-1m6tc2l-4 kBDbsy\">Tipo de instrumento<\/td>\n<td class=\"src__Text-sc-1m6tc2l-4 kBDbsy\">Microfone<\/td>\n<\/tr>\n<tr class=\"src__View-sc-1m6tc2l-3 cblkwV\">\n<td class=\"src__Text-sc-1m6tc2l-4 kBDbsy\">Usos adequados<\/td>\n<td class=\"src__Text-sc-1m6tc2l-4 kBDbsy\">Profissional<\/td>\n<\/tr>\n<tr class=\"src__View-sc-1m6tc2l-3 cblkwV\">\n<td class=\"src__Text-sc-1m6tc2l-4 kBDbsy\">Altura maxima<\/td>\n<td class=\"src__Text-sc-1m6tc2l-4 kBDbsy\">A<\/td>\n<\/tr>\n<tr class=\"src__View-sc-1m6tc2l-3 cblkwV\">\n<td class=\"src__Text-sc-1m6tc2l-4 kBDbsy\">Angell 355ml<\/td>\n<td class=\"src__Text-sc-1m6tc2l-4 kBDbsy\">De<\/td>\n<\/tr>\n<tr class=\"src__View-sc-1m6tc2l-3 cblkwV\">\n<td class=\"src__Text-sc-1m6tc2l-4 kBDbsy\">Caracteristicas<\/td>\n<td class=\"src__Text-sc-1m6tc2l-4 kBDbsy\">Microfone<\/td>\n<\/tr>\n<tr class=\"src__View-sc-1m6tc2l-3 cblkwV\">\n<td class=\"src__Text-sc-1m6tc2l-4 kBDbsy\">Cardioide<\/td>\n<td class=\"src__Text-sc-1m6tc2l-4 kBDbsy\">Com fio<\/td>\n<\/tr>\n<tr class=\"src__View-sc-1m6tc2l-3 cblkwV\">\n<td class=\"src__Text-sc-1m6tc2l-4 kBDbsy\">Cor<\/td>\n<td class=\"src__Text-sc-1m6tc2l-4 kBDbsy\">Padr\u00e3o<\/td>\n<\/tr>\n<tr class=\"src__View-sc-1m6tc2l-3 cblkwV\">\n<td class=\"src__Text-sc-1m6tc2l-4 kBDbsy\">Linha<\/td>\n<td class=\"src__Text-sc-1m6tc2l-4 kBDbsy\">Profissional<\/td>\n<\/tr>\n<tr class=\"src__View-sc-1m6tc2l-3 cblkwV\">\n<td class=\"src__Text-sc-1m6tc2l-4 kBDbsy\">Microfone com fio<\/td>\n<td class=\"src__Text-sc-1m6tc2l-4 kBDbsy\">Microfone<\/td>\n<\/tr>\n<tr class=\"src__View-sc-1m6tc2l-3 cblkwV\">\n<td class=\"src__Text-sc-1m6tc2l-4 kBDbsy\">Modelo<\/td>\n<td class=\"src__Text-sc-1m6tc2l-4 kBDbsy\">M58<\/td>\n<\/tr>\n<tr class=\"src__View-sc-1m6tc2l-3 cblkwV\">\n<td class=\"src__Text-sc-1m6tc2l-4 kBDbsy\">Padrao polar<\/td>\n<td class=\"src__Text-sc-1m6tc2l-4 kBDbsy\">Cardi\u00f3ide<\/td>\n<\/tr>\n<tr class=\"src__View-sc-1m6tc2l-3 cblkwV\">\n<td class=\"src__Text-sc-1m6tc2l-4 kBDbsy\">Polaridade<\/td>\n<td class=\"src__Text-sc-1m6tc2l-4 kBDbsy\">Cardi\u00f3ide<\/td>\n<\/tr>\n<tr class=\"src__View-sc-1m6tc2l-3 cblkwV\">\n<td class=\"src__Text-sc-1m6tc2l-4 kBDbsy\">Quantidade de microfones<\/td>\n<td class=\"src__Text-sc-1m6tc2l-4 kBDbsy\">Um<\/td>\n<\/tr>\n<\/tbody>\n<\/table>\n<\/div>\n","protected":false},"excerpt":{"rendered":"<p>Microfone Wvngr M-58 Com Fio Profissional Igreja Palestras Com o microfone da wvngr voc\u00ea vai descobrir uma nova maneira de capturar e transmitir \u00e1udios. Reflex\u00e3o fiel da realidade Projetado para amortecer os choques e ru\u00eddos de manipula\u00e7\u00e3o. Totalmente din\u00e2mico, basta conect\u00e1-lo e come\u00e7ar a gravar. Um formato que combina com voc\u00ea Seu dinamismo o torna [&hellip;]\n","protected":false},"featured_media":29373,"comment_status":"open","ping_status":"closed","template":"","meta":{"_bbp_topic_count":0,"_bbp_reply_count":0,"_bbp_total_topic_count":0,"_bbp_total_reply_count":0,"_bbp_voice_count":0,"_bbp_anonymous_reply_count":0,"_bbp_topic_count_hidden":0,"_bbp_reply_count_hidden":0,"_bbp_forum_subforum_count":0,"_joinchat":[]},"product_brand":[],"product_cat":[110],"product_tag":[],"class_list":{"0":"post-29371","1":"product","2":"type-product","3":"status-publish","4":"has-post-thumbnail","6":"product_cat-microfones","8":"first","9":"instock","10":"taxable","11":"shipping-taxable","12":"purchasable","13":"product-type-simple"},"_links":{"self":[{"href":"https:\/\/www.saralinatacado.com.br\/loja\/wp-json\/wp\/v2\/product\/29371","targetHints":{"allow":["GET"]}}],"collection":[{"href":"https:\/\/www.saralinatacado.com.br\/loja\/wp-json\/wp\/v2\/product"}],"about":[{"href":"https:\/\/www.saralinatacado.com.br\/loja\/wp-json\/wp\/v2\/types\/product"}],"replies":[{"embeddable":true,"href":"https:\/\/www.saralinatacado.com.br\/loja\/wp-json\/wp\/v2\/comments?post=29371"}],"wp:featuredmedia":[{"embeddable":true,"href":"https:\/\/www.saralinatacado.com.br\/loja\/wp-json\/wp\/v2\/media\/29373"}],"wp:attachment":[{"href":"https:\/\/www.saralinatacado.com.br\/loja\/wp-json\/wp\/v2\/media?parent=29371"}],"wp:term":[{"taxonomy":"product_brand","embeddable":true,"href":"https:\/\/www.saralinatacado.com.br\/loja\/wp-json\/wp\/v2\/product_brand?post=29371"},{"taxonomy":"product_cat","embeddable":true,"href":"https:\/\/www.saralinatacado.com.br\/loja\/wp-json\/wp\/v2\/product_cat?post=29371"},{"taxonomy":"product_tag","embeddable":true,"href":"https:\/\/www.saralinatacado.com.br\/loja\/wp-json\/wp\/v2\/product_tag?post=29371"}],"curies":[{"name":"wp","href":"https:\/\/api.w.org\/{rel}","templated":true}]}}