{"id":29365,"date":"2023-09-30T13:59:54","date_gmt":"2023-09-30T13:59:54","guid":{"rendered":"https:\/\/www.saralinatacado.com.br\/loja\/?post_type=product&#038;p=29365"},"modified":"2023-09-30T14:01:08","modified_gmt":"2023-09-30T14:01:08","slug":"kit-carregador-veicular-turbo-smartzla-sac009c-2-usb-1-usb-c-cabo-usb-type-c","status":"publish","type":"product","link":"https:\/\/www.saralinatacado.com.br\/loja\/produto\/kit-carregador-veicular-turbo-smartzla-sac009c-2-usb-1-usb-c-cabo-usb-type-c\/","title":{"rendered":"Kit Carregador Veicular Turbo Smartzla SAC009C 2 Usb \/ 1 Usb C + Cabo Usb Type C"},"content":{"rendered":"<div id=\"product-description\">\n<div class=\"content\">\n<p>O carregador veicular com 2 portas Usb converte o acendedor 12V do seu ve\u00edculo em uma fonte de alimenta\u00e7\u00e3o 5V. Possui design compacto e 2 sa\u00eddas USB de 3.4A e 1 sa\u00edda USB-C<\/p>\n<p>Especifica\u00e7\u00f5es do Produto<\/p>\n<p>Peso Aproximado: 76 gramas<\/p>\n<p>Compatibilidade do Cabo: LG Nexus 5x; Xiaomi Mi 4C; Xiaomi Mi 5; Microsoft Lumia 950\/950XL; LG V20; LG G5; HTC10; Moto Z\/ Z Force; Zenfone 3\/ 3 Deluxe; 3 Ultra; Lenovo Zuk Z1, Lenovo Z2 Plus, etc.<\/p>\n<p>Tamanho Aproximado do Cabo: 1,2 Metros<\/p>\n<p>Dc input: 12V-24V ~ 1.5A<\/p>\n<p>Dc output: 5V\/3.4A<\/p>\n<p>Modelo: SAC009C<\/p>\n<p>Conte\u00fado da Embalagem:<\/p>\n<p>1 Kit Carregador Veicular Turbo Smartzla SAC009C 2 Usb \/ 1 Usb C + Cabo Usb Type C<\/p>\n<p>1 Cabo Usb Type C<\/p>\n<p>&nbsp;<\/p>\n<\/div>\n<\/div>\n<div id=\"product-description\"><\/div>\n","protected":false},"excerpt":{"rendered":"<p>O carregador veicular com 2 portas Usb converte o acendedor 12V do seu ve\u00edculo em uma fonte de alimenta\u00e7\u00e3o 5V. Possui design compacto e 2 sa\u00eddas USB de 3.4A e 1 sa\u00edda USB-C Especifica\u00e7\u00f5es do Produto Peso Aproximado: 76 gramas Compatibilidade do Cabo: LG Nexus 5x; Xiaomi Mi 4C; Xiaomi Mi 5; Microsoft Lumia 950\/950XL; [&hellip;]\n","protected":false},"featured_media":29369,"comment_status":"open","ping_status":"closed","template":"","meta":{"_bbp_topic_count":0,"_bbp_reply_count":0,"_bbp_total_topic_count":0,"_bbp_total_reply_count":0,"_bbp_voice_count":0,"_bbp_anonymous_reply_count":0,"_bbp_topic_count_hidden":0,"_bbp_reply_count_hidden":0,"_bbp_forum_subforum_count":0,"_joinchat":[]},"product_brand":[],"product_cat":[208],"product_tag":[],"class_list":{"0":"post-29365","1":"product","2":"type-product","3":"status-publish","4":"has-post-thumbnail","6":"product_cat-carregadores","8":"first","9":"instock","10":"taxable","11":"shipping-taxable","12":"purchasable","13":"product-type-simple"},"_links":{"self":[{"href":"https:\/\/www.saralinatacado.com.br\/loja\/wp-json\/wp\/v2\/product\/29365","targetHints":{"allow":["GET"]}}],"collection":[{"href":"https:\/\/www.saralinatacado.com.br\/loja\/wp-json\/wp\/v2\/product"}],"about":[{"href":"https:\/\/www.saralinatacado.com.br\/loja\/wp-json\/wp\/v2\/types\/product"}],"replies":[{"embeddable":true,"href":"https:\/\/www.saralinatacado.com.br\/loja\/wp-json\/wp\/v2\/comments?post=29365"}],"wp:featuredmedia":[{"embeddable":true,"href":"https:\/\/www.saralinatacado.com.br\/loja\/wp-json\/wp\/v2\/media\/29369"}],"wp:attachment":[{"href":"https:\/\/www.saralinatacado.com.br\/loja\/wp-json\/wp\/v2\/media?parent=29365"}],"wp:term":[{"taxonomy":"product_brand","embeddable":true,"href":"https:\/\/www.saralinatacado.com.br\/loja\/wp-json\/wp\/v2\/product_brand?post=29365"},{"taxonomy":"product_cat","embeddable":true,"href":"https:\/\/www.saralinatacado.com.br\/loja\/wp-json\/wp\/v2\/product_cat?post=29365"},{"taxonomy":"product_tag","embeddable":true,"href":"https:\/\/www.saralinatacado.com.br\/loja\/wp-json\/wp\/v2\/product_tag?post=29365"}],"curies":[{"name":"wp","href":"https:\/\/api.w.org\/{rel}","templated":true}]}}