{"id":29354,"date":"2023-09-30T13:32:02","date_gmt":"2023-09-30T13:32:02","guid":{"rendered":"https:\/\/www.saralinatacado.com.br\/loja\/?post_type=product&#038;p=29354"},"modified":"2023-09-30T13:32:55","modified_gmt":"2023-09-30T13:32:55","slug":"fonte-carregador-de-notebook-lenovo-pino-quadrado-20v-3-25a-65w-ft103-bringit","status":"publish","type":"product","link":"https:\/\/www.saralinatacado.com.br\/loja\/produto\/fonte-carregador-de-notebook-lenovo-pino-quadrado-20v-3-25a-65w-ft103-bringit\/","title":{"rendered":"Fonte Carregador de Notebook Lenovo Pino Quadrado 20V 3.25A 65W -FT103 &#8211; BRINGIT"},"content":{"rendered":"<p>Efici\u00eancia e praticidade, funciona como fonte extra para quem precisa de mobilidade para cumprir as tarefas do dia-a-dia, permitindo que o usu\u00e1rio tenha fontes em locais diferentes, como em casa e no trabalho, transportando apenas o notebook.<br \/>\nCaracter\u00edsticas T\u00e9cnicas:<br \/>\nVoltagem: 20v<br \/>\nCorrente: 3.25a<br \/>\nPot\u00eancia: 65W<br \/>\nCabo de energia: 1 metro<br \/>\nDi\u00e2metro externo pino 7.9mm<br \/>\nDi\u00e2metro interno pino 5.5mm<br \/>\nVoltagem de opera\u00e7\u00e3o: bivolt autom\u00e1tica (100-240VAC)<br \/>\nProte\u00e7\u00e3o contra sobrecarga: sim<br \/>\nProte\u00e7\u00e3o contra excesso de corrente: sim<br \/>\nProte\u00e7\u00e3o contra excesso de temperatura: sim<br \/>\nSistema de regula\u00e7\u00e3o de tens\u00e3o: sim<br \/>\nTemperatura de opera\u00e7\u00e3o: 0-40 graus C<\/p>\n","protected":false},"excerpt":{"rendered":"<p>Efici\u00eancia e praticidade, funciona como fonte extra para quem precisa de mobilidade para cumprir as tarefas do dia-a-dia, permitindo que o usu\u00e1rio tenha fontes em locais diferentes, como em casa e no trabalho, transportando apenas o notebook. Caracter\u00edsticas T\u00e9cnicas: Voltagem: 20v Corrente: 3.25a Pot\u00eancia: 65W Cabo de energia: 1 metro Di\u00e2metro externo pino 7.9mm Di\u00e2metro [&hellip;]\n","protected":false},"featured_media":29356,"comment_status":"open","ping_status":"closed","template":"","meta":{"_bbp_topic_count":0,"_bbp_reply_count":0,"_bbp_total_topic_count":0,"_bbp_total_reply_count":0,"_bbp_voice_count":0,"_bbp_anonymous_reply_count":0,"_bbp_topic_count_hidden":0,"_bbp_reply_count_hidden":0,"_bbp_forum_subforum_count":0,"_joinchat":[]},"product_brand":[],"product_cat":[100,208],"product_tag":[],"class_list":{"0":"post-29354","1":"product","2":"type-product","3":"status-publish","4":"has-post-thumbnail","6":"product_cat-alimentacao","7":"product_cat-carregadores","9":"first","10":"instock","11":"taxable","12":"shipping-taxable","13":"purchasable","14":"product-type-simple"},"_links":{"self":[{"href":"https:\/\/www.saralinatacado.com.br\/loja\/wp-json\/wp\/v2\/product\/29354","targetHints":{"allow":["GET"]}}],"collection":[{"href":"https:\/\/www.saralinatacado.com.br\/loja\/wp-json\/wp\/v2\/product"}],"about":[{"href":"https:\/\/www.saralinatacado.com.br\/loja\/wp-json\/wp\/v2\/types\/product"}],"replies":[{"embeddable":true,"href":"https:\/\/www.saralinatacado.com.br\/loja\/wp-json\/wp\/v2\/comments?post=29354"}],"wp:featuredmedia":[{"embeddable":true,"href":"https:\/\/www.saralinatacado.com.br\/loja\/wp-json\/wp\/v2\/media\/29356"}],"wp:attachment":[{"href":"https:\/\/www.saralinatacado.com.br\/loja\/wp-json\/wp\/v2\/media?parent=29354"}],"wp:term":[{"taxonomy":"product_brand","embeddable":true,"href":"https:\/\/www.saralinatacado.com.br\/loja\/wp-json\/wp\/v2\/product_brand?post=29354"},{"taxonomy":"product_cat","embeddable":true,"href":"https:\/\/www.saralinatacado.com.br\/loja\/wp-json\/wp\/v2\/product_cat?post=29354"},{"taxonomy":"product_tag","embeddable":true,"href":"https:\/\/www.saralinatacado.com.br\/loja\/wp-json\/wp\/v2\/product_tag?post=29354"}],"curies":[{"name":"wp","href":"https:\/\/api.w.org\/{rel}","templated":true}]}}