{"id":29343,"date":"2023-09-30T13:21:12","date_gmt":"2023-09-30T13:21:12","guid":{"rendered":"https:\/\/www.saralinatacado.com.br\/loja\/?post_type=product&#038;p=29343"},"modified":"2023-09-30T13:21:12","modified_gmt":"2023-09-30T13:21:12","slug":"fonte-carregador-para-notebook-hp-18-5v-3-5a-65w","status":"publish","type":"product","link":"https:\/\/www.saralinatacado.com.br\/loja\/produto\/fonte-carregador-para-notebook-hp-18-5v-3-5a-65w\/","title":{"rendered":"Fonte Carregador para Notebook HP 18.5V 3.5A 65W"},"content":{"rendered":"<p>Marca: HP<br \/>\nCor: Preta<br \/>\nLinha: Pavilion<br \/>\nModelo: 18.5V 3.5A Pino Amarelo<br \/>\nPot\u00eancia: 65W<br \/>\nAmperes de sa\u00edda: 3.5A<br \/>\nVoltagem de sa\u00edda: 18.5V 3.5A<br \/>\nConector de sa\u00edda: 7.4mm x 5.0mm<\/p>\n<h2>Compatibilidade<\/h2>\n<ul>\n<li>Pavilion<\/li>\n<\/ul>\n<h2>Bivolt<\/h2>\n<p>Input: 100V-240V 50\/60Hz<br \/>\nSa\u00edda Output: 18.5v 3.5A &#8211; Bivolt<br \/>\nDi\u00e2metro Interno do Pino: 5.0mm<br \/>\nDi\u00e2metro Externo do Pino: 7.4mm<br \/>\nVoltagem: 18.5v Amperagem: 3.5a<\/p>\n","protected":false},"excerpt":{"rendered":"<p>Marca: HP Cor: Preta Linha: Pavilion Modelo: 18.5V 3.5A Pino Amarelo Pot\u00eancia: 65W Amperes de sa\u00edda: 3.5A Voltagem de sa\u00edda: 18.5V 3.5A Conector de sa\u00edda: 7.4mm x 5.0mm Compatibilidade Pavilion Bivolt Input: 100V-240V 50\/60Hz Sa\u00edda Output: 18.5v 3.5A &#8211; Bivolt Di\u00e2metro Interno do Pino: 5.0mm Di\u00e2metro Externo do Pino: 7.4mm Voltagem: 18.5v Amperagem: 3.5a<\/p>\n","protected":false},"featured_media":29345,"comment_status":"open","ping_status":"closed","template":"","meta":{"_bbp_topic_count":0,"_bbp_reply_count":0,"_bbp_total_topic_count":0,"_bbp_total_reply_count":0,"_bbp_voice_count":0,"_bbp_anonymous_reply_count":0,"_bbp_topic_count_hidden":0,"_bbp_reply_count_hidden":0,"_bbp_forum_subforum_count":0,"_joinchat":[]},"product_brand":[],"product_cat":[100,208],"product_tag":[],"class_list":{"0":"post-29343","1":"product","2":"type-product","3":"status-publish","4":"has-post-thumbnail","6":"product_cat-alimentacao","7":"product_cat-carregadores","9":"first","10":"instock","11":"taxable","12":"shipping-taxable","13":"purchasable","14":"product-type-simple"},"_links":{"self":[{"href":"https:\/\/www.saralinatacado.com.br\/loja\/wp-json\/wp\/v2\/product\/29343","targetHints":{"allow":["GET"]}}],"collection":[{"href":"https:\/\/www.saralinatacado.com.br\/loja\/wp-json\/wp\/v2\/product"}],"about":[{"href":"https:\/\/www.saralinatacado.com.br\/loja\/wp-json\/wp\/v2\/types\/product"}],"replies":[{"embeddable":true,"href":"https:\/\/www.saralinatacado.com.br\/loja\/wp-json\/wp\/v2\/comments?post=29343"}],"wp:featuredmedia":[{"embeddable":true,"href":"https:\/\/www.saralinatacado.com.br\/loja\/wp-json\/wp\/v2\/media\/29345"}],"wp:attachment":[{"href":"https:\/\/www.saralinatacado.com.br\/loja\/wp-json\/wp\/v2\/media?parent=29343"}],"wp:term":[{"taxonomy":"product_brand","embeddable":true,"href":"https:\/\/www.saralinatacado.com.br\/loja\/wp-json\/wp\/v2\/product_brand?post=29343"},{"taxonomy":"product_cat","embeddable":true,"href":"https:\/\/www.saralinatacado.com.br\/loja\/wp-json\/wp\/v2\/product_cat?post=29343"},{"taxonomy":"product_tag","embeddable":true,"href":"https:\/\/www.saralinatacado.com.br\/loja\/wp-json\/wp\/v2\/product_tag?post=29343"}],"curies":[{"name":"wp","href":"https:\/\/api.w.org\/{rel}","templated":true}]}}