{"id":29339,"date":"2023-09-30T13:18:23","date_gmt":"2023-09-30T13:18:23","guid":{"rendered":"https:\/\/www.saralinatacado.com.br\/loja\/?post_type=product&#038;p=29339"},"modified":"2023-09-30T13:18:55","modified_gmt":"2023-09-30T13:18:55","slug":"fonte-carregador-notebook-hp-compaq-185v-352a-pino-amarelo","status":"publish","type":"product","link":"https:\/\/www.saralinatacado.com.br\/loja\/produto\/fonte-carregador-notebook-hp-compaq-185v-352a-pino-amarelo\/","title":{"rendered":"FONTE CARREGADOR NOTEBOOK HP\/COMPAQ 18,5V 3,52A PINO AMARELO"},"content":{"rendered":"<p>Caracter\u00edsticas T\u00e9cnicas:<\/p>\n<p>Voltagem de Entrada: 100 &#8211; 240V (Bivolt Autom\u00e1tico)<br \/>\nVoltagem de Sa\u00edda: 18,5V<br \/>\nAmperagem M\u00e1xima: 3.5A<br \/>\nPotencia Total: 65W<br \/>\nTamanho do Plug (mm): 4,8 mm x 1,7 mm<br \/>\nCor: Preto<\/p>\n","protected":false},"excerpt":{"rendered":"<p>Caracter\u00edsticas T\u00e9cnicas: Voltagem de Entrada: 100 &#8211; 240V (Bivolt Autom\u00e1tico) Voltagem de Sa\u00edda: 18,5V Amperagem M\u00e1xima: 3.5A Potencia Total: 65W Tamanho do Plug (mm): 4,8 mm x 1,7 mm Cor: Preto<\/p>\n","protected":false},"featured_media":29341,"comment_status":"open","ping_status":"closed","template":"","meta":{"_bbp_topic_count":0,"_bbp_reply_count":0,"_bbp_total_topic_count":0,"_bbp_total_reply_count":0,"_bbp_voice_count":0,"_bbp_anonymous_reply_count":0,"_bbp_topic_count_hidden":0,"_bbp_reply_count_hidden":0,"_bbp_forum_subforum_count":0,"_joinchat":[]},"product_brand":[],"product_cat":[100,208],"product_tag":[],"class_list":{"0":"post-29339","1":"product","2":"type-product","3":"status-publish","4":"has-post-thumbnail","6":"product_cat-alimentacao","7":"product_cat-carregadores","9":"first","10":"instock","11":"taxable","12":"shipping-taxable","13":"purchasable","14":"product-type-simple"},"_links":{"self":[{"href":"https:\/\/www.saralinatacado.com.br\/loja\/wp-json\/wp\/v2\/product\/29339","targetHints":{"allow":["GET"]}}],"collection":[{"href":"https:\/\/www.saralinatacado.com.br\/loja\/wp-json\/wp\/v2\/product"}],"about":[{"href":"https:\/\/www.saralinatacado.com.br\/loja\/wp-json\/wp\/v2\/types\/product"}],"replies":[{"embeddable":true,"href":"https:\/\/www.saralinatacado.com.br\/loja\/wp-json\/wp\/v2\/comments?post=29339"}],"wp:featuredmedia":[{"embeddable":true,"href":"https:\/\/www.saralinatacado.com.br\/loja\/wp-json\/wp\/v2\/media\/29341"}],"wp:attachment":[{"href":"https:\/\/www.saralinatacado.com.br\/loja\/wp-json\/wp\/v2\/media?parent=29339"}],"wp:term":[{"taxonomy":"product_brand","embeddable":true,"href":"https:\/\/www.saralinatacado.com.br\/loja\/wp-json\/wp\/v2\/product_brand?post=29339"},{"taxonomy":"product_cat","embeddable":true,"href":"https:\/\/www.saralinatacado.com.br\/loja\/wp-json\/wp\/v2\/product_cat?post=29339"},{"taxonomy":"product_tag","embeddable":true,"href":"https:\/\/www.saralinatacado.com.br\/loja\/wp-json\/wp\/v2\/product_tag?post=29339"}],"curies":[{"name":"wp","href":"https:\/\/api.w.org\/{rel}","templated":true}]}}